{"id":988,"date":"2016-12-03T15:04:39","date_gmt":"2016-12-03T15:04:39","guid":{"rendered":"http:\/\/eritreischer-medienbund.ch\/?page_id=988"},"modified":"2024-04-22T09:28:58","modified_gmt":"2024-04-22T09:28:58","slug":"abdulrazek-seid","status":"publish","type":"page","link":"https:\/\/eritreischer-medienbund.ch\/wordpress\/blackbox-eritrea\/open-the-blackbox-meet-the-experts\/abdulrazek-seid\/","title":{"rendered":"Abdulrazek Seid"},"content":{"rendered":"<div class=\"row\">\n<div class=\"col-md-4\">\n<div id=\"attachment_575\" class=\"wp-caption alignleft\" style=\"width: 300px\"><img loading=\"lazy\" decoding=\"async\" class=\"size-medium wp-image-575\" src=\"https:\/\/eritreischer-medienbund.ch\/wordpress\/wp-content\/uploads\/2016\/10\/20161016-131052-blackbox-300x300.jpg\" alt=\"Abdulrazek Seid (*1986) Eritreische Geheimgef\u00e4ngnisse aus der Sicht eines Zeugen.\" width=\"300\" height=\"300\" srcset=\"https:\/\/eritreischer-medienbund.ch\/wordpress\/wp-content\/uploads\/2016\/10\/20161016-131052-blackbox-300x300.jpg 300w, https:\/\/eritreischer-medienbund.ch\/wordpress\/wp-content\/uploads\/2016\/10\/20161016-131052-blackbox-150x150.jpg 150w, https:\/\/eritreischer-medienbund.ch\/wordpress\/wp-content\/uploads\/2016\/10\/20161016-131052-blackbox-768x768.jpg 768w, https:\/\/eritreischer-medienbund.ch\/wordpress\/wp-content\/uploads\/2016\/10\/20161016-131052-blackbox-1024x1024.jpg 1024w, https:\/\/eritreischer-medienbund.ch\/wordpress\/wp-content\/uploads\/2016\/10\/20161016-131052-blackbox.jpg 1536w\" sizes=\"auto, (max-width: 300px) 100vw, 300px\" \/><p class=\"wp-caption-text\">Abdulrazek Seid \u2013 Eritreische Geheimgef\u00e4ngnisse aus der Sicht eines Zeugen.<\/p><\/div>\n<\/div>\n<div class=\"col-md-8\">Noch in der Sekundarschule wird Abdulrazek Seid w\u00e4hrend der Sommerferien vom Geheimdienst v\u00f6llig \u00fcberraschend gefangen genommen und verbringt mehr als ein Jahr in verschiedenen Gef\u00e4ngnissen, auch in Geheimgef\u00e4ngnissen. Weshalb, das bleibt unklar: \u201eIch war schon w\u00e4hrend meiner Schulzeit kritisch gegen\u00fcber der Politik meines Landes. Das muss aufgefallen sein.\u201c Dass politische Gr\u00fcnde etwas mit seiner Verhaftung zu tun haben, erf\u00e4hrt Seid erst nach rund sechs Monaten. In der Zwischenzeit hat er aber die unmenschlichen Zust\u00e4nde der eritreischen Gef\u00e4ngnissen hautnah erlebt. Er h\u00e4tte sich nie gedacht, dass so viele Menschen im Gef\u00e4ngnis sind. Nach seiner Flucht will er nur eines: Der Welt erz\u00e4hlen, was dort passiert. Am 16. Oktober erz\u00e4hlt Abdulrazek Seid, Mitbegr\u00fcnder des schweizerischen Ablegers von Eritrean Youth Movement for Change (EYMC) und seither weltweit stark mit den politischen F\u00fchrern vieler Bewegungen vernetzt, von eritreischen Geheimgef\u00e4ngnissen und davon, wie er durch seine starke Empathie und diplomatischen F\u00e4higkeiten auf dem Weg ist, die Jugendbewegungen zur Zusammenarbeit zu einen. DEU, ENG, ARAB, TIG<\/div>\n<\/div>\n","protected":false},"excerpt":{"rendered":"<p>Noch in der Sekundarschule wird Abdulrazek Seid w\u00e4hrend der Sommerferien vom Geheimdienst v\u00f6llig \u00fcberraschend gefangen genommen und verbringt mehr als ein Jahr in verschiedenen Gef\u00e4ngnissen, auch in Geheimgef\u00e4ngnissen. Weshalb, das bleibt unklar: \u201eIch war schon w\u00e4hrend meiner Schulzeit kritisch gegen\u00fcber der Politik meines Landes. Das muss aufgefallen sein.\u201c Dass politische Gr\u00fcnde etwas mit seiner Verhaftung [&hellip;]<\/p>\n","protected":false},"author":11,"featured_media":0,"parent":601,"menu_order":0,"comment_status":"closed","ping_status":"closed","template":"","meta":{"footnotes":""},"class_list":["post-988","page","type-page","status-publish","hentry"],"jetpack_sharing_enabled":true,"_links":{"self":[{"href":"https:\/\/eritreischer-medienbund.ch\/wordpress\/wp-json\/wp\/v2\/pages\/988","targetHints":{"allow":["GET"]}}],"collection":[{"href":"https:\/\/eritreischer-medienbund.ch\/wordpress\/wp-json\/wp\/v2\/pages"}],"about":[{"href":"https:\/\/eritreischer-medienbund.ch\/wordpress\/wp-json\/wp\/v2\/types\/page"}],"author":[{"embeddable":true,"href":"https:\/\/eritreischer-medienbund.ch\/wordpress\/wp-json\/wp\/v2\/users\/11"}],"replies":[{"embeddable":true,"href":"https:\/\/eritreischer-medienbund.ch\/wordpress\/wp-json\/wp\/v2\/comments?post=988"}],"version-history":[{"count":3,"href":"https:\/\/eritreischer-medienbund.ch\/wordpress\/wp-json\/wp\/v2\/pages\/988\/revisions"}],"predecessor-version":[{"id":3400,"href":"https:\/\/eritreischer-medienbund.ch\/wordpress\/wp-json\/wp\/v2\/pages\/988\/revisions\/3400"}],"up":[{"embeddable":true,"href":"https:\/\/eritreischer-medienbund.ch\/wordpress\/wp-json\/wp\/v2\/pages\/601"}],"wp:attachment":[{"href":"https:\/\/eritreischer-medienbund.ch\/wordpress\/wp-json\/wp\/v2\/media?parent=988"}],"curies":[{"name":"wp","href":"https:\/\/api.w.org\/{rel}","templated":true}]}}