{"id":965,"date":"2016-11-29T22:56:11","date_gmt":"2016-11-29T22:56:11","guid":{"rendered":"http:\/\/eritreischer-medienbund.ch\/?page_id=965"},"modified":"2016-12-09T00:42:52","modified_gmt":"2016-12-09T00:42:52","slug":"andreas-zumach","status":"publish","type":"page","link":"https:\/\/eritreischer-medienbund.ch\/wordpress\/blackbox-eritrea\/open-the-blackbox-meet-the-experts\/andreas-zumach\/","title":{"rendered":"Andreas Zumach"},"content":{"rendered":"<div class=\"row\">\n<div class=\"col-md-4\">\n<div id=\"attachment_571\" class=\"wp-caption alignleft\" style=\"width: 300px\"><img loading=\"lazy\" decoding=\"async\" src=\"https:\/\/eritreischer-medienbund.ch\/wordpress\/wp-content\/uploads\/2016\/10\/20161015-193650-blackbox-300x300.jpg\" alt=\"Journalist und UNO-Beobachter, studierte an der Universit\u00e4t K\u00f6ln Volkswirtschaft und Journalismus.\" width=\"300\" height=\"300\" class=\"size-medium wp-image-571\" srcset=\"https:\/\/eritreischer-medienbund.ch\/wordpress\/wp-content\/uploads\/2016\/10\/20161015-193650-blackbox-300x300.jpg 300w, https:\/\/eritreischer-medienbund.ch\/wordpress\/wp-content\/uploads\/2016\/10\/20161015-193650-blackbox-150x150.jpg 150w, https:\/\/eritreischer-medienbund.ch\/wordpress\/wp-content\/uploads\/2016\/10\/20161015-193650-blackbox-768x768.jpg 768w, https:\/\/eritreischer-medienbund.ch\/wordpress\/wp-content\/uploads\/2016\/10\/20161015-193650-blackbox-1024x1024.jpg 1024w, https:\/\/eritreischer-medienbund.ch\/wordpress\/wp-content\/uploads\/2016\/10\/20161015-193650-blackbox.jpg 1536w\" sizes=\"auto, (max-width: 300px) 100vw, 300px\" \/><p class=\"wp-caption-text\">Journalist und UNO-Beobachter, studierte an der Universit\u00e4t K\u00f6ln Volkswirtschaft und Journalismus.<\/p><\/div>\n<\/div>\n<div class=\"col-md-8\">\nAndreas Zumach arbeitet in den Bereichen des V\u00f6lkerrechts, der Menschenrechts- und Sicherheitspolitik, der R\u00fcstungskontrolle und internationaler Organisationen. Am Genfer UNO-Sitz ist Andreas Zumach als Korrespondent f\u00fcr diverse deutschsprachige Tageszeitungen, f\u00fcr Radio und Fernsehen t\u00e4tig. 2009 wurde ihm der G\u00f6ttinger Friedenspreis verliehen. 2015 erschien sein neustes Buch \u00abGlobales Chaos \u2013 machtlose UNO: Ist die Weltorganisation \u00fcberfl\u00fcssig\u00bb.\n<\/div>\n<\/div>\n","protected":false},"excerpt":{"rendered":"<p>Andreas Zumach arbeitet in den Bereichen des V\u00f6lkerrechts, der Menschenrechts- und Sicherheitspolitik, der R\u00fcstungskontrolle und internationaler Organisationen. Am Genfer UNO-Sitz ist Andreas Zumach als Korrespondent f\u00fcr diverse deutschsprachige Tageszeitungen, f\u00fcr Radio und Fernsehen t\u00e4tig. 2009 wurde ihm der G\u00f6ttinger Friedenspreis verliehen. 2015 erschien sein neustes Buch \u00abGlobales Chaos \u2013 machtlose UNO: Ist die Weltorganisation \u00fcberfl\u00fcssig\u00bb.<\/p>\n","protected":false},"author":11,"featured_media":0,"parent":601,"menu_order":0,"comment_status":"closed","ping_status":"closed","template":"","meta":{"footnotes":""},"class_list":["post-965","page","type-page","status-publish","hentry"],"jetpack_sharing_enabled":true,"_links":{"self":[{"href":"https:\/\/eritreischer-medienbund.ch\/wordpress\/wp-json\/wp\/v2\/pages\/965","targetHints":{"allow":["GET"]}}],"collection":[{"href":"https:\/\/eritreischer-medienbund.ch\/wordpress\/wp-json\/wp\/v2\/pages"}],"about":[{"href":"https:\/\/eritreischer-medienbund.ch\/wordpress\/wp-json\/wp\/v2\/types\/page"}],"author":[{"embeddable":true,"href":"https:\/\/eritreischer-medienbund.ch\/wordpress\/wp-json\/wp\/v2\/users\/11"}],"replies":[{"embeddable":true,"href":"https:\/\/eritreischer-medienbund.ch\/wordpress\/wp-json\/wp\/v2\/comments?post=965"}],"version-history":[{"count":1,"href":"https:\/\/eritreischer-medienbund.ch\/wordpress\/wp-json\/wp\/v2\/pages\/965\/revisions"}],"predecessor-version":[{"id":966,"href":"https:\/\/eritreischer-medienbund.ch\/wordpress\/wp-json\/wp\/v2\/pages\/965\/revisions\/966"}],"up":[{"embeddable":true,"href":"https:\/\/eritreischer-medienbund.ch\/wordpress\/wp-json\/wp\/v2\/pages\/601"}],"wp:attachment":[{"href":"https:\/\/eritreischer-medienbund.ch\/wordpress\/wp-json\/wp\/v2\/media?parent=965"}],"curies":[{"name":"wp","href":"https:\/\/api.w.org\/{rel}","templated":true}]}}