{"id":963,"date":"2016-11-29T22:55:18","date_gmt":"2016-11-29T22:55:18","guid":{"rendered":"http:\/\/eritreischer-medienbund.ch\/?page_id=963"},"modified":"2024-04-22T09:32:37","modified_gmt":"2024-04-22T09:32:37","slug":"yonas-gebrehiwet","status":"publish","type":"page","link":"https:\/\/eritreischer-medienbund.ch\/wordpress\/blackbox-eritrea\/open-the-blackbox-meet-the-experts\/yonas-gebrehiwet\/","title":{"rendered":"Yonas Gebrehiwet"},"content":{"rendered":"<div class=\"row\">\n<div class=\"col-md-4\">\n<div id=\"attachment_572\" class=\"wp-caption alignleft\" style=\"width: 300px\"><img loading=\"lazy\" decoding=\"async\" class=\"size-medium wp-image-572\" src=\"https:\/\/eritreischer-medienbund.ch\/wordpress\/wp-content\/uploads\/2016\/10\/20161016-121309-blackbox-300x300.jpg\" alt=\"Yonas Gebrehiwet (*1996) Medien und Medienberichterstattung \u00fcber Eritrea in der Schweiz. \" width=\"300\" height=\"300\" srcset=\"https:\/\/eritreischer-medienbund.ch\/wordpress\/wp-content\/uploads\/2016\/10\/20161016-121309-blackbox-300x300.jpg 300w, https:\/\/eritreischer-medienbund.ch\/wordpress\/wp-content\/uploads\/2016\/10\/20161016-121309-blackbox-150x150.jpg 150w, https:\/\/eritreischer-medienbund.ch\/wordpress\/wp-content\/uploads\/2016\/10\/20161016-121309-blackbox-768x768.jpg 768w, https:\/\/eritreischer-medienbund.ch\/wordpress\/wp-content\/uploads\/2016\/10\/20161016-121309-blackbox-1024x1024.jpg 1024w, https:\/\/eritreischer-medienbund.ch\/wordpress\/wp-content\/uploads\/2016\/10\/20161016-121309-blackbox.jpg 1536w\" sizes=\"auto, (max-width: 300px) 100vw, 300px\" \/><p class=\"wp-caption-text\">Yonas Gebrehiwet \u2013 Medien und Medienberichterstattung \u00fcber Eritrea in der Schweiz.<\/p><\/div>\n<\/div>\n<div class=\"col-md-8\">Aarau, Herbst 2014: Ein eritreischer Asylbewerber attackiert in Aarau eine Frau. Danach \u00e4ndert sich das Bild der Eritreer*innen, das von den Schweizer Medien transportiert wird: \u00abDie Berichte und Kommentare \u00fcber eritreische Fl\u00fcchtlinge wurden sehr negativ. Leider hat man \u00fcber uns geschrieben, ohne mit uns zu sprechen.\u00bb Das wollte Yonas Gebrehiwet \u00e4ndern und wurde selbst aktiv. Eine Kolumne im Saiten-Magazin, Diskussionssendungen, Interviews und Berichte in Fernsehen und Zeitungen folgen. Mittlerweile kennt sich der ausgebildete Textiltechnologe gut aus im Umgang mit den Schweizer Medien. Von dieser Erfahrung und davon, welche Bedeutung und Ziele die Zusammenarbeit zwischen Medien und Migrant*innen hat, weiss der Neunzehnj\u00e4hrige, der selbst erst vor 5 Jahren in die Schweiz gekommen ist, Einiges, und wird dies am 16. Oktober im pers\u00f6nlichen Gespr\u00e4ch mit Dir teilen. DEU, TIG, EN<\/div>\n<\/div>\n","protected":false},"excerpt":{"rendered":"<p>Aarau, Herbst 2014: Ein eritreischer Asylbewerber attackiert in Aarau eine Frau. Danach \u00e4ndert sich das Bild der Eritreer*innen, das von den Schweizer Medien transportiert wird: \u00abDie Berichte und Kommentare \u00fcber eritreische Fl\u00fcchtlinge wurden sehr negativ. Leider hat man \u00fcber uns geschrieben, ohne mit uns zu sprechen.\u00bb Das wollte Yonas Gebrehiwet \u00e4ndern und wurde selbst aktiv. [&hellip;]<\/p>\n","protected":false},"author":11,"featured_media":0,"parent":601,"menu_order":0,"comment_status":"closed","ping_status":"closed","template":"","meta":{"footnotes":""},"class_list":["post-963","page","type-page","status-publish","hentry"],"jetpack_sharing_enabled":true,"_links":{"self":[{"href":"https:\/\/eritreischer-medienbund.ch\/wordpress\/wp-json\/wp\/v2\/pages\/963","targetHints":{"allow":["GET"]}}],"collection":[{"href":"https:\/\/eritreischer-medienbund.ch\/wordpress\/wp-json\/wp\/v2\/pages"}],"about":[{"href":"https:\/\/eritreischer-medienbund.ch\/wordpress\/wp-json\/wp\/v2\/types\/page"}],"author":[{"embeddable":true,"href":"https:\/\/eritreischer-medienbund.ch\/wordpress\/wp-json\/wp\/v2\/users\/11"}],"replies":[{"embeddable":true,"href":"https:\/\/eritreischer-medienbund.ch\/wordpress\/wp-json\/wp\/v2\/comments?post=963"}],"version-history":[{"count":2,"href":"https:\/\/eritreischer-medienbund.ch\/wordpress\/wp-json\/wp\/v2\/pages\/963\/revisions"}],"predecessor-version":[{"id":3418,"href":"https:\/\/eritreischer-medienbund.ch\/wordpress\/wp-json\/wp\/v2\/pages\/963\/revisions\/3418"}],"up":[{"embeddable":true,"href":"https:\/\/eritreischer-medienbund.ch\/wordpress\/wp-json\/wp\/v2\/pages\/601"}],"wp:attachment":[{"href":"https:\/\/eritreischer-medienbund.ch\/wordpress\/wp-json\/wp\/v2\/media?parent=963"}],"curies":[{"name":"wp","href":"https:\/\/api.w.org\/{rel}","templated":true}]}}