{"id":961,"date":"2016-11-29T22:54:15","date_gmt":"2016-11-29T22:54:15","guid":{"rendered":"http:\/\/eritreischer-medienbund.ch\/?page_id=961"},"modified":"2024-04-22T09:30:22","modified_gmt":"2024-04-22T09:30:22","slug":"semhar-gebrehiwet","status":"publish","type":"page","link":"https:\/\/eritreischer-medienbund.ch\/wordpress\/blackbox-eritrea\/open-the-blackbox-meet-the-experts\/semhar-gebrehiwet\/","title":{"rendered":"Semhar Gebrehiwet"},"content":{"rendered":"<div class=\"row\">\n<div class=\"col-md-4\">\n<div id=\"attachment_573\" class=\"wp-caption alignleft\" style=\"width: 300px\"><img loading=\"lazy\" decoding=\"async\" class=\"size-medium wp-image-573\" src=\"https:\/\/eritreischer-medienbund.ch\/wordpress\/wp-content\/uploads\/2016\/10\/20161016-124317-blackbox-300x300.jpg\" alt=\"Semhar Gebrehiwet (*1979) Wie k\u00f6nnen migrierte Frauen und M\u00fctter sich selbst helfen? Emigration und Integration als Frau, Mutter und Hausfrau.\" width=\"300\" height=\"300\" srcset=\"https:\/\/eritreischer-medienbund.ch\/wordpress\/wp-content\/uploads\/2016\/10\/20161016-124317-blackbox-300x300.jpg 300w, https:\/\/eritreischer-medienbund.ch\/wordpress\/wp-content\/uploads\/2016\/10\/20161016-124317-blackbox-150x150.jpg 150w, https:\/\/eritreischer-medienbund.ch\/wordpress\/wp-content\/uploads\/2016\/10\/20161016-124317-blackbox-768x768.jpg 768w, https:\/\/eritreischer-medienbund.ch\/wordpress\/wp-content\/uploads\/2016\/10\/20161016-124317-blackbox-1024x1024.jpg 1024w, https:\/\/eritreischer-medienbund.ch\/wordpress\/wp-content\/uploads\/2016\/10\/20161016-124317-blackbox.jpg 1536w\" sizes=\"auto, (max-width: 300px) 100vw, 300px\" \/><p class=\"wp-caption-text\">Semhar Gebrehiwet \u2013 Wie k\u00f6nnen migrierte Frauen und M\u00fctter sich selbst helfen? Emigration und Integration als Frau, Mutter und Hausfrau.<\/p><\/div>\n<\/div>\n<div class=\"col-md-8\">Was braucht es, damit Kinder mit Migrationshintergrund den erfolgreichen Sprung ins (Aus-)Bildungssystem schaffen? Starke Frauen und Eltern, findet Semhar Gebrehiwet. F\u00fcr die Eritreerin, die selbst ehrenamtlich beim preisgekr\u00f6nten Projekt Femmes-Tische und als Dolmetscherin arbeitet, steht fest: \u00abNur wenn M\u00fctter die M\u00f6glichkeit erhalten, sich hier zu vernetzen, kulturelle und sprachliche Kompetenzen zu erwerben, k\u00f6nnen sie ihre Kinder \u2013 und sich selbst \u2013 gen\u00fcgend auf ihrem Weg in der Schweizer Gesellschaft unterst\u00fctzen.\u00bb \u00dcber die Bedeutung von niederschwelligen Bildungsangeboten f\u00fcr Frauen und Eltern sowie \u00fcber ihre eigene Erfahrung als eritreische Mutter, die als Familiennachzug in die Schweiz gefl\u00fcchtet ist, kannst du am 16. Oktober mit Semhar Gebrehiwet bei \u00abMeet the Expert\u00bb diskutieren. DEU, TYG<\/div>\n<\/div>\n","protected":false},"excerpt":{"rendered":"<p>Was braucht es, damit Kinder mit Migrationshintergrund den erfolgreichen Sprung ins (Aus-)Bildungssystem schaffen? Starke Frauen und Eltern, findet Semhar Gebrehiwet. F\u00fcr die Eritreerin, die selbst ehrenamtlich beim preisgekr\u00f6nten Projekt Femmes-Tische und als Dolmetscherin arbeitet, steht fest: \u00abNur wenn M\u00fctter die M\u00f6glichkeit erhalten, sich hier zu vernetzen, kulturelle und sprachliche Kompetenzen zu erwerben, k\u00f6nnen sie ihre [&hellip;]<\/p>\n","protected":false},"author":11,"featured_media":0,"parent":601,"menu_order":0,"comment_status":"closed","ping_status":"closed","template":"","meta":{"footnotes":""},"class_list":["post-961","page","type-page","status-publish","hentry"],"jetpack_sharing_enabled":true,"_links":{"self":[{"href":"https:\/\/eritreischer-medienbund.ch\/wordpress\/wp-json\/wp\/v2\/pages\/961","targetHints":{"allow":["GET"]}}],"collection":[{"href":"https:\/\/eritreischer-medienbund.ch\/wordpress\/wp-json\/wp\/v2\/pages"}],"about":[{"href":"https:\/\/eritreischer-medienbund.ch\/wordpress\/wp-json\/wp\/v2\/types\/page"}],"author":[{"embeddable":true,"href":"https:\/\/eritreischer-medienbund.ch\/wordpress\/wp-json\/wp\/v2\/users\/11"}],"replies":[{"embeddable":true,"href":"https:\/\/eritreischer-medienbund.ch\/wordpress\/wp-json\/wp\/v2\/comments?post=961"}],"version-history":[{"count":2,"href":"https:\/\/eritreischer-medienbund.ch\/wordpress\/wp-json\/wp\/v2\/pages\/961\/revisions"}],"predecessor-version":[{"id":3404,"href":"https:\/\/eritreischer-medienbund.ch\/wordpress\/wp-json\/wp\/v2\/pages\/961\/revisions\/3404"}],"up":[{"embeddable":true,"href":"https:\/\/eritreischer-medienbund.ch\/wordpress\/wp-json\/wp\/v2\/pages\/601"}],"wp:attachment":[{"href":"https:\/\/eritreischer-medienbund.ch\/wordpress\/wp-json\/wp\/v2\/media?parent=961"}],"curies":[{"name":"wp","href":"https:\/\/api.w.org\/{rel}","templated":true}]}}