{"id":959,"date":"2016-11-29T22:53:22","date_gmt":"2016-11-29T22:53:22","guid":{"rendered":"http:\/\/eritreischer-medienbund.ch\/?page_id=959"},"modified":"2024-04-22T09:30:55","modified_gmt":"2024-04-22T09:30:55","slug":"peter-niggli","status":"publish","type":"page","link":"https:\/\/eritreischer-medienbund.ch\/wordpress\/blackbox-eritrea\/open-the-blackbox-meet-the-experts\/peter-niggli\/","title":{"rendered":"Peter Niggli"},"content":{"rendered":"<div class=\"row\">\n<div class=\"col-md-4\">\n<div id=\"attachment_574\" class=\"wp-caption alignleft\" style=\"width: 300px\"><img loading=\"lazy\" decoding=\"async\" class=\"size-medium wp-image-574\" src=\"https:\/\/eritreischer-medienbund.ch\/wordpress\/wp-content\/uploads\/2016\/10\/20161016-130940-blackbox-300x300.jpg\" alt=\"Peter Niggli (*1950) Eritreische Guerillak\u00e4mpfer und europ\u00e4ische Unterst\u00fctzungskomitees zur Zeiten des Unabh\u00e4ngigkeitskrieges von Eritrea.\" width=\"300\" height=\"300\" srcset=\"https:\/\/eritreischer-medienbund.ch\/wordpress\/wp-content\/uploads\/2016\/10\/20161016-130940-blackbox-300x300.jpg 300w, https:\/\/eritreischer-medienbund.ch\/wordpress\/wp-content\/uploads\/2016\/10\/20161016-130940-blackbox-150x150.jpg 150w, https:\/\/eritreischer-medienbund.ch\/wordpress\/wp-content\/uploads\/2016\/10\/20161016-130940-blackbox-768x768.jpg 768w, https:\/\/eritreischer-medienbund.ch\/wordpress\/wp-content\/uploads\/2016\/10\/20161016-130940-blackbox-1024x1024.jpg 1024w, https:\/\/eritreischer-medienbund.ch\/wordpress\/wp-content\/uploads\/2016\/10\/20161016-130940-blackbox.jpg 1536w\" sizes=\"auto, (max-width: 300px) 100vw, 300px\" \/><p class=\"wp-caption-text\">Peter Niggli \u2013 Eritreische Guerillak\u00e4mpfer und europ\u00e4ische Unterst\u00fctzungskomitees zur Zeiten des Unabh\u00e4ngigkeitskrieges von Eritrea.<\/p><\/div>\n<\/div>\n<div class=\"col-md-8\">Ehemals radikaler Linker, Journalist, Stadtz\u00fcrcher Gemeinderat und Leiter der entwicklungspolitischen Lobbyorganisation Alliance Sud, brachte 1980 als Teil der schweizerischen Solidarit\u00e4tsbewegung mit Eritrea zwei Lastwagen gef\u00fcllt mit Hilfsg\u00fctern, von der N\u00e4hmaschine bis zur R\u00f6ntgenanlage, in die befreiten Gebiete. Er war fasziniert vom Auftreten der Eritrean People\u2018s Liberation Front (EPFL), einer der damals innovativsten Guerillas Afrikas. Nach seiner Reise berichtete er bis in die 1990er Jahre als freischaffender Journalist \u00fcber die (bewaffneten) Oppositionsbewegungen in \u00c4thiopien und im Sudan. Um an Informationen zu kommen, konfrontierte er u.a. die verschiedenen, zum Teil rivalisierenden Gruppierungen mit den (Vor)Urteilen ihrer Gegner. Diese breite Sicht auf die Situation erm\u00f6glichte Niggli auch einen klaren Blick auf die Solidarit\u00e4tsbewegungen mit Eritrea und \u00c4thiopien in Europa und den USA. Dabei lernte er, weshalb diese ungleich schw\u00e4cher waren als diejenigen f\u00fcr die zentralamerikanischen Guerillas und Nicaragua und wieso heute Eritreas und \u00c4thiopiens Herrscher gegeneinander Krieg f\u00fchren. DEU, ENG, FR<\/div>\n<\/div>\n","protected":false},"excerpt":{"rendered":"<p>Ehemals radikaler Linker, Journalist, Stadtz\u00fcrcher Gemeinderat und Leiter der entwicklungspolitischen Lobbyorganisation Alliance Sud, brachte 1980 als Teil der schweizerischen Solidarit\u00e4tsbewegung mit Eritrea zwei Lastwagen gef\u00fcllt mit Hilfsg\u00fctern, von der N\u00e4hmaschine bis zur R\u00f6ntgenanlage, in die befreiten Gebiete. Er war fasziniert vom Auftreten der Eritrean People\u2018s Liberation Front (EPFL), einer der damals innovativsten Guerillas Afrikas. Nach [&hellip;]<\/p>\n","protected":false},"author":11,"featured_media":0,"parent":601,"menu_order":0,"comment_status":"closed","ping_status":"closed","template":"","meta":{"footnotes":""},"class_list":["post-959","page","type-page","status-publish","hentry"],"jetpack_sharing_enabled":true,"_links":{"self":[{"href":"https:\/\/eritreischer-medienbund.ch\/wordpress\/wp-json\/wp\/v2\/pages\/959","targetHints":{"allow":["GET"]}}],"collection":[{"href":"https:\/\/eritreischer-medienbund.ch\/wordpress\/wp-json\/wp\/v2\/pages"}],"about":[{"href":"https:\/\/eritreischer-medienbund.ch\/wordpress\/wp-json\/wp\/v2\/types\/page"}],"author":[{"embeddable":true,"href":"https:\/\/eritreischer-medienbund.ch\/wordpress\/wp-json\/wp\/v2\/users\/11"}],"replies":[{"embeddable":true,"href":"https:\/\/eritreischer-medienbund.ch\/wordpress\/wp-json\/wp\/v2\/comments?post=959"}],"version-history":[{"count":2,"href":"https:\/\/eritreischer-medienbund.ch\/wordpress\/wp-json\/wp\/v2\/pages\/959\/revisions"}],"predecessor-version":[{"id":3408,"href":"https:\/\/eritreischer-medienbund.ch\/wordpress\/wp-json\/wp\/v2\/pages\/959\/revisions\/3408"}],"up":[{"embeddable":true,"href":"https:\/\/eritreischer-medienbund.ch\/wordpress\/wp-json\/wp\/v2\/pages\/601"}],"wp:attachment":[{"href":"https:\/\/eritreischer-medienbund.ch\/wordpress\/wp-json\/wp\/v2\/media?parent=959"}],"curies":[{"name":"wp","href":"https:\/\/api.w.org\/{rel}","templated":true}]}}