{"id":949,"date":"2016-11-29T22:49:50","date_gmt":"2016-11-29T22:49:50","guid":{"rendered":"http:\/\/eritreischer-medienbund.ch\/?page_id=949"},"modified":"2024-04-22T09:30:49","modified_gmt":"2024-04-22T09:30:49","slug":"omar-taha","status":"publish","type":"page","link":"https:\/\/eritreischer-medienbund.ch\/wordpress\/blackbox-eritrea\/open-the-blackbox-meet-the-experts\/omar-taha\/","title":{"rendered":"Omar Taha"},"content":{"rendered":"<div class=\"row\">\n<div class=\"col-md-4\">\n<div id=\"attachment_580\" class=\"wp-caption alignleft\" style=\"width: 300px\"><img loading=\"lazy\" decoding=\"async\" class=\"size-medium wp-image-580\" src=\"https:\/\/eritreischer-medienbund.ch\/wordpress\/wp-content\/uploads\/2016\/10\/20161016-132023-blackbox-300x300.jpg\" alt=\"Omar Taha (1965*) Renommierter eritreischer Imam, \u00fcber die Vergangenheit und die Zukunft des Zusammenlebens der Religionen. \" width=\"300\" height=\"300\" srcset=\"https:\/\/eritreischer-medienbund.ch\/wordpress\/wp-content\/uploads\/2016\/10\/20161016-132023-blackbox-300x300.jpg 300w, https:\/\/eritreischer-medienbund.ch\/wordpress\/wp-content\/uploads\/2016\/10\/20161016-132023-blackbox-150x150.jpg 150w, https:\/\/eritreischer-medienbund.ch\/wordpress\/wp-content\/uploads\/2016\/10\/20161016-132023-blackbox-768x768.jpg 768w, https:\/\/eritreischer-medienbund.ch\/wordpress\/wp-content\/uploads\/2016\/10\/20161016-132023-blackbox-1024x1024.jpg 1024w, https:\/\/eritreischer-medienbund.ch\/wordpress\/wp-content\/uploads\/2016\/10\/20161016-132023-blackbox.jpg 1536w\" sizes=\"auto, (max-width: 300px) 100vw, 300px\" \/><p class=\"wp-caption-text\">Omar Taha \u2013 Renommierter eritreischer Imam, \u00fcber die Vergangenheit und die Zukunft des Zusammenlebens der Religionen.<\/p><\/div>\n<\/div>\n<div class=\"col-md-8\">\u00abDie Beziehung zwischen Muslimen und Christen in Eritrea ist \u00fcber die Geschichte hinweg durch eine friedliche Koexistenz gekennzeichnet. Muslime und Christen k\u00e4mpften gemeinsam gegen die Aggressoren und Kolonialisierungsm\u00e4chte um Eritrea zu befreien und stehen heute noch Seite an Seite um Ver\u00e4nderungen herbei zu f\u00fchren\u00bb sagt Omar Taha (1965*), ein renommierter eritreischer Imam. Omar Taha setzt sich f\u00fcr das Konzept der friedlichen Koexistenz und Toleranz zwischen Muslimen und Christen ein und m\u00f6chte dieses an die j\u00fcngeren Generationen weitergeben, um einen Dialog \u00fcber demokratische Ver\u00e4nderungen und \u00abnation building\u00bb in Eritrea herbeizuf\u00fchren. Wenn Sie Interesse haben, mit Omar Taha \u00fcber die Beziehung in Vergangenheit und Zukunft zwischen Muslimen und Christen zu diskutieren, das Konzept der friedlichen Koexistenz kennen zu lernen oder gemeinsam Ideen auszutauschen, wie eine demokratische Ver\u00e4nderung in Eritrea m\u00f6glich ist, treffen Sie Omar Taha am 16. Oktober in der Roten Fabrik. DEU, ARAB<\/div>\n<\/div>\n","protected":false},"excerpt":{"rendered":"<p>\u00abDie Beziehung zwischen Muslimen und Christen in Eritrea ist \u00fcber die Geschichte hinweg durch eine friedliche Koexistenz gekennzeichnet. Muslime und Christen k\u00e4mpften gemeinsam gegen die Aggressoren und Kolonialisierungsm\u00e4chte um Eritrea zu befreien und stehen heute noch Seite an Seite um Ver\u00e4nderungen herbei zu f\u00fchren\u00bb sagt Omar Taha (1965*), ein renommierter eritreischer Imam. Omar Taha setzt [&hellip;]<\/p>\n","protected":false},"author":11,"featured_media":0,"parent":601,"menu_order":0,"comment_status":"closed","ping_status":"closed","template":"","meta":{"footnotes":""},"class_list":["post-949","page","type-page","status-publish","hentry"],"jetpack_sharing_enabled":true,"_links":{"self":[{"href":"https:\/\/eritreischer-medienbund.ch\/wordpress\/wp-json\/wp\/v2\/pages\/949","targetHints":{"allow":["GET"]}}],"collection":[{"href":"https:\/\/eritreischer-medienbund.ch\/wordpress\/wp-json\/wp\/v2\/pages"}],"about":[{"href":"https:\/\/eritreischer-medienbund.ch\/wordpress\/wp-json\/wp\/v2\/types\/page"}],"author":[{"embeddable":true,"href":"https:\/\/eritreischer-medienbund.ch\/wordpress\/wp-json\/wp\/v2\/users\/11"}],"replies":[{"embeddable":true,"href":"https:\/\/eritreischer-medienbund.ch\/wordpress\/wp-json\/wp\/v2\/comments?post=949"}],"version-history":[{"count":2,"href":"https:\/\/eritreischer-medienbund.ch\/wordpress\/wp-json\/wp\/v2\/pages\/949\/revisions"}],"predecessor-version":[{"id":3407,"href":"https:\/\/eritreischer-medienbund.ch\/wordpress\/wp-json\/wp\/v2\/pages\/949\/revisions\/3407"}],"up":[{"embeddable":true,"href":"https:\/\/eritreischer-medienbund.ch\/wordpress\/wp-json\/wp\/v2\/pages\/601"}],"wp:attachment":[{"href":"https:\/\/eritreischer-medienbund.ch\/wordpress\/wp-json\/wp\/v2\/media?parent=949"}],"curies":[{"name":"wp","href":"https:\/\/api.w.org\/{rel}","templated":true}]}}