{"id":943,"date":"2016-11-29T22:47:48","date_gmt":"2016-11-29T22:47:48","guid":{"rendered":"http:\/\/eritreischer-medienbund.ch\/?page_id=943"},"modified":"2024-04-22T09:28:39","modified_gmt":"2024-04-22T09:28:39","slug":"abdu-mehamod-andu","status":"publish","type":"page","link":"https:\/\/eritreischer-medienbund.ch\/wordpress\/blackbox-eritrea\/open-the-blackbox-meet-the-experts\/abdu-mehamod-andu\/","title":{"rendered":"Abdu Mohammed Andu"},"content":{"rendered":"<div class=\"row\">\n<div class=\"col-md-4\">\n<div id=\"attachment_582\" class=\"wp-caption alignleft\" style=\"width: 300px\"><img loading=\"lazy\" decoding=\"async\" class=\"size-medium wp-image-582\" src=\"https:\/\/eritreischer-medienbund.ch\/wordpress\/wp-content\/uploads\/2016\/10\/20161016-134438-blackbox-300x300.jpg\" alt=\"Abdu Mehamod Andu (*1972) Medien und Zensur in Eritrea.\" width=\"300\" height=\"300\" srcset=\"https:\/\/eritreischer-medienbund.ch\/wordpress\/wp-content\/uploads\/2016\/10\/20161016-134438-blackbox-300x300.jpg 300w, https:\/\/eritreischer-medienbund.ch\/wordpress\/wp-content\/uploads\/2016\/10\/20161016-134438-blackbox-150x150.jpg 150w, https:\/\/eritreischer-medienbund.ch\/wordpress\/wp-content\/uploads\/2016\/10\/20161016-134438-blackbox-768x768.jpg 768w, https:\/\/eritreischer-medienbund.ch\/wordpress\/wp-content\/uploads\/2016\/10\/20161016-134438-blackbox-1024x1024.jpg 1024w, https:\/\/eritreischer-medienbund.ch\/wordpress\/wp-content\/uploads\/2016\/10\/20161016-134438-blackbox.jpg 1536w\" sizes=\"auto, (max-width: 300px) 100vw, 300px\" \/><p class=\"wp-caption-text\">Abdu Mohammed Andu \u2013 Medien und Zensur in Eritrea.<\/p><\/div>\n<\/div>\n<div class=\"col-md-8\">\u00abDie meisten meiner Kollegen sitzen bis heute im Gef\u00e4ngnis.\u00bb Abdu Mehamod Andu spricht von eritreeischen Journalist*innen, die f\u00fcr unabh\u00e4ngige Zeitungen gearbeitet hatten, bis die Regierung diese 2001 verbot. Er selbst publizierte unter einem Pseudonym und arbeitete auch nach diesem Ereignis weiter. Durch seinen Beruf erhielt Andu tiefen Einblick in die Funktionsweisen der eritreischen Medien und deren Verflechtung mit der Politik. Gleichzeitig f\u00fchlte er sich in seiner T\u00e4tigkeit als Journalist jedoch zunehmend durch innenpolitische Machtk\u00e4mpfe bedroht und floh 2011. Auch \u00fcber die Fl\u00fcchtlingserfahrung im Sudan sowie \u00fcber seine T\u00e4tigkeit bei Radio Brhan, das Eritreer*innen in der Schweiz Zugang zu Informationen auf Tigrinya erm\u00f6glicht, kann Abdu Mohammed Andu viel Wissen teilen. EN, ARAB, (DE)<\/div>\n<\/div>\n","protected":false},"excerpt":{"rendered":"<p>\u00abDie meisten meiner Kollegen sitzen bis heute im Gef\u00e4ngnis.\u00bb Abdu Mehamod Andu spricht von eritreeischen Journalist*innen, die f\u00fcr unabh\u00e4ngige Zeitungen gearbeitet hatten, bis die Regierung diese 2001 verbot. Er selbst publizierte unter einem Pseudonym und arbeitete auch nach diesem Ereignis weiter. Durch seinen Beruf erhielt Andu tiefen Einblick in die Funktionsweisen der eritreischen Medien und [&hellip;]<\/p>\n","protected":false},"author":11,"featured_media":0,"parent":601,"menu_order":0,"comment_status":"closed","ping_status":"closed","template":"","meta":{"footnotes":""},"class_list":["post-943","page","type-page","status-publish","hentry"],"jetpack_sharing_enabled":true,"_links":{"self":[{"href":"https:\/\/eritreischer-medienbund.ch\/wordpress\/wp-json\/wp\/v2\/pages\/943","targetHints":{"allow":["GET"]}}],"collection":[{"href":"https:\/\/eritreischer-medienbund.ch\/wordpress\/wp-json\/wp\/v2\/pages"}],"about":[{"href":"https:\/\/eritreischer-medienbund.ch\/wordpress\/wp-json\/wp\/v2\/types\/page"}],"author":[{"embeddable":true,"href":"https:\/\/eritreischer-medienbund.ch\/wordpress\/wp-json\/wp\/v2\/users\/11"}],"replies":[{"embeddable":true,"href":"https:\/\/eritreischer-medienbund.ch\/wordpress\/wp-json\/wp\/v2\/comments?post=943"}],"version-history":[{"count":6,"href":"https:\/\/eritreischer-medienbund.ch\/wordpress\/wp-json\/wp\/v2\/pages\/943\/revisions"}],"predecessor-version":[{"id":3399,"href":"https:\/\/eritreischer-medienbund.ch\/wordpress\/wp-json\/wp\/v2\/pages\/943\/revisions\/3399"}],"up":[{"embeddable":true,"href":"https:\/\/eritreischer-medienbund.ch\/wordpress\/wp-json\/wp\/v2\/pages\/601"}],"wp:attachment":[{"href":"https:\/\/eritreischer-medienbund.ch\/wordpress\/wp-json\/wp\/v2\/media?parent=943"}],"curies":[{"name":"wp","href":"https:\/\/api.w.org\/{rel}","templated":true}]}}