{"id":933,"date":"2016-11-29T22:39:35","date_gmt":"2016-11-29T22:39:35","guid":{"rendered":"http:\/\/eritreischer-medienbund.ch\/?page_id=933"},"modified":"2024-04-22T09:30:35","modified_gmt":"2024-04-22T09:30:35","slug":"negasi-sereke","status":"publish","type":"page","link":"https:\/\/eritreischer-medienbund.ch\/wordpress\/blackbox-eritrea\/open-the-blackbox-meet-the-experts\/negasi-sereke\/","title":{"rendered":"Negasi Sereke"},"content":{"rendered":"<div class=\"row\">\n<div class=\"col-md-4\">\n<div id=\"attachment_586\" class=\"wp-caption alignleft\" style=\"width: 300px\"><img loading=\"lazy\" decoding=\"async\" class=\"size-medium wp-image-586\" src=\"https:\/\/eritreischer-medienbund.ch\/wordpress\/wp-content\/uploads\/2016\/10\/20161016-151124-blackbox-300x300.jpg\" alt=\"Negasi Sereke (1977*) Polizei und Geheimdienst in Eritrea.\" width=\"300\" height=\"300\" srcset=\"https:\/\/eritreischer-medienbund.ch\/wordpress\/wp-content\/uploads\/2016\/10\/20161016-151124-blackbox-300x300.jpg 300w, https:\/\/eritreischer-medienbund.ch\/wordpress\/wp-content\/uploads\/2016\/10\/20161016-151124-blackbox-150x150.jpg 150w, https:\/\/eritreischer-medienbund.ch\/wordpress\/wp-content\/uploads\/2016\/10\/20161016-151124-blackbox-768x768.jpg 768w, https:\/\/eritreischer-medienbund.ch\/wordpress\/wp-content\/uploads\/2016\/10\/20161016-151124-blackbox-1024x1024.jpg 1024w, https:\/\/eritreischer-medienbund.ch\/wordpress\/wp-content\/uploads\/2016\/10\/20161016-151124-blackbox.jpg 1536w\" sizes=\"auto, (max-width: 300px) 100vw, 300px\" \/><p class=\"wp-caption-text\">Negasi Sereke \u2013 Polizei und Geheimdienst in Eritrea.<\/p><\/div>\n<\/div>\n<div class=\"col-md-8\">Negasi Sereke war 18 Jahre alt, als er nach der 6-monatigen Milit\u00e4rausbildung in Sawa zur\u00fcck in die Hauptstadt Asmara kam. Gerade mal drei Monate dauerte dort seine Polizeiausbildung, wonach er in einem Gef\u00e4ngnis als W\u00e4rter eingesetzt wurde. Sieben Jahre lang \u00fcbte er verschiedene Positionen innerhalb der eritreischen Polizei und in einem der Polizei-Geheimdienste aus \u2013 ohne einen Tag Pause und ohne Lohn. Er bekam einen tiefen Einblick in das Willk\u00fcrsystem des eritreischen Staates. Wenn du mehr \u00fcber das Zusammenspiel von Polizei und Geheimdienst oder \u00fcber die Verh\u00f6rmethoden des Geheimdienstes in den Gef\u00e4ngnissen in Eritrea erfahren willst, dann sprich mit Negasi Sereke, einem Zeugen der Mission of Inquiry, welche die Menschenrechtsverletzungen in Eritrea f\u00fcr die UNO aufgezeichnet hat. DEU, ARAB<\/div>\n<\/div>\n","protected":false},"excerpt":{"rendered":"<p>Negasi Sereke war 18 Jahre alt, als er nach der 6-monatigen Milit\u00e4rausbildung in Sawa zur\u00fcck in die Hauptstadt Asmara kam. Gerade mal drei Monate dauerte dort seine Polizeiausbildung, wonach er in einem Gef\u00e4ngnis als W\u00e4rter eingesetzt wurde. Sieben Jahre lang \u00fcbte er verschiedene Positionen innerhalb der eritreischen Polizei und in einem der Polizei-Geheimdienste aus \u2013 [&hellip;]<\/p>\n","protected":false},"author":11,"featured_media":0,"parent":601,"menu_order":0,"comment_status":"closed","ping_status":"closed","template":"","meta":{"footnotes":""},"class_list":["post-933","page","type-page","status-publish","hentry"],"jetpack_sharing_enabled":true,"_links":{"self":[{"href":"https:\/\/eritreischer-medienbund.ch\/wordpress\/wp-json\/wp\/v2\/pages\/933","targetHints":{"allow":["GET"]}}],"collection":[{"href":"https:\/\/eritreischer-medienbund.ch\/wordpress\/wp-json\/wp\/v2\/pages"}],"about":[{"href":"https:\/\/eritreischer-medienbund.ch\/wordpress\/wp-json\/wp\/v2\/types\/page"}],"author":[{"embeddable":true,"href":"https:\/\/eritreischer-medienbund.ch\/wordpress\/wp-json\/wp\/v2\/users\/11"}],"replies":[{"embeddable":true,"href":"https:\/\/eritreischer-medienbund.ch\/wordpress\/wp-json\/wp\/v2\/comments?post=933"}],"version-history":[{"count":3,"href":"https:\/\/eritreischer-medienbund.ch\/wordpress\/wp-json\/wp\/v2\/pages\/933\/revisions"}],"predecessor-version":[{"id":3406,"href":"https:\/\/eritreischer-medienbund.ch\/wordpress\/wp-json\/wp\/v2\/pages\/933\/revisions\/3406"}],"up":[{"embeddable":true,"href":"https:\/\/eritreischer-medienbund.ch\/wordpress\/wp-json\/wp\/v2\/pages\/601"}],"wp:attachment":[{"href":"https:\/\/eritreischer-medienbund.ch\/wordpress\/wp-json\/wp\/v2\/media?parent=933"}],"curies":[{"name":"wp","href":"https:\/\/api.w.org\/{rel}","templated":true}]}}