{"id":929,"date":"2016-11-29T22:38:34","date_gmt":"2016-11-29T22:38:34","guid":{"rendered":"http:\/\/eritreischer-medienbund.ch\/?page_id=929"},"modified":"2024-04-22T09:31:57","modified_gmt":"2024-04-22T09:31:57","slug":"shems-nour","status":"publish","type":"page","link":"https:\/\/eritreischer-medienbund.ch\/wordpress\/blackbox-eritrea\/open-the-blackbox-meet-the-experts\/shems-nour\/","title":{"rendered":"Shems Nour"},"content":{"rendered":"<div class=\"row\">\n<div class=\"col-md-4\">\n<div id=\"attachment_587\" class=\"wp-caption alignleft\" style=\"width: 300px\"><img loading=\"lazy\" decoding=\"async\" class=\"size-medium wp-image-587\" src=\"https:\/\/eritreischer-medienbund.ch\/wordpress\/wp-content\/uploads\/2016\/10\/20161016-151409-blackbox-300x300.jpg\" alt=\"Shems Nour (*1980) Integration ist Nehmen und Geben.\" width=\"300\" height=\"300\" srcset=\"https:\/\/eritreischer-medienbund.ch\/wordpress\/wp-content\/uploads\/2016\/10\/20161016-151409-blackbox-300x300.jpg 300w, https:\/\/eritreischer-medienbund.ch\/wordpress\/wp-content\/uploads\/2016\/10\/20161016-151409-blackbox-150x150.jpg 150w, https:\/\/eritreischer-medienbund.ch\/wordpress\/wp-content\/uploads\/2016\/10\/20161016-151409-blackbox-768x768.jpg 768w, https:\/\/eritreischer-medienbund.ch\/wordpress\/wp-content\/uploads\/2016\/10\/20161016-151409-blackbox-1024x1024.jpg 1024w, https:\/\/eritreischer-medienbund.ch\/wordpress\/wp-content\/uploads\/2016\/10\/20161016-151409-blackbox.jpg 1536w\" sizes=\"auto, (max-width: 300px) 100vw, 300px\" \/><p class=\"wp-caption-text\">Shems Nour \u2013 Integration ist Nehmen und Geben.<\/p><\/div>\n<\/div>\n<div class=\"col-md-8\">Shems Nour war vor zehn Jahren eine der ersten Eritreer*innen im Kanton Obwalden. Viele Obwaldner*innen waren ihr gegen\u00fcber \u00e4ngstlich und verschlossen. \u00abIch hatte den Eindruck, ich bin die erste Afrikanerin im Kanton\u00bb, sagt Nour zur\u00fcckblickend. Ihr offenes Wesen habe ihr aber schnell geholfen, der Zur\u00fcckhaltung positiv entgegenzutreten. Dadurch habe sie selbst schnell gelernt, worauf es ankommt: \u00abMan muss selbst auf die Leute zugehen. Wenn man positiv denkt, dann trifft man auch auf andere positive Menschen!\u00bb Den ersten Schritt m\u00fcssen wir in unserem Kopf machen. Angst sei da fehl am Platz. Mittlerweile ist sie Interkulturelle Vermittlerin des Kanton Obwaldens, macht Fr\u00fchf\u00f6rderung f\u00fcr Kinder und ist Kontaktperson f\u00fcr die meisten Eritreer*innen und Syrer*innen des Kantons. EU, ENG, ARAB, TYG<\/div>\n<\/div>\n","protected":false},"excerpt":{"rendered":"<p>Shems Nour war vor zehn Jahren eine der ersten Eritreer*innen im Kanton Obwalden. Viele Obwaldner*innen waren ihr gegen\u00fcber \u00e4ngstlich und verschlossen. \u00abIch hatte den Eindruck, ich bin die erste Afrikanerin im Kanton\u00bb, sagt Nour zur\u00fcckblickend. Ihr offenes Wesen habe ihr aber schnell geholfen, der Zur\u00fcckhaltung positiv entgegenzutreten. Dadurch habe sie selbst schnell gelernt, worauf es [&hellip;]<\/p>\n","protected":false},"author":11,"featured_media":0,"parent":601,"menu_order":0,"comment_status":"closed","ping_status":"closed","template":"","meta":{"footnotes":""},"class_list":["post-929","page","type-page","status-publish","hentry"],"jetpack_sharing_enabled":true,"_links":{"self":[{"href":"https:\/\/eritreischer-medienbund.ch\/wordpress\/wp-json\/wp\/v2\/pages\/929","targetHints":{"allow":["GET"]}}],"collection":[{"href":"https:\/\/eritreischer-medienbund.ch\/wordpress\/wp-json\/wp\/v2\/pages"}],"about":[{"href":"https:\/\/eritreischer-medienbund.ch\/wordpress\/wp-json\/wp\/v2\/types\/page"}],"author":[{"embeddable":true,"href":"https:\/\/eritreischer-medienbund.ch\/wordpress\/wp-json\/wp\/v2\/users\/11"}],"replies":[{"embeddable":true,"href":"https:\/\/eritreischer-medienbund.ch\/wordpress\/wp-json\/wp\/v2\/comments?post=929"}],"version-history":[{"count":2,"href":"https:\/\/eritreischer-medienbund.ch\/wordpress\/wp-json\/wp\/v2\/pages\/929\/revisions"}],"predecessor-version":[{"id":3414,"href":"https:\/\/eritreischer-medienbund.ch\/wordpress\/wp-json\/wp\/v2\/pages\/929\/revisions\/3414"}],"up":[{"embeddable":true,"href":"https:\/\/eritreischer-medienbund.ch\/wordpress\/wp-json\/wp\/v2\/pages\/601"}],"wp:attachment":[{"href":"https:\/\/eritreischer-medienbund.ch\/wordpress\/wp-json\/wp\/v2\/media?parent=929"}],"curies":[{"name":"wp","href":"https:\/\/api.w.org\/{rel}","templated":true}]}}