{"id":912,"date":"2016-11-29T22:31:23","date_gmt":"2016-11-29T22:31:23","guid":{"rendered":"http:\/\/eritreischer-medienbund.ch\/?page_id=912"},"modified":"2024-04-22T09:17:53","modified_gmt":"2024-04-22T09:17:53","slug":"daniel-r-mekonnen","status":"publish","type":"page","link":"https:\/\/eritreischer-medienbund.ch\/wordpress\/blackbox-eritrea\/open-the-blackbox-meet-the-experts\/daniel-r-mekonnen\/","title":{"rendered":"Daniel R. Mekonnen"},"content":{"rendered":"<div class=\"row\">\n<div class=\"col-md-4\">\n<p><a href=\"https:\/\/eritreischer-medienbund.ch\/wordpress\/literatur\/interview-mit-dem-anwalt-und-menschenrechtsaktivisten-dr-daniel-mekonnen\/daniel-mekonnen\/\"><img loading=\"lazy\" decoding=\"async\" class=\"alignnone wp-image-2680 size-medium\" src=\"https:\/\/eritreischer-medienbund.ch\/wordpress\/wp-content\/uploads\/2019\/12\/daniel-mekonnen-236x300.jpg\" alt=\"\" width=\"236\" height=\"300\" srcset=\"https:\/\/eritreischer-medienbund.ch\/wordpress\/wp-content\/uploads\/2019\/12\/daniel-mekonnen-236x300.jpg 236w, https:\/\/eritreischer-medienbund.ch\/wordpress\/wp-content\/uploads\/2019\/12\/daniel-mekonnen.jpg 750w\" sizes=\"auto, (max-width: 236px) 100vw, 236px\" \/><\/a><\/p>\n<\/div>\n<div class=\"col-md-8\">\n<p>Dr. Daniel Mekonnen ist ein unabh\u00e4ngiger Berater f\u00fcr internationales Menschenrechts- und Fl\u00fcchtlingsrecht mit Sitz in Genf. Er ist Stipendiat des Zentrums f\u00fcr Afrikanische Studien an der Universit\u00e4t Leiden. In verschiedenen anderen Zusammenh\u00e4ngen hat er als Forscher, Richter, Ausbildner und Aktivist an der Basis gearbeitet und bisher in insgesamt elf L\u00e4ndern gelebt und gearbeitet (Eritrea, \u00c4thiopien, Belgien, Deutschland, Ungarn, Irland, Niederlande, Norwegen, S\u00fcdafrika, Vereinigtes K\u00f6nigreich und Schweiz). Er ist nach wie vor an den &#171;Third World Approaches to International Law (TWAIL)&#187; interessiert, einem sehr wichtigen analytischen Rahmen f\u00fcr das Mainstreaming integrativer Praktiken in allen Bereichen, die mit Problemen der Ausgrenzung und Marginalisierung zu tun haben (einschlie\u00dflich der so genannten Agenda der &#171;Integration von Migranten&#187;).<\/p>\n<p>&#8212;<br \/>\nDr. Daniel Mekonnen is a Geneva-based Independent Consultant for International Human Rights Law and International Refugee Law. He is a non-resident fellow of the African Studies Centre at Leiden University. In various other contexts, he has served as a researcher, adjudicator, trainer, and grassroots campaigner, thus far living and working in a total of eleven countries (Eritrea, Ethiopia, Belgium, Germany, Hungary, Ireland, the Netherlands, Norway, South Africa, the UK and Switzerland). He maintains continued interest in \u201cThird World Approaches to International Law (TWAIL),\u201d which is a very important analytical framework in mainstreaming inclusive practices in all areas related to problems of exclusion and marginalization (including in the so-called agenda of \u201cmigrant integration\u201d).<\/p>\n<\/div>\n<\/div>\n","protected":false},"excerpt":{"rendered":"<p>Dr. Daniel Mekonnen ist ein unabh\u00e4ngiger Berater f\u00fcr internationales Menschenrechts- und Fl\u00fcchtlingsrecht mit Sitz in Genf. Er ist Stipendiat des Zentrums f\u00fcr Afrikanische Studien an der Universit\u00e4t Leiden. In verschiedenen anderen Zusammenh\u00e4ngen hat er als Forscher, Richter, Ausbildner und Aktivist an der Basis gearbeitet und bisher in insgesamt elf L\u00e4ndern gelebt und gearbeitet (Eritrea, \u00c4thiopien, [&hellip;]<\/p>\n","protected":false},"author":11,"featured_media":0,"parent":601,"menu_order":0,"comment_status":"closed","ping_status":"closed","template":"","meta":{"footnotes":""},"class_list":["post-912","page","type-page","status-publish","hentry"],"jetpack_sharing_enabled":true,"_links":{"self":[{"href":"https:\/\/eritreischer-medienbund.ch\/wordpress\/wp-json\/wp\/v2\/pages\/912","targetHints":{"allow":["GET"]}}],"collection":[{"href":"https:\/\/eritreischer-medienbund.ch\/wordpress\/wp-json\/wp\/v2\/pages"}],"about":[{"href":"https:\/\/eritreischer-medienbund.ch\/wordpress\/wp-json\/wp\/v2\/types\/page"}],"author":[{"embeddable":true,"href":"https:\/\/eritreischer-medienbund.ch\/wordpress\/wp-json\/wp\/v2\/users\/11"}],"replies":[{"embeddable":true,"href":"https:\/\/eritreischer-medienbund.ch\/wordpress\/wp-json\/wp\/v2\/comments?post=912"}],"version-history":[{"count":5,"href":"https:\/\/eritreischer-medienbund.ch\/wordpress\/wp-json\/wp\/v2\/pages\/912\/revisions"}],"predecessor-version":[{"id":3396,"href":"https:\/\/eritreischer-medienbund.ch\/wordpress\/wp-json\/wp\/v2\/pages\/912\/revisions\/3396"}],"up":[{"embeddable":true,"href":"https:\/\/eritreischer-medienbund.ch\/wordpress\/wp-json\/wp\/v2\/pages\/601"}],"wp:attachment":[{"href":"https:\/\/eritreischer-medienbund.ch\/wordpress\/wp-json\/wp\/v2\/media?parent=912"}],"curies":[{"name":"wp","href":"https:\/\/api.w.org\/{rel}","templated":true}]}}