{"id":907,"date":"2016-11-29T22:35:05","date_gmt":"2016-11-29T22:35:05","guid":{"rendered":"http:\/\/eritreischer-medienbund.ch\/?page_id=907"},"modified":"2024-04-22T09:31:55","modified_gmt":"2024-04-22T09:31:55","slug":"sherefedin-mussa","status":"publish","type":"page","link":"https:\/\/eritreischer-medienbund.ch\/wordpress\/blackbox-eritrea\/open-the-blackbox-meet-the-experts\/sherefedin-mussa\/","title":{"rendered":"Sherefedin Mussa"},"content":{"rendered":"<div class=\"row\">\n<div class=\"col-md-4\">\n<div id=\"attachment_592\" class=\"wp-caption alignleft\" style=\"width: 300px\"><img loading=\"lazy\" decoding=\"async\" class=\"size-medium wp-image-592\" src=\"https:\/\/eritreischer-medienbund.ch\/wordpress\/wp-content\/uploads\/2016\/10\/20161016-152847-blackbox-300x300.jpg\" alt=\"Sherefedin Mussa (*1989) Fehlende Integration von Eritreer*innen in der Schweiz. \" width=\"300\" height=\"300\" srcset=\"https:\/\/eritreischer-medienbund.ch\/wordpress\/wp-content\/uploads\/2016\/10\/20161016-152847-blackbox-300x300.jpg 300w, https:\/\/eritreischer-medienbund.ch\/wordpress\/wp-content\/uploads\/2016\/10\/20161016-152847-blackbox-150x150.jpg 150w, https:\/\/eritreischer-medienbund.ch\/wordpress\/wp-content\/uploads\/2016\/10\/20161016-152847-blackbox-768x768.jpg 768w, https:\/\/eritreischer-medienbund.ch\/wordpress\/wp-content\/uploads\/2016\/10\/20161016-152847-blackbox-1024x1024.jpg 1024w, https:\/\/eritreischer-medienbund.ch\/wordpress\/wp-content\/uploads\/2016\/10\/20161016-152847-blackbox.jpg 1536w\" sizes=\"auto, (max-width: 300px) 100vw, 300px\" \/><p class=\"wp-caption-text\">Sherefedin Mussa \u2013 Fehlende Integration von Eritreer*innen in der Schweiz.<\/p><\/div>\n<\/div>\n<div class=\"col-md-8\">Weshalb weiss die Schweiz so wenig \u00fcber eine Diaspora, die mit rund 30000 Personen zu einer der gr\u00f6ssten hierzulande geh\u00f6rt? Sherefedin Mussa meint dazu: \u201eViele Eritreer*innen sind schlecht in die Schweizer Gesellschaft integriert, es gibt also wenige Schnittstellen.\u201c Die Gr\u00fcnde daf\u00fcr hat Mussa, der sich unter anderem beim Eritreischen Medienbund Schweiz engagiert und Theater mit der Gruppe The FutStep macht, in einer Projektarbeit analysiert, deren Resultate Sie heute mit ihm diskutieren k\u00f6nnen.<\/div>\n<\/div>\n","protected":false},"excerpt":{"rendered":"<p>Weshalb weiss die Schweiz so wenig \u00fcber eine Diaspora, die mit rund 30000 Personen zu einer der gr\u00f6ssten hierzulande geh\u00f6rt? Sherefedin Mussa meint dazu: \u201eViele Eritreer*innen sind schlecht in die Schweizer Gesellschaft integriert, es gibt also wenige Schnittstellen.\u201c Die Gr\u00fcnde daf\u00fcr hat Mussa, der sich unter anderem beim Eritreischen Medienbund Schweiz engagiert und Theater mit [&hellip;]<\/p>\n","protected":false},"author":11,"featured_media":0,"parent":601,"menu_order":0,"comment_status":"closed","ping_status":"closed","template":"","meta":{"footnotes":""},"class_list":["post-907","page","type-page","status-publish","hentry"],"jetpack_sharing_enabled":true,"_links":{"self":[{"href":"https:\/\/eritreischer-medienbund.ch\/wordpress\/wp-json\/wp\/v2\/pages\/907","targetHints":{"allow":["GET"]}}],"collection":[{"href":"https:\/\/eritreischer-medienbund.ch\/wordpress\/wp-json\/wp\/v2\/pages"}],"about":[{"href":"https:\/\/eritreischer-medienbund.ch\/wordpress\/wp-json\/wp\/v2\/types\/page"}],"author":[{"embeddable":true,"href":"https:\/\/eritreischer-medienbund.ch\/wordpress\/wp-json\/wp\/v2\/users\/11"}],"replies":[{"embeddable":true,"href":"https:\/\/eritreischer-medienbund.ch\/wordpress\/wp-json\/wp\/v2\/comments?post=907"}],"version-history":[{"count":3,"href":"https:\/\/eritreischer-medienbund.ch\/wordpress\/wp-json\/wp\/v2\/pages\/907\/revisions"}],"predecessor-version":[{"id":3413,"href":"https:\/\/eritreischer-medienbund.ch\/wordpress\/wp-json\/wp\/v2\/pages\/907\/revisions\/3413"}],"up":[{"embeddable":true,"href":"https:\/\/eritreischer-medienbund.ch\/wordpress\/wp-json\/wp\/v2\/pages\/601"}],"wp:attachment":[{"href":"https:\/\/eritreischer-medienbund.ch\/wordpress\/wp-json\/wp\/v2\/media?parent=907"}],"curies":[{"name":"wp","href":"https:\/\/api.w.org\/{rel}","templated":true}]}}