{"id":905,"date":"2016-11-29T22:33:18","date_gmt":"2016-11-29T22:33:18","guid":{"rendered":"http:\/\/eritreischer-medienbund.ch\/?page_id=905"},"modified":"2024-04-22T09:31:15","modified_gmt":"2024-04-22T09:31:15","slug":"said-saleh","status":"publish","type":"page","link":"https:\/\/eritreischer-medienbund.ch\/wordpress\/blackbox-eritrea\/open-the-blackbox-meet-the-experts\/said-saleh\/","title":{"rendered":"Said Saleh"},"content":{"rendered":"<div class=\"row\">\n<div class=\"col-md-4\">\n<div id=\"attachment_594\" class=\"wp-caption alignleft\" style=\"width: 300px\"><img loading=\"lazy\" decoding=\"async\" class=\"size-medium wp-image-594\" src=\"https:\/\/eritreischer-medienbund.ch\/wordpress\/wp-content\/uploads\/2016\/10\/20161016-153359-blackbox-300x300.jpg\" alt=\"Said Saleh (*1982) Widerstand gegen ein Regime: Eritreische Opposition im Ausland. \" width=\"300\" height=\"300\" srcset=\"https:\/\/eritreischer-medienbund.ch\/wordpress\/wp-content\/uploads\/2016\/10\/20161016-153359-blackbox-300x300.jpg 300w, https:\/\/eritreischer-medienbund.ch\/wordpress\/wp-content\/uploads\/2016\/10\/20161016-153359-blackbox-150x150.jpg 150w, https:\/\/eritreischer-medienbund.ch\/wordpress\/wp-content\/uploads\/2016\/10\/20161016-153359-blackbox-768x768.jpg 768w, https:\/\/eritreischer-medienbund.ch\/wordpress\/wp-content\/uploads\/2016\/10\/20161016-153359-blackbox-1024x1024.jpg 1024w, https:\/\/eritreischer-medienbund.ch\/wordpress\/wp-content\/uploads\/2016\/10\/20161016-153359-blackbox.jpg 1536w\" sizes=\"auto, (max-width: 300px) 100vw, 300px\" \/><p class=\"wp-caption-text\">Said Saleh \u2013 Widerstand gegen ein Regime: Eritreische Opposition im Ausland.<\/p><\/div>\n<\/div>\n<div class=\"col-md-8\">\u00abAm Ende wollen wir ein freies, demokratisches Eritrea!\u00bb Das sagt Said Saleh, seit 9 Jahren in der Schweiz. Die Zeit, die ihm als berufst\u00e4tigem Familienvater, der Weiterbildungskurse absolviert, bleibt, verbringt er damit, seinen eritreeischen Mitb\u00fcrger*innen zu helfen. Aufkl\u00e4rung und Information dar\u00fcber, dass \u00abdie Arbeitsweise des Regimes nicht nur unterdr\u00fcckt, sondern auch verboten geh\u00f6rt\u00bb, und dar\u00fcber, wie man sich in der Schweiz nicht unterkriegen l\u00e4sst, geh\u00f6rt dazu. Gleichzeitig versucht der Buchhalter aber auch, in gr\u00f6sseren Z\u00fcgen zu denken und die verschiedenen Oppositionsbewegungen zusammen zu bringen. \u00dcber die Chancen und Probleme der Opposition sowie \u00fcber die Wahrscheinlichkeit seines grossen Ziels l\u00e4sst sich mit Said Saleh am 16. Oktober in der Roten Fabrik diskutieren.<\/div>\n<\/div>\n","protected":false},"excerpt":{"rendered":"<p>\u00abAm Ende wollen wir ein freies, demokratisches Eritrea!\u00bb Das sagt Said Saleh, seit 9 Jahren in der Schweiz. Die Zeit, die ihm als berufst\u00e4tigem Familienvater, der Weiterbildungskurse absolviert, bleibt, verbringt er damit, seinen eritreeischen Mitb\u00fcrger*innen zu helfen. Aufkl\u00e4rung und Information dar\u00fcber, dass \u00abdie Arbeitsweise des Regimes nicht nur unterdr\u00fcckt, sondern auch verboten geh\u00f6rt\u00bb, und dar\u00fcber, [&hellip;]<\/p>\n","protected":false},"author":11,"featured_media":0,"parent":601,"menu_order":0,"comment_status":"closed","ping_status":"closed","template":"","meta":{"footnotes":""},"class_list":["post-905","page","type-page","status-publish","hentry"],"jetpack_sharing_enabled":true,"_links":{"self":[{"href":"https:\/\/eritreischer-medienbund.ch\/wordpress\/wp-json\/wp\/v2\/pages\/905","targetHints":{"allow":["GET"]}}],"collection":[{"href":"https:\/\/eritreischer-medienbund.ch\/wordpress\/wp-json\/wp\/v2\/pages"}],"about":[{"href":"https:\/\/eritreischer-medienbund.ch\/wordpress\/wp-json\/wp\/v2\/types\/page"}],"author":[{"embeddable":true,"href":"https:\/\/eritreischer-medienbund.ch\/wordpress\/wp-json\/wp\/v2\/users\/11"}],"replies":[{"embeddable":true,"href":"https:\/\/eritreischer-medienbund.ch\/wordpress\/wp-json\/wp\/v2\/comments?post=905"}],"version-history":[{"count":4,"href":"https:\/\/eritreischer-medienbund.ch\/wordpress\/wp-json\/wp\/v2\/pages\/905\/revisions"}],"predecessor-version":[{"id":3411,"href":"https:\/\/eritreischer-medienbund.ch\/wordpress\/wp-json\/wp\/v2\/pages\/905\/revisions\/3411"}],"up":[{"embeddable":true,"href":"https:\/\/eritreischer-medienbund.ch\/wordpress\/wp-json\/wp\/v2\/pages\/601"}],"wp:attachment":[{"href":"https:\/\/eritreischer-medienbund.ch\/wordpress\/wp-json\/wp\/v2\/media?parent=905"}],"curies":[{"name":"wp","href":"https:\/\/api.w.org\/{rel}","templated":true}]}}