{"id":83,"date":"2016-08-27T21:16:56","date_gmt":"2016-08-27T21:16:56","guid":{"rendered":"http:\/\/eritreischer-medienbund.ch\/?page_id=83"},"modified":"2016-10-23T13:51:46","modified_gmt":"2016-10-23T13:51:46","slug":"angebote","status":"publish","type":"page","link":"https:\/\/eritreischer-medienbund.ch\/wordpress\/blackbox-eritrea\/angebote\/","title":{"rendered":"Angebote"},"content":{"rendered":"<h2><strong>Musik &#038; Tanz<\/strong><\/h2>\n<p>Hidmona. Der beliebteste und bekannteste Exil-S\u00e4nger Eritreas <a href=\"https:\/\/www.youtube.com\/watch?v=ZHQKsxIMN9E\">Abrar Osman<\/a> mit der Musikgruppe Embi Nmilki (Nein zur Diktatur) und traditionellem Tanz.<\/p>\n<h2><strong>Essen<\/strong><\/h2>\n<p>Injera, Ades, Hamli: Foodtruck mit feinsten eritreischen Spezialit\u00e4ten. Exklusives Showkochen auf Injera\u00f6fen.<\/p>\n<div class=\"page\" title=\"Page 1\">\n<div class=\"section\">\n<div class=\"layoutArea\">\n<div class=\"column\">\n<h2><strong>Offener Workshop: Opfer\/T\u00e4ter<\/strong><\/h2>\n<p>Das Opfer\/T\u00e4ter Kunstprojekt besteht aus einem kritischen Diskurs \u00fcber gesellschaftlich akzeptierte Rollen. Durch das Tauschen stereotypischer Opfer- und T\u00e4terrollen werden diese sichtbar gemacht und in vier Bildern in der Ausstellung pr\u00e4sentiert sowie online publiziert.<\/p>\n<p>Die Onlinediskussion wird live in den Ausstellungsraum \u00fcbertragen und Besucher k\u00f6nnen via Computer mitdiskutieren.<\/p>\n<h2><strong>Open Workshop: Actor\/ Recipient<\/strong><\/h2>\n<p>Actor\/ Recipient is an art project that triggers critical thinking on stereotypically accepted roles of our society. By switching the stereotypical actor to the recipient, we would present the outcome in four images that demonstrate several situations. The images will also be published online and visitors of the exhibition could partake on the online discussion via provided computers.<\/p>\n<h2><strong>Sprache<\/strong><\/h2>\n<p>Tigrinya erleben: Sprachwerkstatt \u2013 Mitarbeit am Tigrinya-W\u00f6rterbuch<\/p>\n<\/div>\n<\/div>\n<\/div>\n<\/div>\n<h2><strong>Bilder<\/strong><\/h2>\n<p><a href=\"http:\/\/www.stephanieburet.com\/erythree.html\">Dolce Vita in der H\u00f6lle<\/a>: Fotografien aus Eritrea von der Genfer Fotojournalistin St\u00e9phanie Buret.<\/p>\n<h2><strong>Theater<\/strong><\/h2>\n<p>Theatergruppe FutStep Theaterspektakel: Blackbox Zukunft? Von Chancen und Schwierigkeiten bei der gesellschaftlichen Integration. Und vom Aufeinanderzugehen und Aufbauen einer gemeinsamen Gesellschaft.<\/p>\n<div class=\"page\" title=\"Page 1\">\n<div class=\"section\">\n<div class=\"layoutArea\">\n<div class=\"column\">\n<h2><strong>Vernetzung<\/strong><\/h2>\n<p>Infost\u00e4nde und Begegnung: <a href=\"http:\/\/eritreischer-medienbund.ch\/blackbox-eritrea\/vernetzung\/\">Diverse schweizerische und eritreische Organisationen<\/a>. Wissenschaftliche Arbeiten \u00fcber Eritrea und Diaspora. Dokumentationen\u00a0von interkulturellen Kunstprojekten (eritreische Diaspora\/Schweiz) und spontane Begegnungsm\u00f6glichkeiten mit Menschen und Expert\/innen f\u00fcr das Leben in Eritrea und in der Schweiz.<\/p>\n<\/div>\n<\/div>\n<\/div>\n<\/div>\n<h2><strong>Filme<\/strong><\/h2>\n<p>Kurzfilm: YONAS und CHRISTIAN<br \/>\n&nbsp;<br \/>\nDer 19-j\u00e4hrige Yonas, der mit 14 Jahren aus Eritrea in die Schweiz gefl\u00fcchtet ist, k\u00e4mpft gegen das vorherrschend schlechte Bild seiner Landsleute in den Schweizer Medien. Auf Initiative des Kunststudenten Christian analysieren die beiden gemeinsam \u00f6ffentliche Diskussionen und arbeiten an Yonas eigenem Auftreten, um diesem Image etwas entgegen halten zu k\u00f6nnen \u2013 und stossen auf Aufmerksamkeit: Yonas wird zu einer der bekanntesten Diskussionsrunden im Schweizer Fernsehen eingeladen und steht einer Runde aus gestandenen Politikern gegen\u00fcber.<\/p>\n<p>Rico Jauch, 15 min, de., engl., HSLU Design &#038; Kunst Luzern 2016<\/p>\n<p>Between the Desert and the Fire: Yasser Ashour, 45 min, arab., engl., Al Jazeera, Katar 2014<br \/>\n<strong><br \/>\n<\/strong>A Visa for Asmara: Eritrea, Nicolas Germain, Romero Langlois, 28 min, engl., France24, Frankreich 2016<\/p>\n<p>Inside Eritrea: Shabnam Grewal, 23 min, engl., BBC, England 2015<\/p>\n<p>Nevsun in Eritrea: Dealing with a Dictator \u2013 the fifth estate Scott Anderson, 41 min, engl., CBC News, Canada 2016<\/p>\n<p>Lampedusa: An Eritrean Tragedy, StopSlavery InEritrea, 27:43 min.engl., Channel 4, 2014<\/p>\n<p>&nbsp;<\/p>\n<p><strong>Alle Veranstaltungen sind gratis, Kollekte<\/strong><\/p>\n","protected":false},"excerpt":{"rendered":"<p>Musik &#038; Tanz Hidmona. Der beliebteste und bekannteste Exil-S\u00e4nger Eritreas Abrar Osman mit der Musikgruppe Embi Nmilki (Nein zur Diktatur) und traditionellem Tanz. Essen Injera, Ades, Hamli: Foodtruck mit feinsten eritreischen Spezialit\u00e4ten. Exklusives Showkochen auf Injera\u00f6fen. Offener Workshop: Opfer\/T\u00e4ter Das Opfer\/T\u00e4ter Kunstprojekt besteht aus einem kritischen Diskurs \u00fcber gesellschaftlich akzeptierte Rollen. Durch das Tauschen stereotypischer [&hellip;]<\/p>\n","protected":false},"author":11,"featured_media":0,"parent":28,"menu_order":0,"comment_status":"closed","ping_status":"closed","template":"","meta":{"footnotes":""},"class_list":["post-83","page","type-page","status-publish","hentry"],"jetpack_sharing_enabled":true,"_links":{"self":[{"href":"https:\/\/eritreischer-medienbund.ch\/wordpress\/wp-json\/wp\/v2\/pages\/83","targetHints":{"allow":["GET"]}}],"collection":[{"href":"https:\/\/eritreischer-medienbund.ch\/wordpress\/wp-json\/wp\/v2\/pages"}],"about":[{"href":"https:\/\/eritreischer-medienbund.ch\/wordpress\/wp-json\/wp\/v2\/types\/page"}],"author":[{"embeddable":true,"href":"https:\/\/eritreischer-medienbund.ch\/wordpress\/wp-json\/wp\/v2\/users\/11"}],"replies":[{"embeddable":true,"href":"https:\/\/eritreischer-medienbund.ch\/wordpress\/wp-json\/wp\/v2\/comments?post=83"}],"version-history":[{"count":18,"href":"https:\/\/eritreischer-medienbund.ch\/wordpress\/wp-json\/wp\/v2\/pages\/83\/revisions"}],"predecessor-version":[{"id":1845,"href":"https:\/\/eritreischer-medienbund.ch\/wordpress\/wp-json\/wp\/v2\/pages\/83\/revisions\/1845"}],"up":[{"embeddable":true,"href":"https:\/\/eritreischer-medienbund.ch\/wordpress\/wp-json\/wp\/v2\/pages\/28"}],"wp:attachment":[{"href":"https:\/\/eritreischer-medienbund.ch\/wordpress\/wp-json\/wp\/v2\/media?parent=83"}],"curies":[{"name":"wp","href":"https:\/\/api.w.org\/{rel}","templated":true}]}}