{"id":608,"date":"2016-10-23T16:41:36","date_gmt":"2016-10-23T16:41:36","guid":{"rendered":"http:\/\/eritreischer-medienbund.ch\/?page_id=608"},"modified":"2016-10-26T18:17:20","modified_gmt":"2016-10-26T18:17:20","slug":"podium-blackbox-eritrea","status":"publish","type":"page","link":"https:\/\/eritreischer-medienbund.ch\/wordpress\/blackbox-eritrea\/podium-blackbox-eritrea\/","title":{"rendered":"Podium \u2013 Blackbox Eritrea?"},"content":{"rendered":"<p>Prominente Fachleute aus Eritrea und der Schweiz pr\u00e4sentierten am Samstag, 15. Oktober zuerst die Geschichte Eritreas\u00a0und informierten dann tiefgreifend und fundiert \u00fcber die Menschenrechtslage in Eritrea.<\/p>\n<div class=\"entry-content clearfix\"><\/div>\n<p>&nbsp;<\/p>\n<div class=\"row\">\n<div class=\"col-md-4\"><div id=\"attachment_595\" class=\"wp-caption alignleft\" style=\"width: 300px\"><a href=\"https:\/\/eritreischer-medienbund.ch\/wordpress\/wp-content\/uploads\/2016\/10\/20161016-153854-blackbox.jpg\"><img loading=\"lazy\" decoding=\"async\" src=\"https:\/\/eritreischer-medienbund.ch\/wordpress\/wp-content\/uploads\/2016\/10\/20161016-153854-blackbox-300x300.jpg\" alt=\"Dr. Daniel R. Mekonnen (*1973) The case for crimes against humanity in Eritrea: What options for accountability? \" width=\"300\" height=\"300\" class=\"size-medium wp-image-595\" \/><\/a><p class=\"wp-caption-text\">Dr. Daniel R. Mekonnen (1973*) The case for crimes against humanity in Eritrea: What options for accountability?<br \/><\/p><\/div><\/div>\n<div class=\"col-md-8\">\n<h2><strong>Dr. Daniel R. Mekonnen<\/strong><\/h2>\n<p>Rechtsanwalt f\u00fcr Menschenrechte und Internationales \u00d6ffentliches Recht, studierte an der Universit\u00e4t in Asmara und arbeitete anschliessend als Distriktrichter. Daniel Mekonnen ist Menschenrechtsaktivist, Lyriker, sowie Autor von \u00fcber 80 Publikationen zu Eritrea, Nord-S\u00fcd-Beziehungen, gewaltfreier Aktion, Friedens- &amp; Konfliktforschung etc. Er h\u00e4lt Gastvortr\u00e4ge \u00fcber Menschenrechtsverletzungen in Eritrea, forscht \u00fcber Migration in Afrika, ber\u00e4t internationale Organisationen und schreibt Expertisen zur Lage in seiner Heimat und in anderen Staaten Afrikas. Zurzeit wohnt Daniel Mekonnen in der Atelierwohnung des Deutschschweizer PEN-Zentrums in Luzern als Writer-in-Exile.<br \/>\n<a href=\"http:\/\/www.ilpi.org\/people\/daniel-r-mekonnen\">www.ilpi.org\/people\/daniel-r-mekonnen<\/a>\n<\/div>\n<\/div>\n<p>&nbsp;<\/p>\n<div class=\"entry-content clearfix\"><\/div>\n<div class=\"row\">\n<div class=\"col-md-4\"><div id=\"attachment_579\" class=\"wp-caption alignleft\" style=\"width: 300px\"><a href=\"https:\/\/eritreischer-medienbund.ch\/wordpress\/wp-content\/uploads\/2016\/10\/20161016-131728-blackbox.jpg\"><img loading=\"lazy\" decoding=\"async\" src=\"https:\/\/eritreischer-medienbund.ch\/wordpress\/wp-content\/uploads\/2016\/10\/20161016-131728-blackbox-300x300.jpg\" alt=\"Fathi Osman (1966*) Ex-Eritrean diplomat and political commentator who worksfor the famous Radio Erena in Paris.\" width=\"300\" height=\"300\" class=\"size-medium wp-image-579\" srcset=\"https:\/\/eritreischer-medienbund.ch\/wordpress\/wp-content\/uploads\/2016\/10\/20161016-131728-blackbox-300x300.jpg 300w, https:\/\/eritreischer-medienbund.ch\/wordpress\/wp-content\/uploads\/2016\/10\/20161016-131728-blackbox-150x150.jpg 150w, https:\/\/eritreischer-medienbund.ch\/wordpress\/wp-content\/uploads\/2016\/10\/20161016-131728-blackbox-768x768.jpg 768w, https:\/\/eritreischer-medienbund.ch\/wordpress\/wp-content\/uploads\/2016\/10\/20161016-131728-blackbox-1024x1024.jpg 1024w, https:\/\/eritreischer-medienbund.ch\/wordpress\/wp-content\/uploads\/2016\/10\/20161016-131728-blackbox.jpg 1536w\" sizes=\"auto, (max-width: 300px) 100vw, 300px\" \/><\/a><p class=\"wp-caption-text\">Fathi Osman (1966*) Ex-Eritrean diplomat and political commentator who works for the famous Radio Erena in Paris.<\/p><\/div><\/div>\n<div class=\"col-md-8\">\n<h2><strong>Fathi Osman Ahmed<\/strong><\/h2>\n<p>Journalist, Autor und politischer Kommentator f\u00fcr das Radio Erena in Paris, geboren im Sudan und teils aufgewachsen in Kuwait. Fathi Osman Ahmed verf\u00fcgt \u00fcber ein Universit\u00e4tsdiplom in Diplomatischen Studien, arbeitete im Informationsministerium Eritreas und war zehn Jahre als Diplomat (charg\u00e9 d\u2019affaires) in den eritreischen Botschaften in Pakistan und Saudiarabien t\u00e4tig. Auch \u00fcber die Zwei-Prozent-Steuer weiss er einiges zu berichten. 2014 publizierte er auf Arabisch das Buch \u00abEritrea: vom Traum der Unabh\u00e4ngigkeit zum Alptraum einer Diktatur\u00bb.<br \/>\n<a href=\"https:\/\/www.facebook.com\/fathi.osman\" target=\"_blank\">Facebook: Fathi Osman<\/a>\n<\/div>\n<\/div>\n<p>&nbsp;<\/p>\n<div class=\"row\">\n<div class=\"col-md-4\"><div id=\"attachment_591\" class=\"wp-caption alignleft\" style=\"width: 300px\"><a href=\"https:\/\/eritreischer-medienbund.ch\/wordpress\/wp-content\/uploads\/2016\/10\/20161016-152621-blackbox.jpg\"><img loading=\"lazy\" decoding=\"async\" src=\"https:\/\/eritreischer-medienbund.ch\/wordpress\/wp-content\/uploads\/2016\/10\/20161016-152621-blackbox-300x300.jpg\" alt=\"Rigat Imfeld (*1974) Eritrean History Before and After Independence. \" width=\"300\" height=\"300\" class=\"size-medium wp-image-591\" srcset=\"https:\/\/eritreischer-medienbund.ch\/wordpress\/wp-content\/uploads\/2016\/10\/20161016-152621-blackbox-300x300.jpg 300w, https:\/\/eritreischer-medienbund.ch\/wordpress\/wp-content\/uploads\/2016\/10\/20161016-152621-blackbox-150x150.jpg 150w, https:\/\/eritreischer-medienbund.ch\/wordpress\/wp-content\/uploads\/2016\/10\/20161016-152621-blackbox-768x768.jpg 768w, https:\/\/eritreischer-medienbund.ch\/wordpress\/wp-content\/uploads\/2016\/10\/20161016-152621-blackbox-1024x1024.jpg 1024w, https:\/\/eritreischer-medienbund.ch\/wordpress\/wp-content\/uploads\/2016\/10\/20161016-152621-blackbox.jpg 1536w\" sizes=\"auto, (max-width: 300px) 100vw, 300px\" \/><\/a><p class=\"wp-caption-text\">Rigat Imfeld (*1974) Eritrean History Before and After Independence.<\/p><\/div><\/div>\n<div class=\"col-md-8\">\n<h2><strong>Rigat Imfeld-Hadish<\/strong><\/h2>\n<p>In Eritrea geboren und wegen des B\u00fcrgerkrieges teils im Sudan aufgewachsen. Rigat Imfeld-Hadish arbeitete als Lehrerin im eritreischen Erziehungsministerium. Sie war auch als kaufm\u00e4nnische Angestellte t\u00e4tig. Bis 2002 lebte Rigat Imfeld-Hadish in Eritrea, dann zog sie in die Schweiz. Seit 2007 engagiert sie sich f\u00fcr Menschenrechte und Demokratie, zurzeit als Vorsitzende im \u00abEritrean Movement for Democratic Change\u00bb. \u00dcber zwei Jahre war sie Vorsitzende der Dachorganisation der eritreischen Oppositionsbewegungen in der Schweiz.<br \/>\n<a href=\"https:\/\/www.facebook.com\/rigath\" target=\"_blank\">Facebook: Rigat Imfeld-Hadish<\/a>\n<\/div>\n<\/div>\n<p>&nbsp;<\/p>\n<div class=\"row\">\n<div class=\"col-md-4\"><div id=\"attachment_571\" class=\"wp-caption alignleft\" style=\"width: 300px\"><a href=\"https:\/\/eritreischer-medienbund.ch\/wordpress\/wp-content\/uploads\/2016\/10\/20161015-193650-blackbox.jpg\"><img loading=\"lazy\" decoding=\"async\" src=\"https:\/\/eritreischer-medienbund.ch\/wordpress\/wp-content\/uploads\/2016\/10\/20161015-193650-blackbox-300x300.jpg\" alt=\"Journalist und UNO-Beobachter, studierte an der Universit\u00e4t K\u00f6ln Volkswirtschaft und Journalismus.\" width=\"300\" height=\"300\" class=\"size-medium wp-image-571\" srcset=\"https:\/\/eritreischer-medienbund.ch\/wordpress\/wp-content\/uploads\/2016\/10\/20161015-193650-blackbox-300x300.jpg 300w, https:\/\/eritreischer-medienbund.ch\/wordpress\/wp-content\/uploads\/2016\/10\/20161015-193650-blackbox-150x150.jpg 150w, https:\/\/eritreischer-medienbund.ch\/wordpress\/wp-content\/uploads\/2016\/10\/20161015-193650-blackbox-768x768.jpg 768w, https:\/\/eritreischer-medienbund.ch\/wordpress\/wp-content\/uploads\/2016\/10\/20161015-193650-blackbox-1024x1024.jpg 1024w, https:\/\/eritreischer-medienbund.ch\/wordpress\/wp-content\/uploads\/2016\/10\/20161015-193650-blackbox.jpg 1536w\" sizes=\"auto, (max-width: 300px) 100vw, 300px\" \/><\/a><p class=\"wp-caption-text\">Journalist und UNO-Beobachter, studierte an der Universit\u00e4t K\u00f6ln Volkswirtschaft und Journalismus.<\/p><\/div><\/div>\n<div class=\"col-md-8\">\n<h2><strong>Moderation: Andreas Zumach<\/strong><\/h2>\n<p>Journalist und UNO-Beobachter, studierte an der Universit\u00e4t K\u00f6ln Volkswirtschaft und Journalismus. Andreas Zumach arbeitet in den Bereichen des V\u00f6lkerrechts, der Menschenrechts- und Sicherheitspolitik, der R\u00fcstungskontrolle und internationaler Organisationen. Am Genfer UNO-Sitz ist Andreas Zumach als Korrespondent f\u00fcr diverse deutschsprachige Tageszeitungen, f\u00fcr Radio und Fernsehen t\u00e4tig. 2009 wurde ihm der G\u00f6ttinger Friedenspreis verliehen. 2015 erschien sein neustes Buch <a href=\"http:\/\/www.srf.ch\/sendungen\/tagesgespraech\/andreas-zumach-globales-chaos-machtlose-uno\">\u00abGlobales Chaos \u2013 machtlose UNO: Ist die Weltorganisation \u00fcberfl\u00fcssig\u00bb<\/a>.\n<\/div>\n<\/div>\n","protected":false},"excerpt":{"rendered":"<p>Prominente Fachleute aus Eritrea und der Schweiz pr\u00e4sentierten am Samstag, 15. Oktober zuerst die Geschichte Eritreas\u00a0und informierten dann tiefgreifend und fundiert \u00fcber die Menschenrechtslage in Eritrea. &nbsp; Dr. Daniel R. Mekonnen Rechtsanwalt f\u00fcr Menschenrechte und Internationales \u00d6ffentliches Recht, studierte an der Universit\u00e4t in Asmara und arbeitete anschliessend als Distriktrichter. Daniel Mekonnen ist Menschenrechtsaktivist, Lyriker, sowie [&hellip;]<\/p>\n","protected":false},"author":11,"featured_media":0,"parent":28,"menu_order":0,"comment_status":"closed","ping_status":"closed","template":"","meta":{"footnotes":""},"class_list":["post-608","page","type-page","status-publish","hentry"],"jetpack_sharing_enabled":true,"_links":{"self":[{"href":"https:\/\/eritreischer-medienbund.ch\/wordpress\/wp-json\/wp\/v2\/pages\/608","targetHints":{"allow":["GET"]}}],"collection":[{"href":"https:\/\/eritreischer-medienbund.ch\/wordpress\/wp-json\/wp\/v2\/pages"}],"about":[{"href":"https:\/\/eritreischer-medienbund.ch\/wordpress\/wp-json\/wp\/v2\/types\/page"}],"author":[{"embeddable":true,"href":"https:\/\/eritreischer-medienbund.ch\/wordpress\/wp-json\/wp\/v2\/users\/11"}],"replies":[{"embeddable":true,"href":"https:\/\/eritreischer-medienbund.ch\/wordpress\/wp-json\/wp\/v2\/comments?post=608"}],"version-history":[{"count":16,"href":"https:\/\/eritreischer-medienbund.ch\/wordpress\/wp-json\/wp\/v2\/pages\/608\/revisions"}],"predecessor-version":[{"id":756,"href":"https:\/\/eritreischer-medienbund.ch\/wordpress\/wp-json\/wp\/v2\/pages\/608\/revisions\/756"}],"up":[{"embeddable":true,"href":"https:\/\/eritreischer-medienbund.ch\/wordpress\/wp-json\/wp\/v2\/pages\/28"}],"wp:attachment":[{"href":"https:\/\/eritreischer-medienbund.ch\/wordpress\/wp-json\/wp\/v2\/media?parent=608"}],"curies":[{"name":"wp","href":"https:\/\/api.w.org\/{rel}","templated":true}]}}