{"id":601,"date":"2016-10-23T15:45:00","date_gmt":"2016-10-23T15:45:00","guid":{"rendered":"http:\/\/eritreischer-medienbund.ch\/?page_id=601"},"modified":"2016-11-29T22:28:50","modified_gmt":"2016-11-29T22:28:50","slug":"open-the-blackbox-meet-the-experts","status":"publish","type":"page","link":"https:\/\/eritreischer-medienbund.ch\/wordpress\/blackbox-eritrea\/open-the-blackbox-meet-the-experts\/","title":{"rendered":"Open the blackbox \u2013 meet the experts"},"content":{"rendered":"<p>Der Eritreische Medienbund Schweiz hat zum \u00abOpen the blackbox \u2013 meet the experts\u00bb am 16.Oktober Experten und Expertinnen aus Eritrea und der Schweiz eingeladen. Zum ersten Mal wurde ein Wissens-Panorama \u00fcber Eritrea er\u00f6ffnet und erm\u00f6glichte dem Publikum, sich ein pers\u00f6nliches und vielf\u00e4ltiges Bild von Eritrea aus diversen, oft verborgenen Wissenspartikeln selber zusammenzusetzen.<br \/>\n&nbsp;<br \/>\n[huge_it_gallery id=&#187;1&#8243;]<\/p>\n<p>&nbsp;<\/p>\n<p>&nbsp;<\/p>\n","protected":false},"excerpt":{"rendered":"<p>Der Eritreische Medienbund Schweiz hat zum \u00abOpen the blackbox \u2013 meet the experts\u00bb am 16.Oktober Experten und Expertinnen aus Eritrea und der Schweiz eingeladen. Zum ersten Mal wurde ein Wissens-Panorama \u00fcber Eritrea er\u00f6ffnet und erm\u00f6glichte dem Publikum, sich ein pers\u00f6nliches und vielf\u00e4ltiges Bild von Eritrea aus diversen, oft verborgenen Wissenspartikeln selber zusammenzusetzen. &nbsp; [huge_it_gallery id=&#187;1&#8243;] [&hellip;]<\/p>\n","protected":false},"author":11,"featured_media":0,"parent":28,"menu_order":0,"comment_status":"closed","ping_status":"closed","template":"","meta":{"footnotes":""},"class_list":["post-601","page","type-page","status-publish","hentry"],"jetpack_sharing_enabled":true,"_links":{"self":[{"href":"https:\/\/eritreischer-medienbund.ch\/wordpress\/wp-json\/wp\/v2\/pages\/601","targetHints":{"allow":["GET"]}}],"collection":[{"href":"https:\/\/eritreischer-medienbund.ch\/wordpress\/wp-json\/wp\/v2\/pages"}],"about":[{"href":"https:\/\/eritreischer-medienbund.ch\/wordpress\/wp-json\/wp\/v2\/types\/page"}],"author":[{"embeddable":true,"href":"https:\/\/eritreischer-medienbund.ch\/wordpress\/wp-json\/wp\/v2\/users\/11"}],"replies":[{"embeddable":true,"href":"https:\/\/eritreischer-medienbund.ch\/wordpress\/wp-json\/wp\/v2\/comments?post=601"}],"version-history":[{"count":10,"href":"https:\/\/eritreischer-medienbund.ch\/wordpress\/wp-json\/wp\/v2\/pages\/601\/revisions"}],"predecessor-version":[{"id":910,"href":"https:\/\/eritreischer-medienbund.ch\/wordpress\/wp-json\/wp\/v2\/pages\/601\/revisions\/910"}],"up":[{"embeddable":true,"href":"https:\/\/eritreischer-medienbund.ch\/wordpress\/wp-json\/wp\/v2\/pages\/28"}],"wp:attachment":[{"href":"https:\/\/eritreischer-medienbund.ch\/wordpress\/wp-json\/wp\/v2\/media?parent=601"}],"curies":[{"name":"wp","href":"https:\/\/api.w.org\/{rel}","templated":true}]}}