{"id":386,"date":"2016-10-15T17:16:24","date_gmt":"2016-10-15T17:16:24","guid":{"rendered":"http:\/\/eritreischer-medienbund.ch\/?page_id=386"},"modified":"2017-09-22T12:33:23","modified_gmt":"2017-09-22T12:33:23","slug":"petition-ruecknahme-der-praxisaenderung-gegenueber-eritreischen-fluechtlingen","status":"publish","type":"page","link":"https:\/\/eritreischer-medienbund.ch\/wordpress\/petition-ruecknahme-der-praxisaenderung-gegenueber-eritreischen-fluechtlingen\/","title":{"rendered":"Petition"},"content":{"rendered":"<h3><strong>R\u00fccknahme der Praxis\u00e4nderung gegen\u00fcber eritreischen Fl\u00fcchtlingen!<\/strong><\/h3>\n<p>Wir, alle Unterzeichnenden, fordern von der Bundesr\u00e4tin Simonetta Sommaruga und den Verantwortlichen des Staatssekretariats f\u00fcr Migration (SEM), die Praxis\u00e4nderung vom Juni 2016 im Umgang mit eritreischen Fl\u00fcchtlingen umgehend r\u00fcckg\u00e4ngig zu machen. Dadurch wird gew\u00e4hrleistet, dass den eritreischen Fl\u00fcchtlingen in der Schweiz weiterhin ein faires Asylverfahren gew\u00e4hrt wird und die Resultate des UNO-Menschenrechtsberichts im Verfahren ihren Niederschlag finden.<\/p>\n<p>Situation heute: Die f\u00fcr die Asylverfahren in der Schweiz zust\u00e4ndige Beh\u00f6rde, das SEM, hat im Juni 2016 die Praxis im Umgang mit eritreischen Fl\u00fcchtlingen versch\u00e4rft. Neu sollen eritreische Fl\u00fcchtlinge die Schweiz verlassen m\u00fcssen, sofern sie in Eritrea noch nie f\u00fcr den zeitlich weiterhin unbefristeten Nationaldienst aufgeboten, von diesem befreit oder aus diesem entlassen worden sind. Damit erh\u00e4lt eine immer gr\u00f6ssere Gruppe von Eritreerinnen und Eritreern einen negativen Asylentscheid mit Wegweisungsverf\u00fcgung. Gerade Minderj\u00e4hrige, die den gr\u00f6ssten Schutz von unserer Gesellschaft verdienen sollten, leiden unter dieser Praxisversch\u00e4rfung.<\/p>\n<p>In Eritrea herrscht seit \u00fcber zwanzig Jahren eine Milit\u00e4rdiktatur. Wer illegal aus Eritrea ausgereist ist, muss bei einer R\u00fcckkehr mit Repressionen und Gef\u00e4ngnis rechnen. Der im Juni 2016 ver\u00f6ffentlichte UNO-Bericht der Eritrea-Untersuchungskommission zeichnet ein d\u00fcsteres Bild der Menschenrechtslage und die UNO appelliert an alle Staaten, eritreische Asylsuchende nicht zur R\u00fcckkehr zu zwingen. Die Fact-Finding Mission vom Februar\/M\u00e4rz 2016 des SEM brachte keine neuen Erkenntnisse zur Menschenrechtssituation in Eritrea, weshalb die Praxisversch\u00e4rfung jeglicher Grundlage entbehrt und sich nicht rechtfertigen l\u00e4sst.<\/p>\n<p>Vom SEM abgelehnte eritreische Fl\u00fcchtlinge kehren, wie erw\u00e4hnt, nicht freiwillig nach Eritrea zur\u00fcck, und sie werden auch nicht unter Zwang zur\u00fcckgeschafft (kein europ\u00e4isches Land kennt eine Zwangsr\u00fcckschaffung eritreischer Fl\u00fcchtlinge). Als Sans-Papiers entrechtet und ihrer menschlichen W\u00fcrde beraubt, leben sie als Nothilfe Empf\u00e4ngerInnen ohne Perspektive in Asylzentren oder tauchen unter. Sie d\u00fcrfen offiziell keiner Arbeit nachgehen und riskieren jederzeit Bussen f\u00fcr illegalen Aufenthalt. Diese Menschen leben in unserem Land in st\u00e4ndiger Angst.<\/p>\n<p>Gemeinsam fordern WIR die R\u00fccknahme der Praxisversch\u00e4rfung des SEM!<\/p>\n<p>&nbsp;<\/p>\n<p><a href=\"https:\/\/eritreischer-medienbund.ch\/wordpress\/wp-content\/uploads\/2016\/10\/Open_Letter-V-18-10-2016.pdf\">Open letter to Ms. Simonetta Sommaruga, Head of the Federal Department of Justice and Police, Mr. Mario Gattiker, Secretary of State of the State Secretariat for Migration <\/a><\/p>\n<p><iframe loading=\"lazy\" src=\"https:\/\/www.youtube.com\/embed\/zAQD9nMpiOU\" width=\"560\" height=\"315\" frameborder=\"0\" allowfullscreen=\"allowfullscreen\"><\/iframe><\/p>\n<p>&nbsp;<\/p>\n<p>\u120b\u121d \u12a9\u120d\u12a9\u121d \u12a4\u122d\u1275\u122b\u12cd\u12eb\u1295<br \/>\n\u1218\u1295\u130d\u1235\u1272 \u1235\u12ca\u12dd \u130c\u122d\u12ce \u12d8\u120e \u121d\u1245\u12ed\u12eb\u122b\u1275\u1364<br \/>\n1. \u12a9\u1209 \u12a4\u122d\u1275\u122b\u12ca \u12a3\u1265 \u12cd\u1275\u1205\u12f5\u122d\u1293 \u12d8\u12ed\u1290\u1260\u1228 \u12d1\u1245\u1263 \u121d\u1235 \u12dd\u1213\u1275\u1275 \u12a8\u121d \u12d8\u12ed\u1245\u1260\u120d\u12ce\u1362<br \/>\n2. \u12a4\u122d\u1275\u122b\u12cd\u12eb\u1295 \u1293\u1265 \u12d3\u12f6\u121d \u1295\u12ad\u1275\u1218\u120d\u1236\u121d \u12a3\u1235\u130b\u12a2 \u1235\u1208\u12dd\u12ae\u1290 \u130d\u1295\u1364 \u12d8\u12ed\u1215\u130b\u12cd\u12eb\u1295 \u12ae\u12ed\u1296\u121d \u12ad\u1290\u1265\u1229 \u12ed\u130d\u12f0\u12f1\u1362<br \/>\n\u12a8\u121d \u12cd\u1338\u12a2\u1275 \u1293\u12ed\u12da \u12f5\u121b \u12ad\u1230\u122d\u1211 \u12a3\u12ed\u12a8\u1209\u1364 \u12ad\u1218\u1203\u1229 \u12a0\u12ed\u12a8\u12a5\u1209\u1362<br \/>\n3. \u12a5\u12da \u121d\u1245\u12ed\u12eb\u122b\u1275 \u12f5\u121b \u1240\u1295\u12f2 \u1295 \u1275\u1215\u1272 \u12d5\u12f5\u1218 \u12a0\u1215\u12cb\u1275\u1293 \u12ed\u1203\u1232\u1362<br \/>\n\u1290\u12da \u12a8\u121d\u1272 \u1245\u12f5\u121d \u12dd\u1290\u1260\u122e \u1295\u121d\u1245\u12eb\u122d\u1361 \u12a8\u121d\u12a1\u12cd\u1295 \u12a4\u122d\u1275\u122b\u12cd\u12eb\u1295 \u1213\u1270\u1275\u1272 \u12d1\u1245\u1263 \u134d\u1275\u1213\u12ca \u121d\u133d\u122b\u12eb\u1275 \u1218\u1273\u1295 \u12ad\u12ab\u12e8\u12f0\u120e\u121d\u1295\u1364 \u12a5\u12da<br \/>\nPetition \u12a3\u12f3\u120a\u1293\u12ee \u12a0\u1208\u1293\u1362<br \/>\n\u1235\u1208\u12da \u12f5\u121b \u121d\u1275\u1215\u1265\u1263\u122d\u12a9\u121d \u1295\u1213\u1275\u1275\u1362<br \/>\n\u12a9\u1209 \u1230\u1265 \u12a3\u1265\u12da \u12ad\u1218\u120d\u12a5 \u12ed\u12a8\u12a5\u120d \u12a5\u12e9\u1362<br \/>\n\u12e8\u1240\u1295\u12e8\u120d\u1293<\/p>\n<p>Eritreischer Medienbund Schweiz<br \/>\nBitte Unterschreibt hier.<br \/>\n\u12a3\u1265\u12da \u1235\u121d\u12a9\u121d\u1364 \u1235\u121d \u12a3\u1266\u12a9\u121d\u1295\u1364 \u12a2\u1218\u12ed\u120d\u12a9\u121d\u1295(Email) \u121d\u120d\u12a5\u12ce\u1362<br \/>\n\u0627\u0644\u0631\u062c\u0627\u0621 \u062a\u0648\u0642\u064a\u0639 \u0627\u0644\u0639\u0631\u064a\u0636\u0629<br \/>\n<!-- SpeakOut! Email Petitions 4.5.2 : De -->\n<div id=\"dk-speakout-windowshade\"><\/div>\r\n\t\t\t\t\t<div class=\"dk-speakout-petition-wrap \" id=\"dk-speakout-petition-1\" >\r\n\t\t\t\t\t\t<h3>R\u00fccknahme der Praxis\u00e4nderung gegen\u00fcber eritreischen Fl\u00fcchtlingen!<\/h3><a id=\"dk-speakout-readme-1\" class=\"dk-speakout-readme\" rel=\"1\" style=\"display: none;\"><span>Read the Petition<\/span><\/a><div id=\"dk-speakout-form-wrap\">\r\n    \t\t\t\t            <form class=\"dk-speakout-petition\"><input type=\"hidden\" id=\"dk-speakout-posttitle-1\" value=\"R%C3%BCcknahme+der+Praxis%C3%A4nderung+gegen%C3%BCber+eritreischen+Fl%C3%BCchtlingen%21\" \/>\n<input type=\"hidden\" id=\"dk-speakout-tweet-1\" value=\"\" \/>\n<input type=\"hidden\" id=\"dk-speakout-lang-1\" value=\"\" \/>\n<input type=\"hidden\" id=\"dk-speakout-textval-1\" value=\"val\" \/>\n<input type=\"hidden\" id=\"dk-speakout-petition-fade-1\" value=\"disabled\" \/>\n<input type=\"hidden\" id=\"dk-speakout-requires_confirmation-1\" value=\"0\" \/>\n<input type=\"hidden\" id=\"dk-speakout-hide-email-field-1\" value=\"0\" \/>\n    <div class=\"dk-speakout-full\">\r\n                                <select name=\"dk-speakout-honorific\" id=\"dk-speakout-honorific-1\"><option value=\"Ms.\r\n\">Ms.\r\n<\/option>\n<option value=\"Mr.\r\n\">Mr.\r\n<\/option>\n<option value=\"Miss.\r\n\">Miss.\r\n<\/option>\n<option value=\"Mrs.\r\n\">Mrs.\r\n<\/option>\n<option value=\"Mx.\r\n\">Mx.\r\n<\/option>\n<option value=\"Dr.\">Dr.<\/option>\n<\/select>\r\n                                <\/div>\t<div class=\"dk-speakout-full\">\r\n    \t\t\t\t\t\t\t\t<input autocomplete=\"given-name\" name=\"dk-speakout-first-name\" id=\"dk-speakout-first-name-1\" value=\"\" type=\"text\" placeholder=\"First Name\" required=\"required\"  \/>\r\n    \t\t\t\t\t\t\t<\/div>\r\n    \t\t\t\t\t\t\t\r\n    \t\t\t\t\t\t\t<div class=\"dk-speakout-full\">\r\n    \t\t\t\t\t\t\t\t<input autocomplete=\"family-name\" name=\"dk-speakout-last-name\" id=\"dk-speakout-last-name-1\" value=\"\" type=\"text\" placeholder=\"Last Name\" required=\"required\"  \/>\r\n    \t\t\t\t\t\t\t<\/div><div class=\"dk-speakout-full\">\r\n    \t\t\t\t\t\t\t\t<input autocomplete=\"email\" name=\"dk-speakout-email\" id=\"dk-speakout-email-1\" value=\"\" type=\"email\"  placeholder=\"Email\" required=\"required\"  \/>\r\n    \t\t\t\t\t\t\t<\/div><div><\/div>\r\n    \t\t\t\t\t\t\t<div class=\"dk-speakout-full dk-speakout-message\"  id=\"dk-speakout-message-1\">\r\n    \t\t\t\t\t\t\t\t<p class=\"dk-speakout-greeting\"><\/p>\r\n    \t\t\t\t\t\t\t\t<p>Wir, alle Unterzeichnenden, fordern von der Bundesr\u00e4tin Simonetta Sommaruga und den Verantwortlichen des Staatssekretariats f\u00fcr Migration (SEM), die Praxis\u00e4nderung vom Juni 2016 im Umgang mit eritreischen Fl\u00fcchtlingen umgehend r\u00fcckg\u00e4ngig zu machen. Dadurch wird gew\u00e4hrleistet, dass den eritreischen Fl\u00fcchtlingen in der Schweiz weiterhin ein faires Asylverfahren gew\u00e4hrt wird und die Resultate des UNO-Menschenrechtsberichts im Verfahren ihren Niederschlag finden.<\/p>\n<p>Situation heute: Die f\u00fcr die Asylverfahren in der Schweiz zust\u00e4ndige Beh\u00f6rde, das SEM, hat im Juni 2016 die Praxis im Umgang mit eritreischen Fl\u00fcchtlingen versch\u00e4rft. Neu sollen eritreische Fl\u00fcchtlinge die Schweiz verlassen m\u00fcssen, sofern sie in Eritrea noch nie f\u00fcr den zeitlich weiterhin unbefristeten Nationaldienst aufgeboten, von diesem befreit oder aus diesem entlassen worden sind. Damit erh\u00e4lt eine immer gr\u00f6ssere Gruppe von Eritreerinnen und Eritreern einen negativen Asylentscheid mit Wegweisungsverf\u00fcgung. Gerade Minderj\u00e4hrige, die den gr\u00f6ssten Schutz von unserer Gesellschaft verdienen sollten, leiden unter dieser Praxisversch\u00e4rfung.<\/p>\n<p>In Eritrea herrscht seit \u00fcber zwanzig Jahren eine Milit\u00e4rdiktatur. Wer illegal aus Eritrea ausgereist ist, muss bei einer R\u00fcckkehr mit Repressionen und Gef\u00e4ngnis rechnen. Der im Juni 2016 ver\u00f6ffentlichte UNO-Bericht der Eritrea-Untersuchungskommission zeichnet ein d\u00fcsteres Bild der Menschenrechtslage und die UNO appelliert an alle Staaten, eritreische Asylsuchende nicht zur R\u00fcckkehr zu zwingen. Die Fact-Finding Mission vom Februar\/M\u00e4rz 2016 des SEM brachte keine neuen Erkenntnisse zur Menschenrechtssituation in Eritrea, weshalb die Praxisversch\u00e4rfung jeglicher Grundlage entbehrt und sich nicht rechtfertigen l\u00e4sst.<\/p>\n<p>Vom SEM abgelehnte eritreische Fl\u00fcchtlinge kehren, wie erw\u00e4hnt, nicht freiwillig nach Eritrea zur\u00fcck, und sie werden auch nicht unter Zwang zur\u00fcckgeschafft (kein europ\u00e4isches Land kennt eine Zwangsr\u00fcckschaffung eritreischer Fl\u00fcchtlinge). Als Sans-Papiers entrechtet und ihrer menschlichen W\u00fcrde beraubt, leben sie als Nothilfe Empf\u00e4ngerInnen ohne Perspektive in Asylzentren oder tauchen unter. Sie d\u00fcrfen offiziell keiner Arbeit nachgehen und riskieren jederzeit Bussen f\u00fcr illegalen Aufenthalt. Diese Menschen leben in unserem Land in st\u00e4ndiger Angst. <\/p>\n<p>Gemeinsam fordern WIR die R\u00fccknahme der Praxisversch\u00e4rfung des SEM!<\/p>\n\r\n    \t\t\t\t\t\t\t\t<p class=\"dk-speakout-caps\">%%your signature%%<\/p><\/div>\r\n    \t\t\t\t\t\t\t<div class=\"dk-speakout-bcc-wrap\">\r\n    \t\t\t\t\t\t\t\t<div class=\"dk-speakout-options-checkbox\">\r\n    \t\t\t\t\t\t\t\t    <input type=\"checkbox\" name=\"dk-speakout-bcc\" id=\"dk-speakout-bcc-1\" CHECKED \/>\r\n    \t\t\t\t\t\t\t\t    <label for=\"dk-speakout-bcc-1\" class=\"dk-speakout-options\">BCC yourself <\/label>\r\n    \t\t\t\t\t\t\t\t\r\n    \t\t\t\t\t\t\t    <\/div>\r\n    \t\t\t\t\t\t\t<\/div>\r\n    \t\t\t\t\t\t\t<div class=\"dk-speakout-privacypolicy-wrap\">\r\n    \t\t\t\t\t\t\t\t<div class=\"dk-speakout-options-checkbox\">\r\n    \t\t\t\t\t\t\t\t    <input type=\"checkbox\" name=\"dk-speakout-privacypolicy\" id=\"dk-speakout-privacypolicy-1\" class=\"required\" \/>\r\n    \t\t\t\t\t\t\t\t    <label for=\"dk-speakout-privacypolicy-1\" class=\"required dk-speakout-options\">Yes, I accept your <a href=\"\" target=\"_blank\">privacy policy<\/a><\/label>\r\n    \t\t\t\t\t\t\t\t<\/div>\r\n    \t\t\t\t\t\t\t<\/div>\r\n                            <div class=\"dk-speakout-submit-wrap\">\r\n                                <div id=\"dk-speakout-ajaxloader-1\" class=\"dk-speakout-ajaxloader\" style=\"visibility: hidden;\">&nbsp;<\/div>\r\n                                <button name=\"1\" class=\"dk-speakout-submit\">Sign Now<\/button>\r\n                            <\/div> <\/form><\/div><div class=\"dk-speakout-response\"><\/div>\r\n\t\t\t\t\t\t<div class=\"dk-speakout-progress-wrap\">\r\n    \t\t\t\t\t\t\t<div class=\"dk-speakout-signature-count\"><span>1,860<\/span> signatures = 47% of goal<\/div>\r\n                            <div class=\"dk-speakout-count\">0<div class=\"dk-speakout-progress\" style=\"width: 200px;\">\r\n\t\t\t\t\t\t\t\t<div class=\"dk-speakout-progressbar dk-speakout-progressbar-medium\" style=\"width: 92px;\"><\/div>\r\n\t\t\t\t\t\t\t<\/div> 4,000<\/div>\r\n\t\t\t\t\t\t<\/div>\r\n\t\t\t\t\t\t<div class=\"dk-speakout-share\">\r\n\t\t\t\t\t\t\t<div>\r\n                                 <p>Share this with your friends:<\/p>\r\n\t\t\t\t\t\t\t     <p>\r\n                                    <a class=\"dk-speakout-facebook\" href=\"#\" title=\"Facebook\" rel=\"1\"><span>&nbsp;<\/span><\/a>\r\n                                    <a class=\"dk-speakout-email\"  target=\"_blank\" href=\"mailto:?subject=Petition: R\u00fccknahme der Praxis\u00e4nderung gegen\u00fcber eritreischen Fl\u00fcchtlingen!&amp;body=Hi there, I want to share this petition titled %22R\u00fccknahme der Praxis\u00e4nderung gegen\u00fcber eritreischen Fl\u00fcchtlingen!%22 with you: https:\/\/eritreischer-medienbund.ch\/wordpress\/wp-json\/wp\/v2\/pages\/386\" title=\"Share by Email\"><span>&nbsp;<\/span><\/a>\r\n\r\n                                    <a class=\"dk-speakout-x\" href=\"#\" title=\"x\" rel=\"1\"><span>&nbsp;<\/span><\/a>\r\n\t\t\t\t\t\t\t     <\/p>\r\n\t\t\t\t\t\t    <\/div>\r\n\t\t\t\t\t\t\t<div class=\"dk-speakout-clear\"><\/div>\r\n\t\t\t\t\t\t<\/div><\/div><\/p>\n<h3>Wir reichten die Petition am 10. Dezember 2016 ein, am Internationalen Tag der Menschenrechte.<\/h3>\n\r\n                    <!-- signaturelist table -->\r\n                    <div class=\"dk-speakout-signaturelistWrapper\">\r\n                      <div class=\"dk-speakout-signaturelist-header\">Latest Signatures<\/div>\r\n                        <table class=\"dk-speakout-signaturelist dk-speakout-signaturelist-1\">\r\n    \t\t\t\t\t<tr class=\"dk-speakout-signaturelist-pagelinks\">\r\n    \t\t\t\t\t\t<td colspan=\"3\">\r\n    \t\t\t\t\t\t    <a class=\"dk-speakout-signaturelist-first dk-speakout-signaturelist-disabled\" rel=\"1,1860,50,1860,0,3\">&lt;&lt;<\/a>\r\n    \t\t\t\t\t\t\t<a class=\"dk-speakout-signaturelist-prev dk-speakout-signaturelist-disabled\" rel=\"1,1860,50,1860,0,3\">&lt;<\/a>\r\n    \t\t\t\t\t\t\t<a class=\"dk-speakout-signaturelist-next\" rel=\"1,50,50,1860,1,3,\">&gt;<\/a>\r\n    \t\t\t\t\t\t\t<a class=\"dk-speakout-signaturelist-last\" rel=\"1,1810,50,1860,1,3,\">&gt;&gt;<\/a>\r\n    \t\t\t\t\t\t<\/td>\r\n    \t\t\t\t\t<\/tr>\r\n    \t\t\t\t\t<\/table>\r\n                    <\/div>\n<p>&nbsp;<\/p>\n<p><strong>Hintergrundtexte:<\/strong><\/p>\n<p><a href=\"https:\/\/eritreischer-medienbund.ch\/wordpress\/wp-content\/uploads\/2016\/10\/Das-Argument-der-Wirtschaftsfl\u00fcchtlinge_korrJM-2.pdf\">Das Argument der \u00abWirtschaftsfl\u00fcchtlinge\u00bb im Verh\u00e4ltnis zum Nationaldienst <\/a><\/p>\n<p><a href=\"https:\/\/eritreischer-medienbund.ch\/wordpress\/wp-content\/uploads\/2016\/10\/Der-eritreische-Nationaldienst_korrJM-2.pdf\">Der eritreische Nationaldienst \u2013 staatliche Sklaverei<\/a><\/p>\n<p><a href=\"https:\/\/eritreischer-medienbund.ch\/wordpress\/wp-content\/uploads\/2016\/10\/Die-aktuellen-Versch\u00e4rfungen_korrJM-2.pdf\">Die aktuellen Versch\u00e4rfungen im Verh\u00e4ltnis zu den Feststellungen in den<br \/>\nAsylentscheiden<\/a><\/p>\n<p><a href=\"https:\/\/eritreischer-medienbund.ch\/wordpress\/wp-content\/uploads\/2016\/10\/interview-mekonnen_deutsch_korrJM.pdf\">Interview mit dem Anwalt und Menschenrechtsaktivisten<br \/>\nDr. Daniel Mekonnen<\/a><\/p>\n<p>Wir danken dem Verein <a href=\"http:\/\/www.giveahand.ch\/index.php\/de\/\" target=\"_blank\" rel=\"noopener noreferrer\">Give a hand<\/a> und der <a href=\"http:\/\/www.riggi-asyl.ch\" target=\"_blank\" rel=\"noopener noreferrer\">Freiwilligengruppe Riggisberg<\/a> f\u00fcr die \u00e4usserst wertvolle Mitarbeit an der Petition und f\u00fcr das Bereitstellen der relevanten Hintergrundtexte.<\/p>\n","protected":false},"excerpt":{"rendered":"<p>R\u00fccknahme der Praxis\u00e4nderung gegen\u00fcber eritreischen Fl\u00fcchtlingen! Wir, alle Unterzeichnenden, fordern von der Bundesr\u00e4tin Simonetta Sommaruga und den Verantwortlichen des Staatssekretariats f\u00fcr Migration (SEM), die Praxis\u00e4nderung vom Juni 2016 im Umgang mit eritreischen Fl\u00fcchtlingen umgehend r\u00fcckg\u00e4ngig zu machen. Dadurch wird gew\u00e4hrleistet, dass den eritreischen Fl\u00fcchtlingen in der Schweiz weiterhin ein faires Asylverfahren gew\u00e4hrt wird und die [&hellip;]<\/p>\n","protected":false},"author":11,"featured_media":0,"parent":0,"menu_order":0,"comment_status":"closed","ping_status":"closed","template":"","meta":{"footnotes":""},"class_list":["post-386","page","type-page","status-publish","hentry"],"jetpack_sharing_enabled":true,"_links":{"self":[{"href":"https:\/\/eritreischer-medienbund.ch\/wordpress\/wp-json\/wp\/v2\/pages\/386","targetHints":{"allow":["GET"]}}],"collection":[{"href":"https:\/\/eritreischer-medienbund.ch\/wordpress\/wp-json\/wp\/v2\/pages"}],"about":[{"href":"https:\/\/eritreischer-medienbund.ch\/wordpress\/wp-json\/wp\/v2\/types\/page"}],"author":[{"embeddable":true,"href":"https:\/\/eritreischer-medienbund.ch\/wordpress\/wp-json\/wp\/v2\/users\/11"}],"replies":[{"embeddable":true,"href":"https:\/\/eritreischer-medienbund.ch\/wordpress\/wp-json\/wp\/v2\/comments?post=386"}],"version-history":[{"count":27,"href":"https:\/\/eritreischer-medienbund.ch\/wordpress\/wp-json\/wp\/v2\/pages\/386\/revisions"}],"predecessor-version":[{"id":2159,"href":"https:\/\/eritreischer-medienbund.ch\/wordpress\/wp-json\/wp\/v2\/pages\/386\/revisions\/2159"}],"wp:attachment":[{"href":"https:\/\/eritreischer-medienbund.ch\/wordpress\/wp-json\/wp\/v2\/media?parent=386"}],"curies":[{"name":"wp","href":"https:\/\/api.w.org\/{rel}","templated":true}]}}