{"id":3626,"date":"2024-12-19T14:16:03","date_gmt":"2024-12-19T14:16:03","guid":{"rendered":"http:\/\/eritreischer-medienbund.ch\/wordpress\/?page_id=3626"},"modified":"2024-12-19T14:16:03","modified_gmt":"2024-12-19T14:16:03","slug":"projekt-schweigen-brechen-2-0","status":"publish","type":"page","link":"https:\/\/eritreischer-medienbund.ch\/wordpress\/projekt-schweigen-brechen-2-0\/","title":{"rendered":"Projekt \u00abSchweigen brechen 2.0\u00bb"},"content":{"rendered":"\n<p>\u2013 Ein Projekt von und f\u00fcr Eritreer*innen in der Schweiz zur Pr\u00e4vention von Gewalt gegen Frauen und h\u00e4uslicher Gewalt \u2013 <a href=\"https:\/\/www.schweigenbrechen.ch\">https:\/\/www.schweigenbrechen.ch<\/a><\/p>\n\n\n\n<p><strong>Projektdauer:<\/strong> 2025-2028<\/p>\n\n\n\n<p>Das Projekt \u00abSchweigen brechen 2.0\u00bb des Eritreischen Medienbund Schweiz sensibilisiert, vernetzt und empowert Eritreer*innen in der Schweiz zum Thema Pr\u00e4vention von Gewalt gegen Frauen. Dies anhand niederschwelliger, kultursensibler und professioneller Kurzfilme sowie Lern- und Vernetzungsveranstaltungen, wo das &#171;Schweigen brechen&#187; vorgelebt und trainiert wird.<\/p>\n\n\n\n<p>Es ist das Folgeprojekt von <a href=\"https:\/\/eritreischer-medienbund.ch\/wordpress\/projekt-schweigen-brechen\/\">\u00abSchweigen brechen\u00bb<\/a>, <a href=\"https:\/\/eritreischer-medienbund.ch\/wordpress\/tabutalks\/\">\u00abTabu-Talks\u00bb<\/a> und \u00abSchweigen brechen \u2013 Workshops\u00bb. In dieser zweiten Projektphase f\u00fchren wir die drei Pilot-Projektstrukturen zusammen und bauen unser Angebot zur Information, Sensibilisierung, Wissensvermittlung und Partizipation von Eritreer*innen aus.  Zum einen in dem wir mit neuem filmischem Bildungsmatieral, das Bestehende erg\u00e4nzen, zum anderen in dem wir unsere Netzwerkstrukturen festigen und unsere Informationskan\u00e4le zur Ereichung der Zielgruppe erweitern.<\/p>\n\n\n\n<p>Mit \u00abSchweigen brechen 2.0\u00bb setzen neue Schwerpunkte im Bereich \u00abh\u00e4usliche Gewalt\u00bb (u. a. T\u00e4tersensibilisierung) und erweitern den Fokus auf die Themen mentale Gesundheit und Alkoholsucht, die h\u00e4usliche Gewalt bedingen.<\/p>\n\n\n\n<p>Hierzu werden partizipativ sensible Themen rund um Gewalt an Frauen aufbereitet, Vermittlungsmethoden weiterentwickelt und existierende Erkennungs- und L\u00f6sungsstrategien gesucht: Einerseits im Austausch mit eritreischen Schl\u00fcsselpersonen, die in der Diaspora vernetzt und mit geschlechtsspezifischen Themen vertraut sind. Andererseits in Zusammenarbeit mit Schweizer Fachstellen und Partnerorganisationen. <\/p>\n\n\n\n<p>Die produzierten Materialien werden durch den <a href=\"https:\/\/eritreischer-medienbund.ch\/wordpress\/infokanal\/\">Infokanal<\/a> des Eritreischen Medienbund Schweiz verbreitet und erreichen so zahlreiche Eritreer*innen in der Schweiz. Zudem werden die Inhalte in analogen Workshops und Lernveranstaltungen mit eritreischen Frauen und M\u00e4nnern als Gespr\u00e4chsgrundlage um das Schweigen &#171;zu brechen&#187; genutzt.<\/p>\n\n\n\n<p><strong>Mit Unterst\u00fctzung von:<\/strong><\/p>\n\n\n\n<figure class=\"wp-block-image\"><img loading=\"lazy\" decoding=\"async\" width=\"1024\" height=\"154\" src=\"https:\/\/eritreischer-medienbund.ch\/wordpress\/wp-content\/uploads\/2024\/12\/EBG-Logo-1024x154.png\" alt=\"\" class=\"wp-image-3628\" srcset=\"https:\/\/eritreischer-medienbund.ch\/wordpress\/wp-content\/uploads\/2024\/12\/EBG-Logo-1024x154.png 1024w, https:\/\/eritreischer-medienbund.ch\/wordpress\/wp-content\/uploads\/2024\/12\/EBG-Logo-300x45.png 300w, https:\/\/eritreischer-medienbund.ch\/wordpress\/wp-content\/uploads\/2024\/12\/EBG-Logo-768x115.png 768w, https:\/\/eritreischer-medienbund.ch\/wordpress\/wp-content\/uploads\/2024\/12\/EBG-Logo.png 1730w\" sizes=\"auto, (max-width: 1024px) 100vw, 1024px\" \/><\/figure>\n\n\n\n<p><\/p>\n","protected":false},"excerpt":{"rendered":"<p>\u2013 Ein Projekt von und f\u00fcr Eritreer*innen in der Schweiz zur Pr\u00e4vention von Gewalt gegen Frauen und h\u00e4uslicher Gewalt \u2013 https:\/\/www.schweigenbrechen.ch Projektdauer: 2025-2028 Das Projekt \u00abSchweigen brechen 2.0\u00bb des Eritreischen Medienbund Schweiz sensibilisiert, vernetzt und empowert Eritreer*innen in der Schweiz zum Thema Pr\u00e4vention von Gewalt gegen Frauen. Dies anhand niederschwelliger, kultursensibler und professioneller Kurzfilme sowie [&hellip;]<\/p>\n","protected":false},"author":11,"featured_media":3633,"parent":0,"menu_order":0,"comment_status":"closed","ping_status":"closed","template":"","meta":{"footnotes":""},"class_list":["post-3626","page","type-page","status-publish","has-post-thumbnail","hentry"],"jetpack_sharing_enabled":true,"_links":{"self":[{"href":"https:\/\/eritreischer-medienbund.ch\/wordpress\/wp-json\/wp\/v2\/pages\/3626","targetHints":{"allow":["GET"]}}],"collection":[{"href":"https:\/\/eritreischer-medienbund.ch\/wordpress\/wp-json\/wp\/v2\/pages"}],"about":[{"href":"https:\/\/eritreischer-medienbund.ch\/wordpress\/wp-json\/wp\/v2\/types\/page"}],"author":[{"embeddable":true,"href":"https:\/\/eritreischer-medienbund.ch\/wordpress\/wp-json\/wp\/v2\/users\/11"}],"replies":[{"embeddable":true,"href":"https:\/\/eritreischer-medienbund.ch\/wordpress\/wp-json\/wp\/v2\/comments?post=3626"}],"version-history":[{"count":4,"href":"https:\/\/eritreischer-medienbund.ch\/wordpress\/wp-json\/wp\/v2\/pages\/3626\/revisions"}],"predecessor-version":[{"id":3634,"href":"https:\/\/eritreischer-medienbund.ch\/wordpress\/wp-json\/wp\/v2\/pages\/3626\/revisions\/3634"}],"wp:featuredmedia":[{"embeddable":true,"href":"https:\/\/eritreischer-medienbund.ch\/wordpress\/wp-json\/wp\/v2\/media\/3633"}],"wp:attachment":[{"href":"https:\/\/eritreischer-medienbund.ch\/wordpress\/wp-json\/wp\/v2\/media?parent=3626"}],"curies":[{"name":"wp","href":"https:\/\/api.w.org\/{rel}","templated":true}]}}