{"id":3551,"date":"2023-07-31T15:53:33","date_gmt":"2023-07-31T15:53:33","guid":{"rendered":"http:\/\/eritreischer-medienbund.ch\/wordpress\/?page_id=3551"},"modified":"2025-05-06T11:31:28","modified_gmt":"2025-05-06T11:31:28","slug":"projekt-geschichten-ueber-den-alltaeglichen-rassismus-in-der-schweiz","status":"publish","type":"page","link":"https:\/\/eritreischer-medienbund.ch\/wordpress\/projekt-geschichten-ueber-den-alltaeglichen-rassismus-in-der-schweiz\/","title":{"rendered":"Projekt \u00abGeschichten \u00fcber den allt\u00e4glichen Rassismus in der Schweiz\u00bb"},"content":{"rendered":"\n<p><strong>Projektdauer: <\/strong>2023 &#8211; 2025<\/p>\n\n\n\n<p>Die Zahl der Rassismusopfer steigen laut Statistiken in der Schweiz an. Vor allem findet Rassismus am Arbeitsplatz und im Bildungsbereich statt. Schwarze Menschen mit Migrationshintergrund sind besonders davon betroffen. Diese Erfahrungen haben eine einschneidende Wirkung auf ihren Alltag, auf ihre Chancen im Arbeits- oder Wohnungsmarkt und auf ihre Gesundheit.<\/p>\n\n\n\n<p>Das Projekt \u00abDigitale Geschichten zu Rassismus\u00bb zielt darauf ab, von Rassismus betroffene Personen zu st\u00e4rken, indem sie ihre Erfahrungen mit allt\u00e4glichem Rassismus reflektieren und in Form digitaler Geschichten aufarbeiten. In Workshops lernen die Teilnehmenden, pers\u00f6nliche Erlebnisse in eine innovative Erz\u00e4hlform zu \u00fcberf\u00fchren, die in sozialen Medien und bei Veranstaltungen breite Wirkung entfalten kann. Dabei erwerben sie neue F\u00e4higkeiten wie Storytelling und Videoschnitt. Das Projekt f\u00f6rdert den Austausch unter Betroffenen, st\u00e4rkt das Selbstwertgef\u00fchl und motiviert zur Meldung von Rassismusvorf\u00e4llen, um ein umfassenderes Bild des Rassismus in der Schweiz zu schaffen.<\/p>\n\n\n\n<p><strong>Mit Unterst\u00fctzung von: <\/strong><\/p>\n\n\n\n<figure class=\"wp-block-image\"><img loading=\"lazy\" decoding=\"async\" width=\"1024\" height=\"572\" src=\"https:\/\/eritreischer-medienbund.ch\/wordpress\/wp-content\/uploads\/2025\/05\/Screenshot-2025-05-06-at-13.30.37-1024x572.png\" alt=\"\" class=\"wp-image-3689\" srcset=\"https:\/\/eritreischer-medienbund.ch\/wordpress\/wp-content\/uploads\/2025\/05\/Screenshot-2025-05-06-at-13.30.37-1024x572.png 1024w, https:\/\/eritreischer-medienbund.ch\/wordpress\/wp-content\/uploads\/2025\/05\/Screenshot-2025-05-06-at-13.30.37-300x168.png 300w, https:\/\/eritreischer-medienbund.ch\/wordpress\/wp-content\/uploads\/2025\/05\/Screenshot-2025-05-06-at-13.30.37-768x429.png 768w, https:\/\/eritreischer-medienbund.ch\/wordpress\/wp-content\/uploads\/2025\/05\/Screenshot-2025-05-06-at-13.30.37.png 1192w\" sizes=\"auto, (max-width: 1024px) 100vw, 1024px\" \/><\/figure>\n","protected":false},"excerpt":{"rendered":"<p>Projektdauer: 2023 &#8211; 2025 Die Zahl der Rassismusopfer steigen laut Statistiken in der Schweiz an. Vor allem findet Rassismus am Arbeitsplatz und im Bildungsbereich statt. Schwarze Menschen mit Migrationshintergrund sind besonders davon betroffen. Diese Erfahrungen haben eine einschneidende Wirkung auf ihren Alltag, auf ihre Chancen im Arbeits- oder Wohnungsmarkt und auf ihre Gesundheit. Das Projekt [&hellip;]<\/p>\n","protected":false},"author":11,"featured_media":3552,"parent":0,"menu_order":0,"comment_status":"closed","ping_status":"closed","template":"","meta":{"footnotes":""},"class_list":["post-3551","page","type-page","status-publish","has-post-thumbnail","hentry"],"jetpack_sharing_enabled":true,"_links":{"self":[{"href":"https:\/\/eritreischer-medienbund.ch\/wordpress\/wp-json\/wp\/v2\/pages\/3551","targetHints":{"allow":["GET"]}}],"collection":[{"href":"https:\/\/eritreischer-medienbund.ch\/wordpress\/wp-json\/wp\/v2\/pages"}],"about":[{"href":"https:\/\/eritreischer-medienbund.ch\/wordpress\/wp-json\/wp\/v2\/types\/page"}],"author":[{"embeddable":true,"href":"https:\/\/eritreischer-medienbund.ch\/wordpress\/wp-json\/wp\/v2\/users\/11"}],"replies":[{"embeddable":true,"href":"https:\/\/eritreischer-medienbund.ch\/wordpress\/wp-json\/wp\/v2\/comments?post=3551"}],"version-history":[{"count":6,"href":"https:\/\/eritreischer-medienbund.ch\/wordpress\/wp-json\/wp\/v2\/pages\/3551\/revisions"}],"predecessor-version":[{"id":3690,"href":"https:\/\/eritreischer-medienbund.ch\/wordpress\/wp-json\/wp\/v2\/pages\/3551\/revisions\/3690"}],"wp:featuredmedia":[{"embeddable":true,"href":"https:\/\/eritreischer-medienbund.ch\/wordpress\/wp-json\/wp\/v2\/media\/3552"}],"wp:attachment":[{"href":"https:\/\/eritreischer-medienbund.ch\/wordpress\/wp-json\/wp\/v2\/media?parent=3551"}],"curies":[{"name":"wp","href":"https:\/\/api.w.org\/{rel}","templated":true}]}}