{"id":3536,"date":"2024-11-21T14:31:30","date_gmt":"2024-11-21T14:31:30","guid":{"rendered":"http:\/\/eritreischer-medienbund.ch\/wordpress\/?page_id=3536"},"modified":"2024-11-21T14:38:10","modified_gmt":"2024-11-21T14:38:10","slug":"eri-swiss-league-empowerment","status":"publish","type":"page","link":"https:\/\/eritreischer-medienbund.ch\/wordpress\/eri-swiss-league-empowerment\/","title":{"rendered":"Projekt \u00abEri Swiss League\u00a0\u2013  Empowerment\u00bb"},"content":{"rendered":"\n<figure class=\"wp-block-image\"><img decoding=\"async\" src=\"https:\/\/img.nzz.ch\/2023\/10\/18\/a5514a42-04f3-4523-8009-24d77bf360c4.jpeg?width=2218&amp;height=1479&amp;fit=bounds&amp;quality=75&amp;auto=webp&amp;crop=4535,3023,x0,y0\" alt=\"\"\/><figcaption>Foto \u00a9 Annick Ramp<\/figcaption><\/figure>\n\n\n\n<p>\u2013 Integration, Gesundheitsf\u00f6rderung und Gewaltpr\u00e4vention durch Fussball \u2013<\/p>\n\n\n\n<p><br><strong>Projektdauer:<\/strong> 2024 \u2013 2026<\/p>\n\n\n\n<p>Die <strong>Eri Swiss League <\/strong>ist eine partizipativ gestaltete und selbstorganisierte Fussballiga von jungen Eritreern f\u00fcr junge Eritreer in allen Teilen der Schweiz. Die Teams aus vorwiegend ehemaligen unbegleiteten Minderj\u00e4hrigen sind f\u00fcr viele \u00abwie eine Familie\u00bb und ein Ort der gegenseitigen Hilfe (mental, finanziell, schulisch, arbeitstechnisch, etc.).<br>Die Fussballliga wurde 2019 von jungen Erwachsenen Eritreern initiiert und vier Jahre mit grossem Engagement ehrenamtlich organisiert. Das Ziel war Gewalt zu verhindern und eine Struktur der Selbsthilfe zu schaffen.<\/p>\n\n\n\n<p>\u00dcber <strong>das Projekt \u00abEri Swiss League \u2013 Empowerment\u00bb<\/strong> wird die Liga professionalisiert. Die Trainer werden als Peer-to-Peer-Mentoren geschult. Die Fussballteams und ihr Umfeld nehmen an Workshops teil. (Alkohol-, Gewaltpr\u00e4vention und Gesundheitsf\u00f6rderung). Das EMBS-Team entwickelt Kurzfilme \u00fcber Tabuthemen zur breiten Sensibilisierung der Zielgruppe. Diese erreichen sowohl \u00fcber die Workshops als auch \u00fcber das Netzwerk der Fussballliga ihre Zielgruppe.<\/p>\n\n\n\n<p><strong>Mit Unterst\u00fctzung von:<\/strong><\/p>\n\n\n\n<figure class=\"wp-block-image\"><img loading=\"lazy\" decoding=\"async\" width=\"1024\" height=\"359\" src=\"https:\/\/eritreischer-medienbund.ch\/wordpress\/wp-content\/uploads\/2024\/11\/Sponsors-Eri-Swiss-League-1024x359.png\" alt=\"\" class=\"wp-image-3537\" srcset=\"https:\/\/eritreischer-medienbund.ch\/wordpress\/wp-content\/uploads\/2024\/11\/Sponsors-Eri-Swiss-League-1024x359.png 1024w, https:\/\/eritreischer-medienbund.ch\/wordpress\/wp-content\/uploads\/2024\/11\/Sponsors-Eri-Swiss-League-300x105.png 300w, https:\/\/eritreischer-medienbund.ch\/wordpress\/wp-content\/uploads\/2024\/11\/Sponsors-Eri-Swiss-League-768x269.png 768w, https:\/\/eritreischer-medienbund.ch\/wordpress\/wp-content\/uploads\/2024\/11\/Sponsors-Eri-Swiss-League.png 1136w\" sizes=\"auto, (max-width: 1024px) 100vw, 1024px\" \/><\/figure>\n","protected":false},"excerpt":{"rendered":"<p>\u2013 Integration, Gesundheitsf\u00f6rderung und Gewaltpr\u00e4vention durch Fussball \u2013 Projektdauer: 2024 \u2013 2026 Die Eri Swiss League ist eine partizipativ gestaltete und selbstorganisierte Fussballiga von jungen Eritreern f\u00fcr junge Eritreer in allen Teilen der Schweiz. Die Teams aus vorwiegend ehemaligen unbegleiteten Minderj\u00e4hrigen sind f\u00fcr viele \u00abwie eine Familie\u00bb und ein Ort der gegenseitigen Hilfe (mental, finanziell, [&hellip;]<\/p>\n","protected":false},"author":11,"featured_media":0,"parent":0,"menu_order":0,"comment_status":"closed","ping_status":"closed","template":"","meta":{"footnotes":""},"class_list":["post-3536","page","type-page","status-publish","hentry"],"jetpack_sharing_enabled":true,"_links":{"self":[{"href":"https:\/\/eritreischer-medienbund.ch\/wordpress\/wp-json\/wp\/v2\/pages\/3536","targetHints":{"allow":["GET"]}}],"collection":[{"href":"https:\/\/eritreischer-medienbund.ch\/wordpress\/wp-json\/wp\/v2\/pages"}],"about":[{"href":"https:\/\/eritreischer-medienbund.ch\/wordpress\/wp-json\/wp\/v2\/types\/page"}],"author":[{"embeddable":true,"href":"https:\/\/eritreischer-medienbund.ch\/wordpress\/wp-json\/wp\/v2\/users\/11"}],"replies":[{"embeddable":true,"href":"https:\/\/eritreischer-medienbund.ch\/wordpress\/wp-json\/wp\/v2\/comments?post=3536"}],"version-history":[{"count":5,"href":"https:\/\/eritreischer-medienbund.ch\/wordpress\/wp-json\/wp\/v2\/pages\/3536\/revisions"}],"predecessor-version":[{"id":3543,"href":"https:\/\/eritreischer-medienbund.ch\/wordpress\/wp-json\/wp\/v2\/pages\/3536\/revisions\/3543"}],"wp:attachment":[{"href":"https:\/\/eritreischer-medienbund.ch\/wordpress\/wp-json\/wp\/v2\/media?parent=3536"}],"curies":[{"name":"wp","href":"https:\/\/api.w.org\/{rel}","templated":true}]}}