{"id":3246,"date":"2022-11-10T16:08:31","date_gmt":"2022-11-10T16:08:31","guid":{"rendered":"http:\/\/eritreischer-medienbund.ch\/wordpress\/?page_id=3246"},"modified":"2023-01-12T14:15:32","modified_gmt":"2023-01-12T14:15:32","slug":"tabutalks","status":"publish","type":"page","link":"https:\/\/eritreischer-medienbund.ch\/wordpress\/tabutalks\/","title":{"rendered":"Projekt \u00abTabuTalks\u00bb"},"content":{"rendered":"\n<p>\u2013 St\u00e4rkung der Integration der eritreischen Gemeinschaft in der Schweiz \u2013<br><strong>Projektdauer:<\/strong> 2022 &#8211; 2024<\/p>\n\n\n\n<p>In der eritreischen Gesellschaft wird nicht offen \u00fcber Tabuthemen gesprochen: Spannungen zwischen Geschlechtern, Generationen und innerhalb von Familien entstehen. <\/p>\n\n\n\n<p>Viele Organisationen, die sich f\u00fcr Gewaltpr\u00e4vention und Gewaltmanagement einsetzen,\nfinden den Kontakt nicht, um ihr Angebot und ihre Expertise an die Frau, den Mann oder an\ndas Kind zu bringen. Es fehlen Formate, wo \u00fcber Tabuthemen offen angesprochen werden.\nEs fehlen Kommunikationskan\u00e4le und breite Netzwerke, welche die Informationen\nniederschwellig und gezielt verbreiten k\u00f6nnen.\n<\/p>\n\n\n\n<p>Zudem fehlen notwendige Selbsterm\u00e4chtigungs-, Empowerment- und Repr\u00e4sentationsstrukturen. In der eritreischen Gemeinschaft herrscht eine starke Zur\u00fcckhaltung und ein Klima der Angst, was auf die Erlebnisse und Erziehung im Herkunftsland zur\u00fcckzuf\u00fchren ist. Viele eritreische Menschen haben in Eritrea wenig gelernt f\u00fcr ihre Interesse einzustehen und eigenst\u00e4ndiges Denken und Handeln wurde kaum gef\u00f6rdert. <\/p>\n\n\n\n<p>Im Projekt TabuTalks werden hochwertige Formate entwickelt (Talkshows, Videobotschaften, etc.) in denen eritreische Expert*innen ihr Wissen und Fachstellen ihre Informationen weitergeben k\u00f6nnen. Wir bauen strukturiert unser Netzwerk mit eritreischen Schl\u00fcsselpersonen und Organisationen zur Verbreitung von unseren Beitr\u00e4gen aus. Zudem starten wir eine engere Zusammenarbeit mit Partnerorganisationen wie Beh\u00f6rden, Fachstellen oder Vereinen zur Verbreitung ihrer Angebote und Infos.<\/p>\n\n\n\n<p><strong>Mit Unterst\u00fctzung von:<\/strong><\/p>\n\n\n\n<figure class=\"wp-block-image\"><img loading=\"lazy\" decoding=\"async\" width=\"1024\" height=\"367\" src=\"https:\/\/eritreischer-medienbund.ch\/wordpress\/wp-content\/uploads\/2023\/01\/Logos-Supporter-TT_Januar2023-1024x367.png\" alt=\"\" class=\"wp-image-3297\" srcset=\"https:\/\/eritreischer-medienbund.ch\/wordpress\/wp-content\/uploads\/2023\/01\/Logos-Supporter-TT_Januar2023-1024x367.png 1024w, https:\/\/eritreischer-medienbund.ch\/wordpress\/wp-content\/uploads\/2023\/01\/Logos-Supporter-TT_Januar2023-300x108.png 300w, https:\/\/eritreischer-medienbund.ch\/wordpress\/wp-content\/uploads\/2023\/01\/Logos-Supporter-TT_Januar2023-768x276.png 768w\" sizes=\"auto, (max-width: 1024px) 100vw, 1024px\" \/><\/figure>\n","protected":false},"excerpt":{"rendered":"<p>In der eritreischen Gesellschaft wird nicht offen \u00fcber Tabuthemen gesprochen. Wir bieten eine Plattform, wo offen \u00fcber Tabuthemen in der eritreischen Bev\u00f6lkerung diskutiert werden kann.<\/p>\n","protected":false},"author":11,"featured_media":3247,"parent":0,"menu_order":0,"comment_status":"closed","ping_status":"closed","template":"","meta":{"footnotes":""},"class_list":["post-3246","page","type-page","status-publish","has-post-thumbnail","hentry"],"jetpack_sharing_enabled":true,"_links":{"self":[{"href":"https:\/\/eritreischer-medienbund.ch\/wordpress\/wp-json\/wp\/v2\/pages\/3246","targetHints":{"allow":["GET"]}}],"collection":[{"href":"https:\/\/eritreischer-medienbund.ch\/wordpress\/wp-json\/wp\/v2\/pages"}],"about":[{"href":"https:\/\/eritreischer-medienbund.ch\/wordpress\/wp-json\/wp\/v2\/types\/page"}],"author":[{"embeddable":true,"href":"https:\/\/eritreischer-medienbund.ch\/wordpress\/wp-json\/wp\/v2\/users\/11"}],"replies":[{"embeddable":true,"href":"https:\/\/eritreischer-medienbund.ch\/wordpress\/wp-json\/wp\/v2\/comments?post=3246"}],"version-history":[{"count":8,"href":"https:\/\/eritreischer-medienbund.ch\/wordpress\/wp-json\/wp\/v2\/pages\/3246\/revisions"}],"predecessor-version":[{"id":3298,"href":"https:\/\/eritreischer-medienbund.ch\/wordpress\/wp-json\/wp\/v2\/pages\/3246\/revisions\/3298"}],"wp:featuredmedia":[{"embeddable":true,"href":"https:\/\/eritreischer-medienbund.ch\/wordpress\/wp-json\/wp\/v2\/media\/3247"}],"wp:attachment":[{"href":"https:\/\/eritreischer-medienbund.ch\/wordpress\/wp-json\/wp\/v2\/media?parent=3246"}],"curies":[{"name":"wp","href":"https:\/\/api.w.org\/{rel}","templated":true}]}}