{"id":3024,"date":"2020-11-16T16:47:10","date_gmt":"2020-11-16T16:47:10","guid":{"rendered":"http:\/\/eritreischer-medienbund.ch\/wordpress\/?page_id=3024"},"modified":"2021-03-31T09:30:11","modified_gmt":"2021-03-31T09:30:11","slug":"talkshows","status":"publish","type":"page","link":"https:\/\/eritreischer-medienbund.ch\/wordpress\/talkshows\/","title":{"rendered":"Talkshows"},"content":{"rendered":"\n<p>Wir laden regelm\u00e4ssig eine*n Expert*in zum Gespr\u00e4ch \u00fcber ein wichtiges Thema, das die eritreische Diaspora betrifft und besch\u00e4ftigt, ein Die Gespr\u00e4che finden im professionellen Rahmen im Studio von unserem Partner DiasporaTV Switzerland in K\u00f6niz statt. Die \u00dcbertragung unseres breit anerkannten Partners verleiht unserem Kanal Professionalit\u00e4t und Glaubw\u00fcrdigkeit, was wiederum die Reichweite und auch die Diversit\u00e4t des Publikums steigert. Diese Qualit\u00e4t macht es attraktiv, der Talkshow beizuwohnen. Die \u00dcbertragung l\u00e4uft live \u00fcber den EMBS-Youtube-Kanal, \u00fcber die Facebookseite des Diaspora-TV und des EMBS, sowie \u00fcber die Webseite des Diaspora TV. Das Publikum kann jeweils direkt ins Studio anrufen und Fragen stellen.<\/p>\n\n\n\n<h3 class=\"wp-block-heading\">Talkshow \u2013 H\u00e4usliche Gewalt<\/h3>\n\n\n\n<p>Statistiken zeigen, dass F\u00e4lle von h\u00e4uslicher Gewalt w\u00e4hrend des Lockdowns anstiegen.&nbsp;<\/p>\n\n\n\n<p>Am 1.11.2020 organisierte der Eritreische Medienbund eine Talkshow zum Thema h\u00e4usliche Gewalt. Dabei wurde \u00fcber den Begriff Gewalt und \u00fcber Gewaltbereitschaft diskutiert, \u00fcber Gewalt an Kindern und \u00fcber Gewalt an Frauen. Geteilt wurde das Video vor allem von Frauen. Weitere vertiefte Talkshows zu diesem Thema sind in Planung.&nbsp;<\/p>\n\n\n\n<figure><iframe loading=\"lazy\" src=\"https:\/\/www.facebook.com\/plugins\/video.php?href=https%3A%2F%2Fwww.facebook.com%2Fmedienbund%2Fvideos%2F361304595292292%2F&amp;show_text=0&amp;width=560\" allowfullscreen=\"true\" width=\"560\" height=\"315\"><\/iframe><\/figure>\n\n\n\n<p><strong>Expert*innen zu Gast:<\/strong><\/p>\n\n\n\n<p><strong>Semhar Negash<\/strong> &#8211; Sozialanthropologin, Wissenschaftliche Assistentin bei der Fachhochschule Nordwestschweiz und Integrationsberaterin.<\/p>\n\n\n\n<p><strong>Mehari Ukbalidet &#8211; <\/strong>Sozialanthropologe, Kulturvermittler, Dolmetscher bei der Opferhilfestelle und Beratungsstellen<br><strong>Alganesh Ghebre &#8211; <\/strong>Frauenrechtaktivistin<\/p>\n\n\n\n<h3 class=\"wp-block-heading\">Was ist der Eritreische Medienbund Schweiz<\/h3>\n\n\n\n<p>Als immer gr\u00f6sser werdende Plattform mit neuen Abonnent*innen war es uns wichtig, den Eritreischen Medienbund vorzustellen. Dabei ging es vor allem um \u00d6ffentlichkeitsarbeit und die Sensibilisierung der Schweizer Bev\u00f6lkerung zu Themen rund um Eritrea durch Medienarbeit, Veranstaltungen und soziale Medien. <\/p>\n\n\n\n<figure><iframe loading=\"lazy\" src=\"https:\/\/www.facebook.com\/plugins\/video.php?href=https%3A%2F%2Fwww.facebook.com%2Fmedienbund%2Fvideos%2F742339849868896%2F&amp;show_text=0&amp;width=560\" allowfullscreen=\"true\" width=\"560\" height=\"315\"><\/iframe><\/figure>\n\n\n\n<p><strong>Experte zu Gast:&nbsp;<\/strong><\/p>\n\n\n\n<p><strong>Yonas Gebrehiwet &#8211;<\/strong> Mitgr\u00fcnder und Pr\u00e4sident des Eritreischen Medienbund Schweiz, angehender Wirtschaftsingenieur. Als Mediensprecher hatte er schon zahlreiche Auftritte, darunter auch in der Tagesschau oder im SRF Club. Er ist in Eritrea aufgewachsen und kam mit 14 Jahren in die Schweiz. <\/p>\n\n\n\n<p><\/p>\n\n\n\n<h3 class=\"wp-block-heading\">Homeschooling &#8211; Tipps f\u00fcr Eltern und Kindern<\/h3>\n\n\n\n<p>Anfang M\u00e4rz 2020 mussten alle Kinder nach Hause in den Fernunterricht \u2013 eine grosse Belastung bis hin zu \u00dcberforderung f\u00fcr viele Eltern. In der Talkshow \u00fcber Homeschooling wurde dar\u00fcber gesprochen, wie Eltern mit dieser Situation umgehen k\u00f6nnen; wie sie Unterst\u00fctzung bei der Schule einfordern, wenn sie etwas nicht verstehen, wie sie auch im Homeschooling eine Tagesstruktur etablieren und wie sie trotz minimalen technischen F\u00e4higkeiten ihre Kinder beim Fernunterricht unterst\u00fctzen k\u00f6nnen.<\/p>\n\n\n\n<iframe loading=\"lazy\" src=\"https:\/\/www.facebook.com\/plugins\/video.php?href=https%3A%2F%2Fwww.facebook.com%2Fmedienbund%2Fvideos%2F1527836187397557%2F&#038;show_text=0&#038;width=560\" width=\"560\" height=\"315\" style=\"border:none;overflow:hidden\" scrolling=\"no\" frameborder=\"0\" allowfullscreen=\"true\" allow=\"autoplay; clipboard-write; encrypted-media; picture-in-picture; web-share\" allowFullScreen=\"true\"><\/iframe>\n\n\n\n<p><strong>Expertin zu Gast:<\/strong><\/p>\n\n\n\n<p><strong>Pheben Asghedom &#8211;<\/strong> Ethnologin, Familienbegleiterin bei der AOZ und Fachexpertin der Stadt Z\u00fcrich. In Eritrea geboren und mit 13 Jahren in die Schweiz gekommen. Sie leitet f\u00fcr NCBI, die Stadt und den Kanton Z\u00fcrich Integrationskurse zu Themen wie z.B. \u201cErfolgreiches Familienleben in der Migration\u201d.&nbsp; <\/p>\n\n\n\n<h3 class=\"wp-block-heading\">Eritreische M\u00fctter: Trauma und Migration<\/h3>\n\n\n\n<p>In dieser Talkshow beleuchteten wir das Thema \u201cTrauma und Migration\u201d. Insbesondere lag der Fokus auf psychischen Herausforderungen, von denen speziell eritreische M\u00fctter betroffen sind. <\/p>\n\n\n\n<figure><iframe loading=\"lazy\" src=\"https:\/\/www.facebook.com\/plugins\/video.php?href=https%3A%2F%2Fwww.facebook.com%2Fmedienbund%2Fvideos%2F707018946818226%2F&amp;show_text=0&amp;width=560\" allowfullscreen=\"true\" width=\"560\" height=\"315\"><\/iframe><\/figure>\n\n\n\n<p><strong>Expertin zu Gast:&nbsp;<\/strong><\/p>\n\n\n\n<p><strong>Dr. Fana Asefaw<\/strong> <strong>&#8211;<\/strong> Fach\u00e4rztin f\u00fcr Kinder- und Jugendpsychiatrie und Psychotherapie.&nbsp; Seit Juni 2020 forscht sie an der Universit\u00e4t Z\u00fcrich zu eritreischen M\u00fcttern bez\u00fcglich Trauma und Migration. <\/p>\n\n\n\n<h3 class=\"wp-block-heading\">Corona-Virus<\/h3>\n\n\n\n<p>In dieser Talkshow ging es um Fragen rund um Covid-19 mit dem Fokus auf medizinischem Wissen. Woher kommt das Virus? Was bringt eine Impfung, und wie lange kann es dauern, bis diese entwickelt wurde? Was bringen die Schutzmassnahmen? Welche Fragen sind noch nicht gekl\u00e4rt?&nbsp;<\/p>\n\n\n\n<p><\/p>\n\n\n\n<figure><iframe loading=\"lazy\" src=\"https:\/\/www.facebook.com\/plugins\/video.php?href=https%3A%2F%2Fwww.facebook.com%2Fmedienbund%2Fvideos%2F656972301535826%2F&amp;show_text=0&amp;width=560\" allowfullscreen=\"true\" width=\"560\" height=\"315\"><\/iframe><\/figure>\n\n\n\n<p><strong>Experte zu Gast:&nbsp;<\/strong><\/p>\n\n\n\n<p><strong>Dr. Million Abraha &#8211;<\/strong>  Hat in Eritrea und an der Universit\u00e4t Basel allgemeine Medizin studiert und ein Doktorat in Epidemiologie absolviert. Er arbeitet am Inselspital in Bern und forscht in der Medikamentenentwicklung. <\/p>\n\n\n\n<p><\/p>\n","protected":false},"excerpt":{"rendered":"<p>Wir laden regelm\u00e4ssig eine*n Expert*in zum Gespr\u00e4ch \u00fcber ein wichtiges Thema, das die eritreische Diaspora betrifft und besch\u00e4ftigt, ein Die Gespr\u00e4che finden im professionellen Rahmen im Studio von unserem Partner DiasporaTV Switzerland in K\u00f6niz statt. Die \u00dcbertragung unseres breit anerkannten Partners verleiht unserem Kanal Professionalit\u00e4t und Glaubw\u00fcrdigkeit, was wiederum die Reichweite und auch die Diversit\u00e4t [&hellip;]<\/p>\n","protected":false},"author":8,"featured_media":0,"parent":0,"menu_order":0,"comment_status":"closed","ping_status":"closed","template":"","meta":{"footnotes":""},"class_list":["post-3024","page","type-page","status-publish","hentry"],"jetpack_sharing_enabled":true,"_links":{"self":[{"href":"https:\/\/eritreischer-medienbund.ch\/wordpress\/wp-json\/wp\/v2\/pages\/3024","targetHints":{"allow":["GET"]}}],"collection":[{"href":"https:\/\/eritreischer-medienbund.ch\/wordpress\/wp-json\/wp\/v2\/pages"}],"about":[{"href":"https:\/\/eritreischer-medienbund.ch\/wordpress\/wp-json\/wp\/v2\/types\/page"}],"author":[{"embeddable":true,"href":"https:\/\/eritreischer-medienbund.ch\/wordpress\/wp-json\/wp\/v2\/users\/8"}],"replies":[{"embeddable":true,"href":"https:\/\/eritreischer-medienbund.ch\/wordpress\/wp-json\/wp\/v2\/comments?post=3024"}],"version-history":[{"count":9,"href":"https:\/\/eritreischer-medienbund.ch\/wordpress\/wp-json\/wp\/v2\/pages\/3024\/revisions"}],"predecessor-version":[{"id":3108,"href":"https:\/\/eritreischer-medienbund.ch\/wordpress\/wp-json\/wp\/v2\/pages\/3024\/revisions\/3108"}],"wp:attachment":[{"href":"https:\/\/eritreischer-medienbund.ch\/wordpress\/wp-json\/wp\/v2\/media?parent=3024"}],"curies":[{"name":"wp","href":"https:\/\/api.w.org\/{rel}","templated":true}]}}