{"id":3010,"date":"2020-11-16T15:08:30","date_gmt":"2020-11-16T15:08:30","guid":{"rendered":"http:\/\/eritreischer-medienbund.ch\/wordpress\/?page_id=3010"},"modified":"2024-12-19T14:12:24","modified_gmt":"2024-12-19T14:12:24","slug":"infokanal","status":"publish","type":"page","link":"https:\/\/eritreischer-medienbund.ch\/wordpress\/infokanal\/","title":{"rendered":"Infokanal"},"content":{"rendered":"\n<h4 class=\"wp-block-heading\"><strong>Warum braucht es einen Infokanal?<\/strong><\/h4>\n\n\n\n<p>In der Schweiz gibt es \u00fcber 40\u2018000 Tigrinya sprechende Menschen. Die meisten von ihnen sind vor noch nicht allzu langer Zeit in der Schweiz angekommen. F\u00fcr ein gutes Zusammenleben mit und f\u00fcr die Partizipation von Eritreer*innen in der Schweiz ist es zentral, dass Gefl\u00fcchtete und Migrant*innen zeitnah, niederschwellig und direkt fundierte Informationen in ihrer Muttersprache erhalten.<\/p>\n\n\n\n<p>Kampagnen, Anweisungen und Angebote der \u00f6ffentlichen Hand oder von NGOs sind meistens auf Deutsch und in schriftlicher Form. Selbst wenn die Informationen auf Tigrinya sind, erreichen sie ihre Zielgruppe kaum: Sie bleiben als Flyer ungelesen, versteckt auf einer schlecht besuchten Webseite oder ganz selten auch als Video unentdeckt auf einem Youtube-Kanal ohne eritreische Follower. Genau hier setzt der Eritreische Medienbund an. <\/p>\n\n\n\n<h4 class=\"wp-block-heading\"><strong>Was wir f\u00fcr Beh\u00f6rden, Fachstellen, Schulen und Vereine anbieten?<\/strong><\/h4>\n\n\n\n<ul class=\"wp-block-list\"><li><strong>Gezielte Verbreitung von Inhalten in die eritreische Diaspora<\/strong><\/li><li><strong>Schnelle und gute \u00dcbersetzungen von Statements \/ Infobl\u00e4ttern \/ Aufrufen \/ Umfragen \/ etc.<\/strong><\/li><li><strong>Ansprechende Informationsvideos f\u00fcr spezifische Themen<\/strong><\/li><li><strong>Professionelles Synchronsprechen von Videos (Dies ist n\u00f6tig, weil Untertitel f\u00fcr viele Eritreer*innen in kurzer Zeit schwierig zu lesen sind) <\/strong><\/li><li><strong><a href=\"https:\/\/eritreischer-medienbund.ch\/wordpress\/uebersetzungsdienst\/\">Professionelle \u00dcbersetzungen auf Tigrinya<\/a><\/strong><\/li><\/ul>\n\n\n\n<p>Als Partnerorganisation erreichen Sie uns mit Informationen, die wir an Eritreer*innen vermitteln sollen. Wir \u00fcbersetzen die Inhalte &#8211; nicht nur sprachlich; wir erarbeiten im Austausch mit den Auftraggebenden auch die Zielgruppe, eine ad\u00e4quate kulturelle \u00dcbersetzung und ein passendes Format. Danach verbreiten wir die Inhalte \u00fcber unsere sozialen Medien, \u00fcber aufgebaute Whatsapp- und Facebook-Gruppen, wie auch \u00fcber ein grosses Netzwerk an Schl\u00fcsselpersonen. Im Anschluss evaluieren wir die Resultate.<\/p>\n\n\n\n<figure class=\"wp-block-image\"><img loading=\"lazy\" decoding=\"async\" width=\"1024\" height=\"608\" src=\"https:\/\/eritreischer-medienbund.ch\/wordpress\/wp-content\/uploads\/2020\/11\/Medienbund-Infokanal-1024x608.png\" alt=\"\" class=\"wp-image-3018\" srcset=\"https:\/\/eritreischer-medienbund.ch\/wordpress\/wp-content\/uploads\/2020\/11\/Medienbund-Infokanal-1024x608.png 1024w, https:\/\/eritreischer-medienbund.ch\/wordpress\/wp-content\/uploads\/2020\/11\/Medienbund-Infokanal-300x178.png 300w, https:\/\/eritreischer-medienbund.ch\/wordpress\/wp-content\/uploads\/2020\/11\/Medienbund-Infokanal-768x456.png 768w, https:\/\/eritreischer-medienbund.ch\/wordpress\/wp-content\/uploads\/2020\/11\/Medienbund-Infokanal.png 1636w\" sizes=\"auto, (max-width: 1024px) 100vw, 1024px\" \/><\/figure>\n\n\n\n<h3 class=\"wp-block-heading\">Projekte<\/h3>\n\n\n\n<h4 class=\"wp-block-heading\"><strong>Schweigen brechen<\/strong><\/h4>\n\n\n\n<p><strong>Schweigen brechen 2.0.<\/strong><\/p>\n\n\n\n<p>Das Folgeprojekt von \u00abSchweigen brechen\u00bb, \u00abTabu-Talks\u00bb und \u00abSchweigen brechen &#8211; Workshops\u00bb von und f\u00fcr Eritreer*innen in der Schweiz zur Pr\u00e4vention von Gewalt gegen Frauen und h\u00e4uslicher Gewalt. <a href=\"https:\/\/eritreischer-medienbund.ch\/wordpress\/projekt-schweigen-brechen-2-0\">Mehr\u2026 <\/a><br><strong>Projektdauer:<\/strong> 2021-2024<\/p>\n\n\n\n<p><strong><a href=\"https:\/\/eritreischer-medienbund.ch\/wordpress\/projekt-schweigen-brechen\/\">Schweigen brechen<\/a><\/strong><\/p>\n\n\n\n<p>Ein Projekt von und f\u00fcr Eritreer*innen in der Schweiz zur Pr\u00e4vention von Gewalt gegen Frauen und h\u00e4uslicher Gewalt. <a href=\"https:\/\/eritreischer-medienbund.ch\/wordpress\/projekt-schweigen-brechen\/\">Mehr\u2026 <\/a><br><strong>Projektdauer:<\/strong> 2021-2024<\/p>\n\n\n\n<p><strong>Schweigen brechen \u2013 Workshops<\/strong><\/p>\n\n\n\n<p>Die soziokulturelle sensiblen Filmprodukte aus den Projekten \u00abSchweigen brechen\u00bb und \u00abTabu Talks\u00bb dienen als Grundlage f\u00fcr einen 5-st\u00fcndigen Vertiefungsworkshop zum Thema \u00abh\u00e4usliche Gewalt erkennen &amp; handeln\u00bb<br><strong>Projektdauer:<\/strong> 2024<\/p>\n\n\n\n<div class=\"wp-block-image\"><figure class=\"aligncenter is-resized\"><img loading=\"lazy\" decoding=\"async\" src=\"https:\/\/eritreischer-medienbund.ch\/wordpress\/wp-content\/uploads\/2022\/11\/Schweigen-Brechen-1024x573.jpg\" alt=\"\" class=\"wp-image-3269\" width=\"298\" height=\"166\" srcset=\"https:\/\/eritreischer-medienbund.ch\/wordpress\/wp-content\/uploads\/2022\/11\/Schweigen-Brechen-1024x573.jpg 1024w, https:\/\/eritreischer-medienbund.ch\/wordpress\/wp-content\/uploads\/2022\/11\/Schweigen-Brechen-300x168.jpg 300w, https:\/\/eritreischer-medienbund.ch\/wordpress\/wp-content\/uploads\/2022\/11\/Schweigen-Brechen-768x430.jpg 768w, https:\/\/eritreischer-medienbund.ch\/wordpress\/wp-content\/uploads\/2022\/11\/Schweigen-Brechen.jpg 1322w\" sizes=\"auto, (max-width: 298px) 100vw, 298px\" \/><figcaption><a href=\"https:\/\/eritreischer-medienbund.ch\/wordpress\/projekt-schweigen-brechen\/\">Schweigen brechen durch Interviews mit Expert*innen und Betroffenen<\/a><\/figcaption><\/figure><\/div>\n\n\n\n<h4 class=\"wp-block-heading\"><strong><a href=\"https:\/\/eritreischer-medienbund.ch\/wordpress\/tabutalks\/\">Tabu Talks<\/a><\/strong><\/h4>\n\n\n\n<p>Ein Projekt von und f\u00fcr Eritreer*innen in der Schweiz zur Thematisierung von Tabu-Themen. <a href=\"https:\/\/eritreischer-medienbund.ch\/wordpress\/tabutalks\/\">Mehr\u2026<\/a><br><strong>Projektdauer<\/strong>: 2022 \u2013 2024<\/p>\n\n\n\n<div class=\"wp-block-image\"><figure class=\"aligncenter is-resized\"><img loading=\"lazy\" decoding=\"async\" src=\"https:\/\/eritreischer-medienbund.ch\/wordpress\/wp-content\/uploads\/2022\/11\/TabuTalk-1024x684.png\" alt=\"\" class=\"wp-image-3247\" width=\"296\" height=\"198\" srcset=\"https:\/\/eritreischer-medienbund.ch\/wordpress\/wp-content\/uploads\/2022\/11\/TabuTalk-1024x684.png 1024w, https:\/\/eritreischer-medienbund.ch\/wordpress\/wp-content\/uploads\/2022\/11\/TabuTalk-300x200.png 300w, https:\/\/eritreischer-medienbund.ch\/wordpress\/wp-content\/uploads\/2022\/11\/TabuTalk-768x513.png 768w, https:\/\/eritreischer-medienbund.ch\/wordpress\/wp-content\/uploads\/2022\/11\/TabuTalk.png 1218w\" sizes=\"auto, (max-width: 296px) 100vw, 296px\" \/><figcaption><a href=\"https:\/\/eritreischer-medienbund.ch\/wordpress\/tabutalks\/\">\u00dcber Tabuthemen sprechen mit Expert*innen<\/a><\/figcaption><\/figure><\/div>\n\n\n\n<h4 class=\"wp-block-heading\"><strong><a href=\"https:\/\/eritreischer-medienbund.ch\/wordpress\/talkshows\/\">Talkshows<\/a><\/strong><\/h4>\n\n\n\n<p>Mit eritreischen Expert*innen sprechen wir fundiert \u00fcber kontroverse Themen, die die eritreische Diaspora in der Schweiz besch\u00e4ftigen. <a href=\"https:\/\/eritreischer-medienbund.ch\/wordpress\/talkshows\/\">Mehr \u2026<\/a><br><strong>Projektdauer<\/strong>: laufend\/punktuell<\/p>\n\n\n\n<div class=\"wp-block-image\"><figure class=\"aligncenter\"><img loading=\"lazy\" decoding=\"async\" width=\"300\" height=\"161\" src=\"https:\/\/eritreischer-medienbund.ch\/wordpress\/wp-content\/uploads\/2020\/11\/Screen-Shot-2020-11-16-at-12.43.53-300x161.png\" alt=\"\" class=\"wp-image-3014\" srcset=\"https:\/\/eritreischer-medienbund.ch\/wordpress\/wp-content\/uploads\/2020\/11\/Screen-Shot-2020-11-16-at-12.43.53-300x161.png 300w, https:\/\/eritreischer-medienbund.ch\/wordpress\/wp-content\/uploads\/2020\/11\/Screen-Shot-2020-11-16-at-12.43.53-768x412.png 768w, https:\/\/eritreischer-medienbund.ch\/wordpress\/wp-content\/uploads\/2020\/11\/Screen-Shot-2020-11-16-at-12.43.53-1024x550.png 1024w\" sizes=\"auto, (max-width: 300px) 100vw, 300px\" \/><figcaption><a href=\"https:\/\/eritreischer-medienbund.ch\/wordpress\/talkshows\/\">Talkshow \u00fcber h\u00e4usliche Gewalt<\/a><\/figcaption><\/figure><\/div>\n\n\n\n<h4 class=\"wp-block-heading\"><strong>Tigrinya News<\/strong><\/h4>\n\n\n\n<p><strong>Awet Aregay \u2013 Tigrinya News<\/strong><\/p>\n\n\n\n<p>Der ber\u00fchmte eritreische Journalist Awet Aregay, engagiert sich bislang ehrenamtlich bei verschiedenen eritreischen Exil-Medien. In einem Pilotprojekt ver\u00f6ffentlichte Aregay nun f\u00fcr den EMBS auf Facebook 30 News auf Tigrinya \u00fcbersetzt aus den Schweizer Nachrichten &#8211; von schweizweit wichtigen Ereignissen oder Tagesnews, \u00fcber kulturelle bis zu integrationsrelevanten Inhalten. Die Beitr\u00e4ge erreichten im Schnitt 5\u2019000 Personen.<br><strong>Projektdauer:<\/strong> 2023<\/p>\n\n\n\n<div class=\"wp-block-image\"><figure class=\"aligncenter is-resized\"><img loading=\"lazy\" decoding=\"async\" src=\"https:\/\/eritreischer-medienbund.ch\/wordpress\/wp-content\/uploads\/2024\/09\/Eritreischer-Medienbund-Alpabzug-787x1024.png\" alt=\"\" class=\"wp-image-3492\" width=\"319\" height=\"414\" srcset=\"https:\/\/eritreischer-medienbund.ch\/wordpress\/wp-content\/uploads\/2024\/09\/Eritreischer-Medienbund-Alpabzug-787x1024.png 787w, https:\/\/eritreischer-medienbund.ch\/wordpress\/wp-content\/uploads\/2024\/09\/Eritreischer-Medienbund-Alpabzug-231x300.png 231w, https:\/\/eritreischer-medienbund.ch\/wordpress\/wp-content\/uploads\/2024\/09\/Eritreischer-Medienbund-Alpabzug-768x1000.png 768w, https:\/\/eritreischer-medienbund.ch\/wordpress\/wp-content\/uploads\/2024\/09\/Eritreischer-Medienbund-Alpabzug.png 796w\" sizes=\"auto, (max-width: 319px) 100vw, 319px\" \/><figcaption> Der Bericht \u00fcber den Alpabzug hat \u00fcber 13\u2019600 Personen erreicht \u2013 gerade die Personen, die auf dem Land aufgewachsen sind, hat es besonders ber\u00fchrt.<\/figcaption><\/figure><\/div>\n\n\n\n<p><strong><a href=\"https:\/\/eritreischer-medienbund.ch\/wordpress\/diaspora-tv-tigrinya\/\">Diaspora TV \u2013 Tigrinya News<\/a><\/strong><\/p>\n\n\n\n<p>In Kooperation mit dem DiasporaTV Switzerland entwickeln wir zusammen mit eritreischen Journalist*innen die monatliche Tigrinya News-Sendung und tragen wichtige Informationen und News von Beh\u00f6rden, Wirtschaft und Organisationen direkt in die eritreische Diaspora. <a href=\"https:\/\/eritreischer-medienbund.ch\/wordpress\/diaspora-tv-tigrinya\/\">Mehr\u2026<\/a><br><strong>Projektdauer:<\/strong> 2019 <\/p>\n\n\n\n<div class=\"wp-block-image\"><figure class=\"aligncenter is-resized\"><img loading=\"lazy\" decoding=\"async\" src=\"https:\/\/eritreischer-medienbund.ch\/wordpress\/wp-content\/uploads\/2020\/11\/Screen-Shot-2020-11-16-at-13.08.33-300x159.png\" alt=\"\" class=\"wp-image-3016\" width=\"290\" height=\"154\" srcset=\"https:\/\/eritreischer-medienbund.ch\/wordpress\/wp-content\/uploads\/2020\/11\/Screen-Shot-2020-11-16-at-13.08.33-300x159.png 300w, https:\/\/eritreischer-medienbund.ch\/wordpress\/wp-content\/uploads\/2020\/11\/Screen-Shot-2020-11-16-at-13.08.33-768x408.png 768w, https:\/\/eritreischer-medienbund.ch\/wordpress\/wp-content\/uploads\/2020\/11\/Screen-Shot-2020-11-16-at-13.08.33-1024x544.png 1024w, https:\/\/eritreischer-medienbund.ch\/wordpress\/wp-content\/uploads\/2020\/11\/Screen-Shot-2020-11-16-at-13.08.33-850x450.png 850w, https:\/\/eritreischer-medienbund.ch\/wordpress\/wp-content\/uploads\/2020\/11\/Screen-Shot-2020-11-16-at-13.08.33.png 1690w\" sizes=\"auto, (max-width: 290px) 100vw, 290px\" \/><figcaption><a href=\"https:\/\/eritreischer-medienbund.ch\/wordpress\/diaspora-tv-tigrinya\/\">Monatliche News aus der Diaspora<\/a><\/figcaption><\/figure><\/div>\n\n\n\n<h4 class=\"wp-block-heading\"><strong><a href=\"https:\/\/eritreischer-medienbund.ch\/wordpress\/informationen-zu-corona-auf-tigrinya\/\">Habirna Antsar Corona \u2013 Gemeinsam gegen Corona<\/a><\/strong><\/h4>\n\n\n\n<p>Mit unseren \u00dcbersetzungen und Informationsvideos rund um die Corona-Pandemie erreichten wir w\u00e4hrend dem Lockdown pro Tag im Schnitt \u00fcber 17\u2019000 Personen. <a href=\"https:\/\/eritreischer-medienbund.ch\/wordpress\/informationen-zu-corona-auf-tigrinya\/\">Mehr\u2026<\/a><br><strong>Projektdauer: <\/strong>2019-2021 (abgeschlossen)<\/p>\n\n\n\n<div class=\"wp-block-image\"><figure class=\"aligncenter\"><img loading=\"lazy\" decoding=\"async\" width=\"300\" height=\"162\" src=\"https:\/\/eritreischer-medienbund.ch\/wordpress\/wp-content\/uploads\/2020\/11\/Screen-Shot-2020-11-16-at-12.36.40-300x162.png\" alt=\"\" class=\"wp-image-3013\" srcset=\"https:\/\/eritreischer-medienbund.ch\/wordpress\/wp-content\/uploads\/2020\/11\/Screen-Shot-2020-11-16-at-12.36.40-300x162.png 300w, https:\/\/eritreischer-medienbund.ch\/wordpress\/wp-content\/uploads\/2020\/11\/Screen-Shot-2020-11-16-at-12.36.40-768x415.png 768w, https:\/\/eritreischer-medienbund.ch\/wordpress\/wp-content\/uploads\/2020\/11\/Screen-Shot-2020-11-16-at-12.36.40-1024x553.png 1024w\" sizes=\"auto, (max-width: 300px) 100vw, 300px\" \/><figcaption><a href=\"https:\/\/eritreischer-medienbund.ch\/wordpress\/informationen-zu-corona-auf-tigrinya\/\">Corona-Pandemie Pr\u00e4ventionsvideo<\/a><br><\/figcaption><\/figure><\/div>\n\n\n\n<p> <\/p>\n\n\n\n<h4 class=\"wp-block-heading\"><strong><a href=\"https:\/\/eritreischer-medienbund.ch\/wordpress\/eritrean-women-empowerment-in-switzerland\/\">Eritrean Women Empowerment<\/a><\/strong><\/h4>\n\n\n\n<p>Zusammen mit Senait Hadish konzipierten wir ein Angebot speziell f\u00fcr eritreische Frauen und schafften durch Informations und Werbe-Videos und einer Online- und Telefonberatung Zugang zu diversen Angeboten. <a href=\"https:\/\/eritreischer-medienbund.ch\/wordpress\/eritrean-women-empowerment-in-switzerland\/\">Mehr\u2026<\/a><br><strong>Projektdauer: <\/strong>2018-2020 (abgeschlossen)<\/p>\n\n\n\n<div class=\"wp-block-image\"><figure class=\"aligncenter\"><img loading=\"lazy\" decoding=\"async\" width=\"300\" height=\"169\" src=\"https:\/\/eritreischer-medienbund.ch\/wordpress\/wp-content\/uploads\/2020\/11\/Screen-Shot-2020-11-16-at-13.06.30-300x169.png\" alt=\"\" class=\"wp-image-3015\" srcset=\"https:\/\/eritreischer-medienbund.ch\/wordpress\/wp-content\/uploads\/2020\/11\/Screen-Shot-2020-11-16-at-13.06.30-300x169.png 300w, https:\/\/eritreischer-medienbund.ch\/wordpress\/wp-content\/uploads\/2020\/11\/Screen-Shot-2020-11-16-at-13.06.30-768x432.png 768w, https:\/\/eritreischer-medienbund.ch\/wordpress\/wp-content\/uploads\/2020\/11\/Screen-Shot-2020-11-16-at-13.06.30-1024x577.png 1024w, https:\/\/eritreischer-medienbund.ch\/wordpress\/wp-content\/uploads\/2020\/11\/Screen-Shot-2020-11-16-at-13.06.30.png 1730w\" sizes=\"auto, (max-width: 300px) 100vw, 300px\" \/><figcaption><a href=\"https:\/\/eritreischer-medienbund.ch\/wordpress\/eritrean-women-empowerment-in-switzerland\/\">Video: Veranstaltungshinweis zum Thema H\u00e4rtefall <\/a><\/figcaption><\/figure><\/div>\n\n\n\n<p><\/p>\n","protected":false},"excerpt":{"rendered":"<p>Warum braucht es einen Infokanal? In der Schweiz gibt es \u00fcber 40\u2018000 Tigrinya sprechende Menschen. Die meisten von ihnen sind vor noch nicht allzu langer Zeit in der Schweiz angekommen. F\u00fcr ein gutes Zusammenleben mit und f\u00fcr die Partizipation von Eritreer*innen in der Schweiz ist es zentral, dass Gefl\u00fcchtete und Migrant*innen zeitnah, niederschwellig und direkt [&hellip;]<\/p>\n","protected":false},"author":11,"featured_media":0,"parent":0,"menu_order":0,"comment_status":"closed","ping_status":"closed","template":"","meta":{"footnotes":""},"class_list":["post-3010","page","type-page","status-publish","hentry"],"jetpack_sharing_enabled":true,"_links":{"self":[{"href":"https:\/\/eritreischer-medienbund.ch\/wordpress\/wp-json\/wp\/v2\/pages\/3010","targetHints":{"allow":["GET"]}}],"collection":[{"href":"https:\/\/eritreischer-medienbund.ch\/wordpress\/wp-json\/wp\/v2\/pages"}],"about":[{"href":"https:\/\/eritreischer-medienbund.ch\/wordpress\/wp-json\/wp\/v2\/types\/page"}],"author":[{"embeddable":true,"href":"https:\/\/eritreischer-medienbund.ch\/wordpress\/wp-json\/wp\/v2\/users\/11"}],"replies":[{"embeddable":true,"href":"https:\/\/eritreischer-medienbund.ch\/wordpress\/wp-json\/wp\/v2\/comments?post=3010"}],"version-history":[{"count":20,"href":"https:\/\/eritreischer-medienbund.ch\/wordpress\/wp-json\/wp\/v2\/pages\/3010\/revisions"}],"predecessor-version":[{"id":3632,"href":"https:\/\/eritreischer-medienbund.ch\/wordpress\/wp-json\/wp\/v2\/pages\/3010\/revisions\/3632"}],"wp:attachment":[{"href":"https:\/\/eritreischer-medienbund.ch\/wordpress\/wp-json\/wp\/v2\/media?parent=3010"}],"curies":[{"name":"wp","href":"https:\/\/api.w.org\/{rel}","templated":true}]}}