{"id":2934,"date":"2020-05-05T21:58:29","date_gmt":"2020-05-05T21:58:29","guid":{"rendered":"http:\/\/eritreischer-medienbund.ch\/wordpress\/?page_id=2934"},"modified":"2020-05-05T21:58:29","modified_gmt":"2020-05-05T21:58:29","slug":"schweizer-ausbildungsprojekt-in-eritrea-hat-es-die-erwuenschte-wirkung-interview-mit-david-signer","status":"publish","type":"page","link":"https:\/\/eritreischer-medienbund.ch\/wordpress\/schweizer-ausbildungsprojekt-in-eritrea-hat-es-die-erwuenschte-wirkung-interview-mit-david-signer\/","title":{"rendered":"Schweizer Ausbildungsprojekt in Eritrea: Hat es die erw\u00fcnschte Wirkung? Interview mit David Signer"},"content":{"rendered":"\n<figure class=\"wp-block-audio\"><audio controls src=\"https:\/\/eritreischer-medienbund.ch\/wordpress\/wp-content\/uploads\/2020\/05\/200106_signer.mp3\"><\/audio><figcaption>Interview von SRF Radio mit David Signer<\/figcaption><\/figure>\n\n\n\n<p>Die Schweiz finanziert ein Ausbildungsprojekt nach dem Vorbild Schweizer Lehren in der Stadt Massawa in Eritrea. David Signer erz\u00e4hlt in diesem Interview \u00fcber seinen Einblick in das Ausbildungsprojekt und spricht dar\u00fcber, wie sinnvoll diese Investition ist. Das Projekt an sich begr\u00fcsst er, bezweifelt aber die  eine fluchthemmende Wirkung, die Schweizer Politiker*innen sich davon erhoffen: &#171;Ich glaube, das ist ehrlich gesagt ein bisschen illusion\u00e4r. Ich glaube nicht, dass die Schweiz die M\u00f6glichkeit h\u00e4tte, da sehr viel an diesem Regime zu \u00e4ndern.&#187;<\/p>\n\n\n\n<p>Die meisten Entwicklungsorganisationen haben sich schon lange aus dem Land zur\u00fcckgezogen, da die Zusammenarbeit mit einem so repressiven Regime sehr schwierig ist. <\/p>\n\n\n\n<p>Signer berichtet auch, dass diese Ausbildungspl\u00e4tze keine realistische Alternative f\u00fcr Asylsuchende mit Negativentscheid bieten, da sie keine Sicherheit haben, dass eine R\u00fcckkehr straflos verlaufen w\u00fcrde. &#171;Momentan ist v\u00f6llig unklar, was mit R\u00fcckkehrern passiert&#187; (Mittlerweile konnte das Recherche-team jedoch aufzeigen (<a href=\"https:\/\/eritreischer-medienbund.ch\/wordpress\/stellungnahme-zur-reportage-zurueck-in-die-diktatur\/\">hier&#8230;<\/a>), dass mit Folter und Gefangenschaft zu rechnen ist).<br><\/p>\n\n\n\n<p><\/p>\n\n\n\n<p><\/p>\n","protected":false},"excerpt":{"rendered":"<p>Die Schweiz finanziert ein Ausbildungsprojekt nach dem Vorbild Schweizer Lehren in der Stadt Massawa in Eritrea. David Signer erz\u00e4hlt in diesem Interview \u00fcber seinen Einblick in das Ausbildungsprojekt und spricht dar\u00fcber, wie sinnvoll diese Investition ist. Das Projekt an sich begr\u00fcsst er, bezweifelt aber die eine fluchthemmende Wirkung, die Schweizer Politiker*innen sich davon erhoffen: &#171;Ich [&hellip;]<\/p>\n","protected":false},"author":11,"featured_media":0,"parent":0,"menu_order":0,"comment_status":"closed","ping_status":"closed","template":"","meta":{"footnotes":""},"class_list":["post-2934","page","type-page","status-publish","hentry"],"jetpack_sharing_enabled":true,"_links":{"self":[{"href":"https:\/\/eritreischer-medienbund.ch\/wordpress\/wp-json\/wp\/v2\/pages\/2934","targetHints":{"allow":["GET"]}}],"collection":[{"href":"https:\/\/eritreischer-medienbund.ch\/wordpress\/wp-json\/wp\/v2\/pages"}],"about":[{"href":"https:\/\/eritreischer-medienbund.ch\/wordpress\/wp-json\/wp\/v2\/types\/page"}],"author":[{"embeddable":true,"href":"https:\/\/eritreischer-medienbund.ch\/wordpress\/wp-json\/wp\/v2\/users\/11"}],"replies":[{"embeddable":true,"href":"https:\/\/eritreischer-medienbund.ch\/wordpress\/wp-json\/wp\/v2\/comments?post=2934"}],"version-history":[{"count":1,"href":"https:\/\/eritreischer-medienbund.ch\/wordpress\/wp-json\/wp\/v2\/pages\/2934\/revisions"}],"predecessor-version":[{"id":2936,"href":"https:\/\/eritreischer-medienbund.ch\/wordpress\/wp-json\/wp\/v2\/pages\/2934\/revisions\/2936"}],"wp:attachment":[{"href":"https:\/\/eritreischer-medienbund.ch\/wordpress\/wp-json\/wp\/v2\/media?parent=2934"}],"curies":[{"name":"wp","href":"https:\/\/api.w.org\/{rel}","templated":true}]}}