{"id":288,"date":"2016-10-06T07:41:28","date_gmt":"2016-10-06T07:41:28","guid":{"rendered":"http:\/\/eritreischer-medienbund.ch\/?page_id=288"},"modified":"2024-01-24T20:53:57","modified_gmt":"2024-01-24T20:53:57","slug":"vernetzung","status":"publish","type":"page","link":"https:\/\/eritreischer-medienbund.ch\/wordpress\/blackbox-eritrea\/vernetzung\/","title":{"rendered":"Vernetzung"},"content":{"rendered":"<p>Blackbox Eritrea war\u00a0ein Ort der Begegnung und des Kennenlernens. Diverse Organisationen waren\u00a0an der Veranstaltung mit Infost\u00e4nden anwesend. An unserem B\u00fcchertisch konnten wissenschaftliche Arbeiten \u00fcber Eritrea und die eritreische Diaspora eingesehen werden; Dokumentationen \u00fcber interkulturelle Kunstprojekte (eritreische Diaspora\/Schweiz) wurden vorgestellt. Vertreter*innen folgender\u00a0Organisationen haben ihre Arbeit vorgestellt:<\/p>\n<p><strong>Active Asyl<\/strong><\/p>\n<p>Active Asyl war ein Verein, der recycelte Laptops wieder zum Laufen brachte und Computer-Kurse f\u00fcr Gefl\u00fcchtete angeboten hatte. Neben dem Erlernen von Computerkenntnissen wurden so auch Deutschkenntnisse verbessert. Ziel des Vereins war es, die Zeit der Fl\u00fcchtlinge sinnvoll zu gestalten und ihr Potential zu nutzen, damit sie ihre eigenen Projekte realisieren k\u00f6nnen. (Verein wurde aufgel\u00f6st im Jahr 2023)<\/p>\n<p><strong>Amnesty International Hochschulgruppe<\/strong><\/p>\n<p>Amnesty International ist eine globale Bewegung, die sich f\u00fcr die Einhaltung von Menschenrechten einsetzt. Sie macht Menschenrechtsverletzungen publik, betreibt Lobbying bei Regierungen und Unternehmen, mobilisiert weltweit f\u00fcr ihre Kampagnen und Aktionen und unterst\u00fctzt Menschen durch Bildung und Training. Die Hochschulgruppe Z\u00fcrich trifft sich alle zwei Wochen, um Aktionen zu Menschenrechtsthemen zu planen und aktuelle Themen zu diskutieren. Sie konzentriert sich dabei auf die Organisation von Veranstaltungen an der Universit\u00e4t. <a href=\"http:\/\/www.amnesty.org\" target=\"_blank\" rel=\"noopener noreferrer\">www.amnesty.org<\/a><\/p>\n<p><strong>Watch the Med<\/strong><\/p>\n<p>Watch the Med, eine Online-Plattform, dokumentiert Todesf\u00e4lle sowie die Verletzungen von Migrant*innen-Rechten an den maritimen Grenzen der EU, um so die \u00d6ffentlichkeit zu informieren und Druck auszu\u00fcben, wenn Hilfe ausbleibt. Mit den gesammelten Informationen unterst\u00fctzt Watch the Med verschiedenste Organisationen, die sich f\u00fcr die Einhaltung von Menschenrechten auf See einsetzen. Zur direkten Hilfe betreibt Watch the Med eine Nothilfehotline. <a href=\"http:\/\/www.watchthemed.net\" target=\"_blank\" rel=\"noopener noreferrer\">www.watchthemed.net<\/a><\/p>\n<p><strong>Eritreische Br\u00fcckenbauer\/innen<\/strong><\/p>\n<p>Die Br\u00fcckenbauer\/innen beraten und begleiten eritreische vorl\u00e4ufig Aufgenommene und anerkannte Fl\u00fcchtlinge. Sie informieren \u00fcber Alltagswissen in der Schweiz, sprechen \u00fcber kulturelle Unterschiede, geben Orientierungshilfe, stellen Wissen \u00fcber den Arbeitsmarkt und das Bildungswesen zur Verf\u00fcgung und vermitteln zwischen den Personen und Institutionen der Integration (Gemeinden, RAV, Schulen, etc.). Weiter bieten sie Unterst\u00fctzung an bei der Suche nach Wohnungen und Sprachkursen. <a href=\"http:\/\/www.ncbi.ch\/de\/projekte\/integration-fordern\/eri-info-zentrum\/beratung-und-begleitung-fur-eritreische-personen\/\" target=\"_blank\" rel=\"noopener noreferrer\">www.ncbi.ch<\/a><\/p>\n<p><strong>Give a Hand<\/strong><\/p>\n<p>Der Verein Give a hand bietet verschiedenste Dienstleistungen an, um Menschen unterschiedlicher Herkunft zusammenzubringen und zur gegenseitigen Unterst\u00fctzung zu animieren. Seine Kernthemen sind: Alltagsprobleme und deren Bew\u00e4ltigung, Integrationsarbeit, Br\u00fcckenbauen zwischen Migranten*innen und Schweizer*innen. Give a hand ber\u00e4t, begleitet, \u00fcbersetzt, informiert und kl\u00e4rt Sachverhalte mit Beh\u00f6rden ab. <a href=\"http:\/\/www.giveahand.ch\/index.php\/de\/\" target=\"_blank\" rel=\"noopener noreferrer\">www.giveahand.ch<\/a><\/p>\n<p><strong>Solinetz Z\u00fcrich<\/strong><\/p>\n<p>Solinetz setzt sich f\u00fcr eine soziale und gerechte Gesellschaft ein. Unterschiedliche Projekte dienen der Verbesserung der Lebensumst\u00e4nde von Fl\u00fcchtlingen und Sans-Papier im Kanton Z\u00fcrich. Die Mitglieder sind Einheimische, Fl\u00fcchtlinge, Einzelpersonen, Kirchgemeinden und Basisorganisationen, die sich zusammen f\u00fcr eine menschlichere Asyl- und Ausl\u00e4nderpolitik einsetzen. Sie informieren und sensibilisieren die \u00d6ffentlichkeit zum Thema Fl\u00fcchtlinge und schaffen Begegnungen zwischen Fl\u00fcchtlingen und Einheimischen um Vorurteile vorzubeugen. <a href=\"http:\/\/solinetz-zh.ch\/\" target=\"_blank\" rel=\"noopener noreferrer\">www.solinetz-zh.ch<\/a><\/p>\n<p><strong>Schweizerische Fl\u00fcchtlingshilfe<\/strong><\/p>\n<p>Die Schweizerische Fl\u00fcchtlingshilfe, Dachverband mehrere Fl\u00fcchtlings- und Menschenrechts-organisationen, k\u00e4mpft daf\u00fcr, dass die Schweiz das in der Genfer Fl\u00fcchtlingskonvention von 1951 garantierte Recht auf Schutz vor Verfolgung einh\u00e4lt. Dies erreicht sie durch Sensibilisierungs-kampagnen, Stellungnahmen und Mediencommuniqu\u00e9s zur Asylpraxis und zu aktuellen Vorlagen im Asyl- und Ausl\u00e4ndergesetz. Die Begleitung von Asylsuchenden durch den Dschungel des Schweizer Rechtssystems und L\u00e4nderanalysen bilden einen weiteren zentralen Pfeiler ihrer Arbeit. <a href=\"http:\/\/www.fluechtlingshilfe.ch\">www.fluechtlingshilfe.ch<\/a><\/p>\n","protected":false},"excerpt":{"rendered":"<p>Blackbox Eritrea war\u00a0ein Ort der Begegnung und des Kennenlernens. Diverse Organisationen waren\u00a0an der Veranstaltung mit Infost\u00e4nden anwesend. An unserem B\u00fcchertisch konnten wissenschaftliche Arbeiten \u00fcber Eritrea und die eritreische Diaspora eingesehen werden; Dokumentationen \u00fcber interkulturelle Kunstprojekte (eritreische Diaspora\/Schweiz) wurden vorgestellt. Vertreter*innen folgender\u00a0Organisationen haben ihre Arbeit vorgestellt: Active Asyl Active Asyl war ein Verein, der recycelte Laptops [&hellip;]<\/p>\n","protected":false},"author":11,"featured_media":0,"parent":28,"menu_order":0,"comment_status":"closed","ping_status":"closed","template":"","meta":{"footnotes":""},"class_list":["post-288","page","type-page","status-publish","hentry"],"jetpack_sharing_enabled":true,"_links":{"self":[{"href":"https:\/\/eritreischer-medienbund.ch\/wordpress\/wp-json\/wp\/v2\/pages\/288","targetHints":{"allow":["GET"]}}],"collection":[{"href":"https:\/\/eritreischer-medienbund.ch\/wordpress\/wp-json\/wp\/v2\/pages"}],"about":[{"href":"https:\/\/eritreischer-medienbund.ch\/wordpress\/wp-json\/wp\/v2\/types\/page"}],"author":[{"embeddable":true,"href":"https:\/\/eritreischer-medienbund.ch\/wordpress\/wp-json\/wp\/v2\/users\/11"}],"replies":[{"embeddable":true,"href":"https:\/\/eritreischer-medienbund.ch\/wordpress\/wp-json\/wp\/v2\/comments?post=288"}],"version-history":[{"count":8,"href":"https:\/\/eritreischer-medienbund.ch\/wordpress\/wp-json\/wp\/v2\/pages\/288\/revisions"}],"predecessor-version":[{"id":3394,"href":"https:\/\/eritreischer-medienbund.ch\/wordpress\/wp-json\/wp\/v2\/pages\/288\/revisions\/3394"}],"up":[{"embeddable":true,"href":"https:\/\/eritreischer-medienbund.ch\/wordpress\/wp-json\/wp\/v2\/pages\/28"}],"wp:attachment":[{"href":"https:\/\/eritreischer-medienbund.ch\/wordpress\/wp-json\/wp\/v2\/media?parent=288"}],"curies":[{"name":"wp","href":"https:\/\/api.w.org\/{rel}","templated":true}]}}