{"id":2855,"date":"2020-03-24T02:56:42","date_gmt":"2020-03-24T02:56:42","guid":{"rendered":"http:\/\/eritreischer-medienbund.ch\/wordpress\/?page_id=2855"},"modified":"2022-11-10T09:11:00","modified_gmt":"2022-11-10T09:11:00","slug":"blackbox-eritrea-on-tour","status":"publish","type":"page","link":"https:\/\/eritreischer-medienbund.ch\/wordpress\/blackbox-eritrea-on-tour\/","title":{"rendered":"&#171;Blackbox Eritrea?&#187; on Tour"},"content":{"rendered":"\n<figure class=\"wp-block-image\"><img loading=\"lazy\" decoding=\"async\" width=\"1024\" height=\"678\" src=\"https:\/\/eritreischer-medienbund.ch\/wordpress\/wp-content\/uploads\/2020\/03\/15\u00a9AnaScheu-1024x678.jpg\" alt=\"\" class=\"wp-image-2857\" srcset=\"https:\/\/eritreischer-medienbund.ch\/wordpress\/wp-content\/uploads\/2020\/03\/15\u00a9AnaScheu-1024x678.jpg 1024w, https:\/\/eritreischer-medienbund.ch\/wordpress\/wp-content\/uploads\/2020\/03\/15\u00a9AnaScheu-300x199.jpg 300w, https:\/\/eritreischer-medienbund.ch\/wordpress\/wp-content\/uploads\/2020\/03\/15\u00a9AnaScheu-768x509.jpg 768w, https:\/\/eritreischer-medienbund.ch\/wordpress\/wp-content\/uploads\/2020\/03\/15\u00a9AnaScheu.jpg 2048w\" sizes=\"auto, (max-width: 1024px) 100vw, 1024px\" \/><figcaption>Foto \u00a9Ana Scheu<\/figcaption><\/figure>\n\n\n\n<p>Die&nbsp;<strong>brennende Nachfrage nach mehr Informationen zum Thema Eritrea&nbsp;<\/strong>und \u00fcber die Perspektiven von Eritreer*innen in der Schweiz dauert an. Der Wunsch nach Solidarit\u00e4t und ebenfalls Informationen von Eritreer*innen in ihren oft prek\u00e4ren Situationen ist gross.<\/p>\n\n\n\n<p>Der EMBS entwickelte deshalb aus Erfahrungen vergangener Veranstaltungen&nbsp;<strong>schl\u00fcssige Module f\u00fcr einen zwei bis 6 st\u00fcndigen Informations- und Austausch-Event f\u00fcr 50 &#8211; 200 Personen:<\/strong><\/p>\n\n\n\n<p>&#8211; Ein&nbsp;<strong>Begr\u00fcssungsteil<\/strong>, indem eine warme und freundliche Athmosph\u00e4re geschaffen wird.<br>&#8211;&nbsp;<strong>Einf\u00fchrungsvortr\u00e4ge<\/strong>, in denen aus unterschiedlicher Flugh\u00f6he und Perspektiven \u00fcber das Thema des Abends informiert wird.<\/p>\n\n\n\n<p>&#8211; Das&nbsp;<strong>\u00abmeet-the-expert\u00bb&nbsp;<\/strong>ist eine Art Human-Library, in dem ausgew\u00e4hlte Themen in Gespr\u00e4chen mit eritreischen und Schweizer Expert*innen vertieft werden.<\/p>\n\n\n\n<p>&#8211; Der&nbsp;<strong>\u00abOpen Space\u00bb<\/strong>, in dem brennende Themen und Good-Practice aus dem Publikum aufgegriffen werden.<br>&#8211; Die&nbsp;<strong>Schlussrunde<\/strong>, in der der Event emotional abgeschlossen wird.<br>&#8211; Ein&nbsp;<strong>Diversit\u00e4tskonzept&nbsp;<\/strong>mit Fokus auf Projekt-team und Publikum im Umgang mit Machtverh\u00e4ltnissen schafft einen nachhaltigen Eindruck f\u00fcr alle beteiligten und gibt interessierten Personen die&nbsp;<strong>M\u00f6glichkeit, sich in Auftrittskompetenz und Projektleitung weiterzubilden.<\/strong><\/p>\n\n\n\n<p>Am Pilot-Event vom 28.10.2019 zum Thema <a href=\"https:\/\/eritreischer-medienbund.ch\/wordpress\/veranstaltung-28-oktober-2019-asylentscheid-negativ-perspektive-eritrea\/\">\u00abAsylentscheid Negativ! Perspektive Eritrea?\u00bb<\/a> wurde das Modell&nbsp;<strong>erfolgreich getestet&nbsp;<\/strong>und ist nun bereit f\u00fcr eine Tournee durch die Schweiz.<\/p>\n\n\n\n<p>Das Thema wird je nach Ort und Aktualit\u00e4t angepasst.<\/p>\n","protected":false},"excerpt":{"rendered":"<p>Die&nbsp;brennende Nachfrage nach mehr Informationen zum Thema Eritrea&nbsp;und \u00fcber die Perspektiven von Eritreer*innen in der Schweiz dauert an. Der Wunsch nach Solidarit\u00e4t und ebenfalls Informationen von Eritreer*innen in ihren oft prek\u00e4ren Situationen ist gross. Der EMBS entwickelte deshalb aus Erfahrungen vergangener Veranstaltungen&nbsp;schl\u00fcssige Module f\u00fcr einen zwei bis 6 st\u00fcndigen Informations- und Austausch-Event f\u00fcr 50 &#8211; [&hellip;]<\/p>\n","protected":false},"author":11,"featured_media":0,"parent":0,"menu_order":0,"comment_status":"closed","ping_status":"closed","template":"","meta":{"footnotes":""},"class_list":["post-2855","page","type-page","status-publish","hentry"],"jetpack_sharing_enabled":true,"_links":{"self":[{"href":"https:\/\/eritreischer-medienbund.ch\/wordpress\/wp-json\/wp\/v2\/pages\/2855","targetHints":{"allow":["GET"]}}],"collection":[{"href":"https:\/\/eritreischer-medienbund.ch\/wordpress\/wp-json\/wp\/v2\/pages"}],"about":[{"href":"https:\/\/eritreischer-medienbund.ch\/wordpress\/wp-json\/wp\/v2\/types\/page"}],"author":[{"embeddable":true,"href":"https:\/\/eritreischer-medienbund.ch\/wordpress\/wp-json\/wp\/v2\/users\/11"}],"replies":[{"embeddable":true,"href":"https:\/\/eritreischer-medienbund.ch\/wordpress\/wp-json\/wp\/v2\/comments?post=2855"}],"version-history":[{"count":2,"href":"https:\/\/eritreischer-medienbund.ch\/wordpress\/wp-json\/wp\/v2\/pages\/2855\/revisions"}],"predecessor-version":[{"id":3216,"href":"https:\/\/eritreischer-medienbund.ch\/wordpress\/wp-json\/wp\/v2\/pages\/2855\/revisions\/3216"}],"wp:attachment":[{"href":"https:\/\/eritreischer-medienbund.ch\/wordpress\/wp-json\/wp\/v2\/media?parent=2855"}],"curies":[{"name":"wp","href":"https:\/\/api.w.org\/{rel}","templated":true}]}}