{"id":2849,"date":"2020-03-24T02:42:25","date_gmt":"2020-03-24T02:42:25","guid":{"rendered":"http:\/\/eritreischer-medienbund.ch\/wordpress\/?page_id=2849"},"modified":"2020-03-24T02:42:25","modified_gmt":"2020-03-24T02:42:25","slug":"info-kooperations-plattform-infokop","status":"publish","type":"page","link":"https:\/\/eritreischer-medienbund.ch\/wordpress\/info-kooperations-plattform-infokop\/","title":{"rendered":"Info-Kooperations-Plattform (InfoKOP)"},"content":{"rendered":"\n<figure class=\"wp-block-image is-resized\"><img loading=\"lazy\" decoding=\"async\" src=\"https:\/\/eritreischer-medienbund.ch\/wordpress\/wp-content\/uploads\/2020\/03\/Screen-Shot-2020-03-24-at-03.38.49-1024x619.png\" alt=\"\" class=\"wp-image-2850\" width=\"512\" height=\"310\" srcset=\"https:\/\/eritreischer-medienbund.ch\/wordpress\/wp-content\/uploads\/2020\/03\/Screen-Shot-2020-03-24-at-03.38.49-1024x619.png 1024w, https:\/\/eritreischer-medienbund.ch\/wordpress\/wp-content\/uploads\/2020\/03\/Screen-Shot-2020-03-24-at-03.38.49-300x181.png 300w, https:\/\/eritreischer-medienbund.ch\/wordpress\/wp-content\/uploads\/2020\/03\/Screen-Shot-2020-03-24-at-03.38.49-768x464.png 768w, https:\/\/eritreischer-medienbund.ch\/wordpress\/wp-content\/uploads\/2020\/03\/Screen-Shot-2020-03-24-at-03.38.49.png 1046w\" sizes=\"auto, (max-width: 512px) 100vw, 512px\" \/><figcaption>Foto \u00a9Thomas Knellwolf<\/figcaption><\/figure>\n\n\n\n<p>In der Schweiz gibt es diverse eritreische und schweizerische Organisationen aus kirchlichen, integrativen, politischen oder feministischen Kreisen mit einem breiten Netzwerk und lebhaftem Vereinsleben, die sich den Themen und teils auch der prek\u00e4ren Lage von eritreischen Gefl\u00fcchteten in der Schweiz sehr engagiert annehmen.\u00a0<strong>Das Bed\u00fcrfnis zusammen zu arbeiten, sichtbar zu werden und Zug\u00e4nge zu erhalten ist gross.<\/strong><\/p>\n\n\n\n<p>Der Eritreische Medienbund entwickelt eine schweizweite Koordinations-Plattform. In der baut eine Koordinations-Gruppe ein Netzwerk von Vertreter*innen von diversen eritreischen Diaspora-Organisationen und schweizerischen Unterst\u00fctzungs-Organisationen auf. Sie sammelt deren\u00a0<strong>Haltungen und Stellungnahmen und tr\u00e4gt diese in die Schweizer \u00d6ffentlichkeit.\u00a0<\/strong>Der Zugang zu Informationen, Entscheidungstr\u00e4ger*innen, Netzwerken und weiteren Ressourcen wird ge\u00f6ffnet. Kampagnen und Medienarbeit werden schlagkr\u00e4ftiger und breiter abgest\u00fctzt.\u00a0<strong>Synergien von eritreischen und Schweizer Organisationen werden geschaffen, vorhandenen Ressourcen zusammen gelegt und bestehende EMBS-Projekte werden gest\u00e4rkt.<\/strong><\/p>\n\n\n\n<p>Forschende oder Medienschaffende finden einen einfacheren und direkteren Zugang zu ihrer Zielgruppe.<\/p>\n\n\n\n<p>Um das Projekt in der \u00d6ffentlichkeit f\u00fcr Interessierte zug\u00e4nglich zu machen, organisiert der EMBS eine\u00a0<strong>\u00f6ffentliche Tagung mit Workshops und Austausch.<\/strong><\/p>\n\n\n\n<h5 class=\"wp-block-heading\">Kooperationspartner:<\/h5>\n\n\n\n<figure class=\"wp-block-image is-resized\"><img loading=\"lazy\" decoding=\"async\" src=\"https:\/\/eritreischer-medienbund.ch\/wordpress\/wp-content\/uploads\/2020\/03\/Screen-Shot-2020-03-24-at-03.39.11.png\" alt=\"\" class=\"wp-image-2851\" width=\"287\" height=\"98\" srcset=\"https:\/\/eritreischer-medienbund.ch\/wordpress\/wp-content\/uploads\/2020\/03\/Screen-Shot-2020-03-24-at-03.39.11.png 574w, https:\/\/eritreischer-medienbund.ch\/wordpress\/wp-content\/uploads\/2020\/03\/Screen-Shot-2020-03-24-at-03.39.11-300x102.png 300w\" sizes=\"auto, (max-width: 287px) 100vw, 287px\" \/><\/figure>\n","protected":false},"excerpt":{"rendered":"<p>In der Schweiz gibt es diverse eritreische und schweizerische Organisationen aus kirchlichen, integrativen, politischen oder feministischen Kreisen mit einem breiten Netzwerk und lebhaftem Vereinsleben, die sich den Themen und teils auch der prek\u00e4ren Lage von eritreischen Gefl\u00fcchteten in der Schweiz sehr engagiert annehmen.\u00a0Das Bed\u00fcrfnis zusammen zu arbeiten, sichtbar zu werden und Zug\u00e4nge zu erhalten ist [&hellip;]<\/p>\n","protected":false},"author":8,"featured_media":0,"parent":0,"menu_order":0,"comment_status":"closed","ping_status":"closed","template":"","meta":{"footnotes":""},"class_list":["post-2849","page","type-page","status-publish","hentry"],"jetpack_sharing_enabled":true,"_links":{"self":[{"href":"https:\/\/eritreischer-medienbund.ch\/wordpress\/wp-json\/wp\/v2\/pages\/2849","targetHints":{"allow":["GET"]}}],"collection":[{"href":"https:\/\/eritreischer-medienbund.ch\/wordpress\/wp-json\/wp\/v2\/pages"}],"about":[{"href":"https:\/\/eritreischer-medienbund.ch\/wordpress\/wp-json\/wp\/v2\/types\/page"}],"author":[{"embeddable":true,"href":"https:\/\/eritreischer-medienbund.ch\/wordpress\/wp-json\/wp\/v2\/users\/8"}],"replies":[{"embeddable":true,"href":"https:\/\/eritreischer-medienbund.ch\/wordpress\/wp-json\/wp\/v2\/comments?post=2849"}],"version-history":[{"count":2,"href":"https:\/\/eritreischer-medienbund.ch\/wordpress\/wp-json\/wp\/v2\/pages\/2849\/revisions"}],"predecessor-version":[{"id":2853,"href":"https:\/\/eritreischer-medienbund.ch\/wordpress\/wp-json\/wp\/v2\/pages\/2849\/revisions\/2853"}],"wp:attachment":[{"href":"https:\/\/eritreischer-medienbund.ch\/wordpress\/wp-json\/wp\/v2\/media?parent=2849"}],"curies":[{"name":"wp","href":"https:\/\/api.w.org\/{rel}","templated":true}]}}