{"id":2841,"date":"2020-03-24T02:25:41","date_gmt":"2020-03-24T02:25:41","guid":{"rendered":"http:\/\/eritreischer-medienbund.ch\/wordpress\/?page_id=2841"},"modified":"2022-11-14T13:56:25","modified_gmt":"2022-11-14T13:56:25","slug":"diaspora-tv-tigrinya","status":"publish","type":"page","link":"https:\/\/eritreischer-medienbund.ch\/wordpress\/diaspora-tv-tigrinya\/","title":{"rendered":"Diaspora-TV Tigrinya"},"content":{"rendered":"\n<figure class=\"wp-block-image\"><img loading=\"lazy\" decoding=\"async\" width=\"1024\" height=\"544\" src=\"https:\/\/eritreischer-medienbund.ch\/wordpress\/wp-content\/uploads\/2020\/03\/Screen-Shot-2020-03-24-at-03.13.00-1024x544.png\" alt=\"\" class=\"wp-image-2844\" srcset=\"https:\/\/eritreischer-medienbund.ch\/wordpress\/wp-content\/uploads\/2020\/03\/Screen-Shot-2020-03-24-at-03.13.00-1024x544.png 1024w, https:\/\/eritreischer-medienbund.ch\/wordpress\/wp-content\/uploads\/2020\/03\/Screen-Shot-2020-03-24-at-03.13.00-300x159.png 300w, https:\/\/eritreischer-medienbund.ch\/wordpress\/wp-content\/uploads\/2020\/03\/Screen-Shot-2020-03-24-at-03.13.00-768x408.png 768w\" sizes=\"auto, (max-width: 1024px) 100vw, 1024px\" \/><\/figure>\n\n\n\n<p>In Kooperation mit dem DiasporaTV Switzerland baut der Eritreische Medienbund zusammen mit eritreischen Journalist*innen seit Dezember 2019 die monatliche Tigrinya News Sendung aus und entwickelt weitere Sendungsformate. Dabei werden Eritreer*innen in allen ben\u00f6tigten Rollen geschult und weitergebildet. Der Informationskanal tr\u00e4gt wichtige Informationen und News von Beh\u00f6rden, Wirtschaft und Organisationen direkter in die eritreische Diaspora. Zudem h\u00e4lt er eritreische Menschen in der Schweiz \u00fcber Themen, die sie betreffen, auf dem Laufenden. Mit bis zu 250\u2018000 Personen Reichweite im Jahr 2019 sind die Tigrinya News zu einem sehr gefragten Informationsangebot geworden.<\/p>\n\n\n\n<p>Das DiasporaTV ist das einzige audiovisuelle Online-Medium weltweit, das seit 2018 in neun Sprachen auf Sendung ist. Diaspora TV versteht die Herausforderungen durch starke Partnerorganisationen Migrant*innen zuerreichen, was vielen Beh\u00f6rden und Organisationen bisher \u00e4usserst schwer f\u00e4llt.<\/p>\n\n\n\n<p>Im hochmodernen Studio in K\u00f6niz BE werden Studio-Talkshows produziert und mit professionellem Equipment Stra\u00dfeninterviews, Konferenzproduktionen, Veranstaltungen und Festivalberichterstattung erm\u00f6glicht. F\u00fcr den Nachrichtenbereich ist das DiasporaTV in einerPartnerschaft mit Swissinfo.ch und dem Schweizerischer Radio und Fernseher SRGSBV SSR.<\/p>\n\n\n\n<p>In der Schweiz leben \u00fcber 2,1 Millionen Ausl\u00e4nder*innen, was 24.9 Prozent der Gesamtbev\u00f6lkerung ausmacht. Zudem ist die Schweiz das Zuhause von \u00fcber 40\u2018000 Eritreer*innen. Im Verh\u00e4ltnis zur Bev\u00f6lkerung ist es die gr\u00f6ssteeritreische Diaspora der Welt.<\/p>\n\n\n\n<figure class=\"wp-block-image is-resized\"><img loading=\"lazy\" decoding=\"async\" src=\"https:\/\/eritreischer-medienbund.ch\/wordpress\/wp-content\/uploads\/2020\/03\/Screen-Shot-2020-03-24-at-03.05.49.png\" alt=\"\" class=\"wp-image-2842\" width=\"241\" height=\"241\" srcset=\"https:\/\/eritreischer-medienbund.ch\/wordpress\/wp-content\/uploads\/2020\/03\/Screen-Shot-2020-03-24-at-03.05.49.png 962w, https:\/\/eritreischer-medienbund.ch\/wordpress\/wp-content\/uploads\/2020\/03\/Screen-Shot-2020-03-24-at-03.05.49-150x150.png 150w, https:\/\/eritreischer-medienbund.ch\/wordpress\/wp-content\/uploads\/2020\/03\/Screen-Shot-2020-03-24-at-03.05.49-300x300.png 300w, https:\/\/eritreischer-medienbund.ch\/wordpress\/wp-content\/uploads\/2020\/03\/Screen-Shot-2020-03-24-at-03.05.49-768x768.png 768w\" sizes=\"auto, (max-width: 241px) 100vw, 241px\" \/><figcaption>Diaspora-TV Switzerland<\/figcaption><\/figure>\n","protected":false},"excerpt":{"rendered":"<p>In Kooperation mit dem DiasporaTV Switzerland baut der Eritreische Medienbund zusammen mit eritreischen Journalist*innen seit Dezember 2019 die monatliche Tigrinya News Sendung aus und entwickelt weitere Sendungsformate. Dabei werden Eritreer*innen in allen ben\u00f6tigten Rollen geschult und weitergebildet. Der Informationskanal tr\u00e4gt wichtige Informationen und News von Beh\u00f6rden, Wirtschaft und Organisationen direkter in die eritreische Diaspora. Zudem [&hellip;]<\/p>\n","protected":false},"author":8,"featured_media":0,"parent":0,"menu_order":0,"comment_status":"closed","ping_status":"closed","template":"","meta":{"footnotes":""},"class_list":["post-2841","page","type-page","status-publish","hentry"],"jetpack_sharing_enabled":true,"_links":{"self":[{"href":"https:\/\/eritreischer-medienbund.ch\/wordpress\/wp-json\/wp\/v2\/pages\/2841","targetHints":{"allow":["GET"]}}],"collection":[{"href":"https:\/\/eritreischer-medienbund.ch\/wordpress\/wp-json\/wp\/v2\/pages"}],"about":[{"href":"https:\/\/eritreischer-medienbund.ch\/wordpress\/wp-json\/wp\/v2\/types\/page"}],"author":[{"embeddable":true,"href":"https:\/\/eritreischer-medienbund.ch\/wordpress\/wp-json\/wp\/v2\/users\/8"}],"replies":[{"embeddable":true,"href":"https:\/\/eritreischer-medienbund.ch\/wordpress\/wp-json\/wp\/v2\/comments?post=2841"}],"version-history":[{"count":3,"href":"https:\/\/eritreischer-medienbund.ch\/wordpress\/wp-json\/wp\/v2\/pages\/2841\/revisions"}],"predecessor-version":[{"id":3264,"href":"https:\/\/eritreischer-medienbund.ch\/wordpress\/wp-json\/wp\/v2\/pages\/2841\/revisions\/3264"}],"wp:attachment":[{"href":"https:\/\/eritreischer-medienbund.ch\/wordpress\/wp-json\/wp\/v2\/media?parent=2841"}],"curies":[{"name":"wp","href":"https:\/\/api.w.org\/{rel}","templated":true}]}}