{"id":2699,"date":"2019-12-21T11:09:52","date_gmt":"2019-12-21T11:09:52","guid":{"rendered":"http:\/\/eritreischer-medienbund.ch\/wordpress\/?page_id=2699"},"modified":"2020-05-14T18:39:16","modified_gmt":"2020-05-14T18:39:16","slug":"was-wir-anbieten","status":"publish","type":"page","link":"https:\/\/eritreischer-medienbund.ch\/wordpress\/was-wir-anbieten\/","title":{"rendered":""},"content":{"rendered":"\n<h2 class=\"wp-block-heading\" style=\"text-align:center\">Vortr\u00e4ge und Inputs zum Thema Eritrea<\/h2>\n\n\n\n<div class=\"wp-block-image\"><figure class=\"aligncenter is-resized\"><img loading=\"lazy\" decoding=\"async\" src=\"https:\/\/eritreischer-medienbund.ch\/wordpress\/wp-content\/uploads\/2020\/01\/YonasBiel.jpg\" alt=\"\" class=\"wp-image-2705\" width=\"466\" height=\"269\" srcset=\"https:\/\/eritreischer-medienbund.ch\/wordpress\/wp-content\/uploads\/2020\/01\/YonasBiel.jpg 617w, https:\/\/eritreischer-medienbund.ch\/wordpress\/wp-content\/uploads\/2020\/01\/YonasBiel-300x174.jpg 300w\" sizes=\"auto, (max-width: 466px) 100vw, 466px\" \/><figcaption>Vortrag von Yonas Gebrehiwet<\/figcaption><\/figure><\/div>\n\n\n\n<p><strong>Buche uns<\/strong>!<\/p>\n\n\n\n<p>Eritrea ist in Medien und Politik omnipr\u00e4sent. Doch Hintergrundinformationen aus dem Land sind rar und die Stimme der eritreischen Diaspora h\u00f6rt man selten. <\/p>\n\n\n\n<p>Lehrer*innen, Sozialarbeiter*innen, Berater*innen, Freiwillige und andere Menschen, die mit Eritreer*innen in Kontakt sind, wollen einen vertieften Einblick in das Land und die eritreische Diaspora in der Schweiz erhalten.<\/p>\n\n\n\n<p>Gem\u00e4ss unseren Erfahrungen&nbsp;sind die Interessen unserer Kund*innen sehr unterschiedlich. Lehrpersonen wollten beispielsweise die Lebenswelt ihrer Sch\u00fcler*innen und deren Familienkultur besser verstehen, w\u00e4hrend wir von einer Beh\u00f6rde f\u00fcr einen Infoabend zur aktuellen politischen Lage in Eritrea angefragt wurden. <\/p>\n\n\n\n<p>W\u00e4hlen Sie die Vertiefung der Pr\u00e4sentation und kontaktieren Sie uns, um einen auf Ihr Publikum zugeschnittenen Fachinput zu buchen.<br><\/p>\n\n\n\n<h2 class=\"wp-block-heading\">Inhalte:<\/h2>\n\n\n\n<ul class=\"wp-block-list\"><li><strong>Eritreer*innen in der Schweiz: Integration, Herausforderungen und Chancen<\/strong><\/li><li><strong>Eritrea vor und nach dem Frieden mit \u00c4thiopien \u2013 die aktuelle politische Lage<\/strong><\/li><li><strong>Eritreischer Medienbund Schweiz: Den \u00f6ffentlichen Diskurs mit neuen Narrativen f\u00fchren<\/strong><\/li><li><strong>Perspektive Eritrea? \u2013 Eine \u00dcbersicht \u00fcber alle relevanten Themen rund um Eritrea<\/strong><\/li><li><strong>Schule in Eritrea \u2013 Das Schulsystem fr\u00fcher und heute<\/strong><\/li><li><strong>Eritreer*innen erreichen: Die Social Media Strategie des EMBS<\/strong><\/li><\/ul>\n\n\n\n<p><\/p>\n\n\n\n<p><\/p>\n\n\n\n<div class=\"wp-block-image\"><figure class=\"aligncenter is-resized\"><img loading=\"lazy\" decoding=\"async\" src=\"https:\/\/eritreischer-medienbund.ch\/wordpress\/wp-content\/uploads\/2020\/02\/IMG_8038-1024x768.jpg\" alt=\"\" class=\"wp-image-2752\" width=\"421\" height=\"316\" srcset=\"https:\/\/eritreischer-medienbund.ch\/wordpress\/wp-content\/uploads\/2020\/02\/IMG_8038-1024x768.jpg 1024w, https:\/\/eritreischer-medienbund.ch\/wordpress\/wp-content\/uploads\/2020\/02\/IMG_8038-300x225.jpg 300w, https:\/\/eritreischer-medienbund.ch\/wordpress\/wp-content\/uploads\/2020\/02\/IMG_8038-768x576.jpg 768w\" sizes=\"auto, (max-width: 421px) 100vw, 421px\" \/><figcaption>Okbaab Tesfamariam an der Jahrestagung der Eidgen\u00f6ssischen Migrationskommission EKM<\/figcaption><\/figure><\/div>\n","protected":false},"excerpt":{"rendered":"<p>Vortr\u00e4ge und Inputs zum Thema Eritrea Buche uns! Eritrea ist in Medien und Politik omnipr\u00e4sent. Doch Hintergrundinformationen aus dem Land sind rar und die Stimme der eritreischen Diaspora h\u00f6rt man selten. Lehrer*innen, Sozialarbeiter*innen, Berater*innen, Freiwillige und andere Menschen, die mit Eritreer*innen in Kontakt sind, wollen einen vertieften Einblick in das Land und die eritreische Diaspora [&hellip;]<\/p>\n","protected":false},"author":11,"featured_media":0,"parent":0,"menu_order":0,"comment_status":"closed","ping_status":"closed","template":"","meta":{"footnotes":""},"class_list":["post-2699","page","type-page","status-publish","hentry"],"jetpack_sharing_enabled":true,"_links":{"self":[{"href":"https:\/\/eritreischer-medienbund.ch\/wordpress\/wp-json\/wp\/v2\/pages\/2699","targetHints":{"allow":["GET"]}}],"collection":[{"href":"https:\/\/eritreischer-medienbund.ch\/wordpress\/wp-json\/wp\/v2\/pages"}],"about":[{"href":"https:\/\/eritreischer-medienbund.ch\/wordpress\/wp-json\/wp\/v2\/types\/page"}],"author":[{"embeddable":true,"href":"https:\/\/eritreischer-medienbund.ch\/wordpress\/wp-json\/wp\/v2\/users\/11"}],"replies":[{"embeddable":true,"href":"https:\/\/eritreischer-medienbund.ch\/wordpress\/wp-json\/wp\/v2\/comments?post=2699"}],"version-history":[{"count":13,"href":"https:\/\/eritreischer-medienbund.ch\/wordpress\/wp-json\/wp\/v2\/pages\/2699\/revisions"}],"predecessor-version":[{"id":3217,"href":"https:\/\/eritreischer-medienbund.ch\/wordpress\/wp-json\/wp\/v2\/pages\/2699\/revisions\/3217"}],"wp:attachment":[{"href":"https:\/\/eritreischer-medienbund.ch\/wordpress\/wp-json\/wp\/v2\/media?parent=2699"}],"curies":[{"name":"wp","href":"https:\/\/api.w.org\/{rel}","templated":true}]}}