{"id":2684,"date":"2019-12-18T16:37:29","date_gmt":"2019-12-18T16:37:29","guid":{"rendered":"http:\/\/eritreischer-medienbund.ch\/wordpress\/?page_id=2684"},"modified":"2020-01-09T16:05:43","modified_gmt":"2020-01-09T16:05:43","slug":"fuer-eine-menschliche-schweizer-politik-gegenueber-asylsuchenden-aus-eritrea","status":"publish","type":"page","link":"https:\/\/eritreischer-medienbund.ch\/wordpress\/fuer-eine-menschliche-schweizer-politik-gegenueber-asylsuchenden-aus-eritrea\/","title":{"rendered":"\u00abF\u00fcr eine menschliche Schweizer Politik gegen\u00fcber Asylsuchenden aus Eritrea\u00bb"},"content":{"rendered":"\n<p>Der Eritreische Medienbund Schweiz unterst\u00fctzt <a href=\"https:\/\/www.acat.ch\/de\/aktiv_werden\/kampagnen\/menschenrechtstag\/menschenrechtstag_petition\/\">die Petition und Kampagne<\/a> der Menschenrechtsorganisation ACAT.<\/p>\n\n\n\n<p>Hier unsere Forderungen an Frau Bundesr\u00e4tin Karin Keller-Sutter:<\/p>\n\n\n\n<p>1. Die Asylsuchenden aus Eritrea, denen kein Asyl gew\u00e4hrt wurde, sollen in der Schweiz vorl\u00e4ufig aufgenommen werden;<\/p>\n\n\n\n<p>2. die Neubeurteilung des Aufenthaltsstatus von bislang vorl\u00e4ufig aufgenommenen Personen aus Eritrea soll ausgesetzt werden;<\/p>\n\n\n\n<p>3. die aus der vorl\u00e4ufigen Aufnahme ausgeschlossenen Personen sollen wieder in diesen Status aufgenommen werden;<\/p>\n\n\n\n<p>4. es sollen keine Verhandlungen \u00fcber ein R\u00fcck\u00fcbernahmeabkommen mit Eritrea aufgenommen werden, solange sich die dortige Menschenrechtslage nicht verbessert. Die eritreische Regierung ist dar\u00fcber in Kenntnis zu setzen;<\/p>\n\n\n\n<p>5. im Dialog mit den eritreischen Beh\u00f6rden soll mit allen verf\u00fcgbaren Mitteln darauf hingewirkt werden, dass sich die Menschenrechtslage in diesem Land grundlegend verbessert.<\/p>\n\n\n\n<p><a href=\"https:\/\/act.campax.org\/petitions\/fur-eine-menschliche-schweizer-politik-gegenuber-asylsuchenden-aus-eritrea\">Hier <\/a>kannst du online unterschreiben! <\/p>\n","protected":false},"excerpt":{"rendered":"<p>Der Eritreische Medienbund Schweiz unterst\u00fctzt die Petition und Kampagne der Menschenrechtsorganisation ACAT. Hier unsere Forderungen an Frau Bundesr\u00e4tin Karin Keller-Sutter: 1. Die Asylsuchenden aus Eritrea, denen kein Asyl gew\u00e4hrt wurde, sollen in der Schweiz vorl\u00e4ufig aufgenommen werden; 2. die Neubeurteilung des Aufenthaltsstatus von bislang vorl\u00e4ufig aufgenommenen Personen aus Eritrea soll ausgesetzt werden; 3. die aus [&hellip;]<\/p>\n","protected":false},"author":11,"featured_media":2685,"parent":0,"menu_order":0,"comment_status":"closed","ping_status":"closed","template":"","meta":{"footnotes":""},"class_list":["post-2684","page","type-page","status-publish","has-post-thumbnail","hentry"],"jetpack_sharing_enabled":true,"_links":{"self":[{"href":"https:\/\/eritreischer-medienbund.ch\/wordpress\/wp-json\/wp\/v2\/pages\/2684","targetHints":{"allow":["GET"]}}],"collection":[{"href":"https:\/\/eritreischer-medienbund.ch\/wordpress\/wp-json\/wp\/v2\/pages"}],"about":[{"href":"https:\/\/eritreischer-medienbund.ch\/wordpress\/wp-json\/wp\/v2\/types\/page"}],"author":[{"embeddable":true,"href":"https:\/\/eritreischer-medienbund.ch\/wordpress\/wp-json\/wp\/v2\/users\/11"}],"replies":[{"embeddable":true,"href":"https:\/\/eritreischer-medienbund.ch\/wordpress\/wp-json\/wp\/v2\/comments?post=2684"}],"version-history":[{"count":2,"href":"https:\/\/eritreischer-medienbund.ch\/wordpress\/wp-json\/wp\/v2\/pages\/2684\/revisions"}],"predecessor-version":[{"id":2757,"href":"https:\/\/eritreischer-medienbund.ch\/wordpress\/wp-json\/wp\/v2\/pages\/2684\/revisions\/2757"}],"wp:featuredmedia":[{"embeddable":true,"href":"https:\/\/eritreischer-medienbund.ch\/wordpress\/wp-json\/wp\/v2\/media\/2685"}],"wp:attachment":[{"href":"https:\/\/eritreischer-medienbund.ch\/wordpress\/wp-json\/wp\/v2\/media?parent=2684"}],"curies":[{"name":"wp","href":"https:\/\/api.w.org\/{rel}","templated":true}]}}