{"id":2471,"date":"2019-05-28T15:06:27","date_gmt":"2019-05-28T15:06:27","guid":{"rendered":"http:\/\/eritreischer-medienbund.ch\/wordpress\/?page_id=2471"},"modified":"2022-11-14T13:53:50","modified_gmt":"2022-11-14T13:53:50","slug":"eritrean-women-empowerment-in-switzerland","status":"publish","type":"page","link":"https:\/\/eritreischer-medienbund.ch\/wordpress\/eritrean-women-empowerment-in-switzerland\/","title":{"rendered":"Eritrean Women-Empowerment in Switzerland"},"content":{"rendered":"<h3><b>Das Projekt<br><\/b><\/h3>\n<h4><b>Informationsvideos &amp; Onlineberatung <\/b><\/h4>\n<p><span style=\"font-weight: 400;\">Senait Hadish schafft f\u00fcr eritreische Frauen durch Informations-, \u201cWerbe\u201d-Videos und einer Online- &amp; Telefonberatung Zugang zu diversen Angeboten. Daf\u00fcr entwickelt sie Videos in unterschiedlichen Themenfeldern in eigener Sache oder in Zusammenarbeit mit Kooperationspartnern und ver\u00f6ffentlicht diese auf <\/span><a href=\"https:\/\/www.facebook.com\/eritreischermedienbundschweiz\/\"><span style=\"font-weight: 400;\">Facebook<\/span><\/a><span style=\"font-weight: 400;\"> und <\/span><a href=\"https:\/\/www.youtube.com\/channel\/UCEDWVtpIs0XtAJkpAvfExdg\/featured\"><span style=\"font-weight: 400;\">Youtube<\/span><\/a><span style=\"font-weight: 400;\">.<\/span><\/p>\n<h4><b>Werbevideos f\u00fcr Angebote von Gemeinden und privaten Organisationen<\/b><\/h4>\n<p><span style=\"font-weight: 400;\">Viele Gemeinden und private Initiativen merken, dass Flyer oder Aush\u00e4nge ihre Zielgruppe kaum erreichen. <\/span><\/p>\n<p><span style=\"font-weight: 400;\">Senait Hadish bietet Organisationen und Institutionen an Informationen, ihr Angebot oder einen Event zielgruppengerecht an eritreische Menschen zu bringen.<\/span><\/p>\n<p><span style=\"font-weight: 400;\">Sie konzipiert daf\u00fcr ein Werbevideo, verbreitet es auf ihren Kan\u00e4len, beantwortet auftauchende Fragen und motiviert interessierte Personen, Chancen und Angebote zu nutzen. <\/span><\/p>\n\n\n<figure class=\"wp-block-image\"><img loading=\"lazy\" decoding=\"async\" width=\"1024\" height=\"346\" src=\"https:\/\/eritreischer-medienbund.ch\/wordpress\/wp-content\/uploads\/2020\/03\/Bildschirmfoto-2020-03-05-um-09.11.35-1024x346.png\" alt=\"\" class=\"wp-image-2765\" srcset=\"https:\/\/eritreischer-medienbund.ch\/wordpress\/wp-content\/uploads\/2020\/03\/Bildschirmfoto-2020-03-05-um-09.11.35-1024x346.png 1024w, https:\/\/eritreischer-medienbund.ch\/wordpress\/wp-content\/uploads\/2020\/03\/Bildschirmfoto-2020-03-05-um-09.11.35-300x101.png 300w, https:\/\/eritreischer-medienbund.ch\/wordpress\/wp-content\/uploads\/2020\/03\/Bildschirmfoto-2020-03-05-um-09.11.35-768x259.png 768w\" sizes=\"auto, (max-width: 1024px) 100vw, 1024px\" \/><figcaption> <br><strong>Beispiel 1: Werbung f\u00fcr Solinetz<\/strong> <strong>Z\u00fcrich<\/strong> f\u00fcr ihren Vortrag &#171;Von erzwungener Isolation zum H\u00e4rtefall: Realit\u00e4t und pers\u00f6nliche Perspektiven&#187;<br> Das Video erreichte <strong>13\u2018566 Personen. <\/strong>Am  Event waren die Veranstalter*innen positiv \u00fcberrascht \u00fcber die vielen  eritreischen Menschen im Publikum und wollen in Zukunft sehr gerne  wieder mit Senait Hadish zusammenarbeiten. <\/figcaption><\/figure>\n\n\n\n<figure class=\"wp-block-image\"><img loading=\"lazy\" decoding=\"async\" width=\"1024\" height=\"347\" src=\"https:\/\/eritreischer-medienbund.ch\/wordpress\/wp-content\/uploads\/2020\/03\/Bildschirmfoto-2020-03-05-um-09.11.46-1024x347.png\" alt=\"\" class=\"wp-image-2766\" srcset=\"https:\/\/eritreischer-medienbund.ch\/wordpress\/wp-content\/uploads\/2020\/03\/Bildschirmfoto-2020-03-05-um-09.11.46-1024x347.png 1024w, https:\/\/eritreischer-medienbund.ch\/wordpress\/wp-content\/uploads\/2020\/03\/Bildschirmfoto-2020-03-05-um-09.11.46-300x102.png 300w, https:\/\/eritreischer-medienbund.ch\/wordpress\/wp-content\/uploads\/2020\/03\/Bildschirmfoto-2020-03-05-um-09.11.46-768x260.png 768w, https:\/\/eritreischer-medienbund.ch\/wordpress\/wp-content\/uploads\/2020\/03\/Bildschirmfoto-2020-03-05-um-09.11.46.png 1718w\" sizes=\"auto, (max-width: 1024px) 100vw, 1024px\" \/><figcaption><strong>Beispiel 2: Informationsvideo Neues Meldeverfahren f\u00fcr Personen mit F-Ausweis <\/strong><br> Das Video erreichte <strong>25\u2018935 Personen<\/strong> erreicht. Das Bed\u00fcrfnis an Informationen ran zu kommen scheint gross. Viele freuten sich dar\u00fcber, dass sich immerhin eine kleine Verbesserung f\u00fcr Personen mit Status F abzeichnete.<\/figcaption><\/figure>\n\n\n\n<figure class=\"wp-block-image\"><img loading=\"lazy\" decoding=\"async\" width=\"1024\" height=\"360\" src=\"https:\/\/eritreischer-medienbund.ch\/wordpress\/wp-content\/uploads\/2020\/03\/Bildschirmfoto-2020-03-05-um-09.15.49-1024x360.png\" alt=\"\" class=\"wp-image-2767\" srcset=\"https:\/\/eritreischer-medienbund.ch\/wordpress\/wp-content\/uploads\/2020\/03\/Bildschirmfoto-2020-03-05-um-09.15.49-1024x360.png 1024w, https:\/\/eritreischer-medienbund.ch\/wordpress\/wp-content\/uploads\/2020\/03\/Bildschirmfoto-2020-03-05-um-09.15.49-300x105.png 300w, https:\/\/eritreischer-medienbund.ch\/wordpress\/wp-content\/uploads\/2020\/03\/Bildschirmfoto-2020-03-05-um-09.15.49-768x270.png 768w, https:\/\/eritreischer-medienbund.ch\/wordpress\/wp-content\/uploads\/2020\/03\/Bildschirmfoto-2020-03-05-um-09.15.49.png 1714w\" sizes=\"auto, (max-width: 1024px) 100vw, 1024px\" \/><figcaption><strong>Beispiel 3: Informationsvideo f\u00fcr die Universit\u00e4t Genf: <\/strong>&#171;Angeh\u00f6rigenidentifizierung von Lampedusa Opfer&#187;<br> Das Video erreichte <strong>19\u2018467 Personen<\/strong>. Nachdem niemand an einem Informationsanlass der Universit\u00e4t Genf auftauchte, meldeten sich die Forschenden beim EMBS. Angeh\u00f6rige von im Mittelmeer ertrunkenen Personen wurden aufgerufen jegliche Informationsmittel zur Identifikation der Toten einzureichen.<\/figcaption><\/figure>\n\n\n\n<h3 class=\"wp-block-heading\">Die Projektleitung<\/h3>\n\n\n\n<h4 class=\"wp-block-heading\"><strong>Senait Hadish<\/strong><\/h4>\n\n\n\n<div class=\"wp-block-media-text alignwide\"><figure class=\"wp-block-media-text__media\"><img loading=\"lazy\" decoding=\"async\" width=\"556\" height=\"554\" src=\"https:\/\/eritreischer-medienbund.ch\/wordpress\/wp-content\/uploads\/2020\/03\/Bildschirmfoto-2020-03-05-um-09.46.47.png\" alt=\"\" class=\"wp-image-2769\" srcset=\"https:\/\/eritreischer-medienbund.ch\/wordpress\/wp-content\/uploads\/2020\/03\/Bildschirmfoto-2020-03-05-um-09.46.47.png 556w, https:\/\/eritreischer-medienbund.ch\/wordpress\/wp-content\/uploads\/2020\/03\/Bildschirmfoto-2020-03-05-um-09.46.47-150x150.png 150w, https:\/\/eritreischer-medienbund.ch\/wordpress\/wp-content\/uploads\/2020\/03\/Bildschirmfoto-2020-03-05-um-09.46.47-300x300.png 300w\" sizes=\"auto, (max-width: 556px) 100vw, 556px\" \/><\/figure><div class=\"wp-block-media-text__content\">\n<p>Restaurationsfachangestellte EFZ, <a href=\"https:\/\/youtu.be\/Rf695jDBoYM?t=176\">S\u00e4ngerin<\/a>, FemmesTische-Moderatorin und ehem. Moderatorin eines  Minen-Sensibilisierungs- und Aufkl\u00e4rungsprogramm der Vereinten Nationen (UN) in Eritrea.<\/p>\n<\/div><\/div>\n\n\n\n<p>\u12d3\u1295\u12f2 \u1218\u1243\u12ed\u122e \u1295\u12f0\u1242 \u12a3\u1295\u1235\u1275\u12ee \u12a4\u122d\u1275\u122b\u12cd\u12eb\u1295 \u12a3\u1265 \u1235\u12cd\u12d8\u122d\u120b\u1295\u12f5<\/p>\n\n\n\n<p>\u1218\u1300\u1218\u122d\u1273 \u12a3\u12a3\u1265 \u12d8\u1208\u12a9\u121e \u12d5\u12d9\u12dd \u1230\u120b\u121d\u1273 \u12ed\u1265\u133b\u1215\u12a9\u121d \u1361\u1363 \u1265\u121d\u1245\u133b\u120d \u12a3\u1265 \u1235\u12cd\u12d8\u122d\u120b\u1295\u12f5 \u12a5\u1275\u1290\u1265\u122b \u12a3\u1215\u12cb\u1275\u1293 \u12f0\u1245\u1295\u1235\u1275\u12ee \u12a4\u122d\u1275\u122b\u12cd\u12eb\u1295\u1363 \u1295\u1208\u12cd\u1322\u1295 \u1218\u1243\u12ed\u122e \u1202\u12c8\u1275\u1295 \u12a3\u1265 \u12a9\u1209 \u1218\u12f3\u12eb\u1275 \u1295\u12dd\u130b\u1325\u1219\u12a9\u1295 \u1218\u1230\u1293\u12ad\u120d \u1295\u121d\u1215\u130b\u12dd \u121d\u1275\u1265\u1263\u12d3\u1295<\/p>\n\n\n\n<p>\u1265,, EMBS \u121d\u1235 \u1230\u1293\u12ed\u1275 \u1213\u12f5\u123d \u1265\u1213\u1308\u12dd \u12ab\u1295\u1276\u1295 \u12d9\u122a\u12ad\u1295 \u12dd\u1270\u12f3\u1208\u12c8 \u1355\u122e\u1300\u12ad\u1275 \u12a4\u12e9::<\/p>\n\n\n\n<h3 class=\"wp-block-heading\">Bisherige Unterst\u00fctzung und Kooperationspartner<\/h3>\n\n\n\n<figure class=\"wp-block-image\"><img loading=\"lazy\" decoding=\"async\" width=\"1024\" height=\"330\" src=\"https:\/\/eritreischer-medienbund.ch\/wordpress\/wp-content\/uploads\/2020\/03\/Bildschirmfoto-2020-03-05-um-09.01.45-1024x330.png\" alt=\"\" class=\"wp-image-2764\" srcset=\"https:\/\/eritreischer-medienbund.ch\/wordpress\/wp-content\/uploads\/2020\/03\/Bildschirmfoto-2020-03-05-um-09.01.45-1024x330.png 1024w, https:\/\/eritreischer-medienbund.ch\/wordpress\/wp-content\/uploads\/2020\/03\/Bildschirmfoto-2020-03-05-um-09.01.45-300x97.png 300w, https:\/\/eritreischer-medienbund.ch\/wordpress\/wp-content\/uploads\/2020\/03\/Bildschirmfoto-2020-03-05-um-09.01.45-768x247.png 768w, https:\/\/eritreischer-medienbund.ch\/wordpress\/wp-content\/uploads\/2020\/03\/Bildschirmfoto-2020-03-05-um-09.01.45.png 1236w\" sizes=\"auto, (max-width: 1024px) 100vw, 1024px\" \/><\/figure>\n","protected":false},"excerpt":{"rendered":"<p>Das Projekt Informationsvideos &amp; Onlineberatung Senait Hadish schafft f\u00fcr eritreische Frauen durch Informations-, \u201cWerbe\u201d-Videos und einer Online- &amp; Telefonberatung Zugang zu diversen Angeboten. Daf\u00fcr entwickelt sie Videos in unterschiedlichen Themenfeldern in eigener Sache oder in Zusammenarbeit mit Kooperationspartnern und ver\u00f6ffentlicht diese auf Facebook und Youtube. Werbevideos f\u00fcr Angebote von Gemeinden und privaten Organisationen Viele Gemeinden [&hellip;]<\/p>\n","protected":false},"author":11,"featured_media":2472,"parent":0,"menu_order":0,"comment_status":"closed","ping_status":"closed","template":"","meta":{"footnotes":""},"class_list":["post-2471","page","type-page","status-publish","has-post-thumbnail","hentry"],"jetpack_sharing_enabled":true,"_links":{"self":[{"href":"https:\/\/eritreischer-medienbund.ch\/wordpress\/wp-json\/wp\/v2\/pages\/2471","targetHints":{"allow":["GET"]}}],"collection":[{"href":"https:\/\/eritreischer-medienbund.ch\/wordpress\/wp-json\/wp\/v2\/pages"}],"about":[{"href":"https:\/\/eritreischer-medienbund.ch\/wordpress\/wp-json\/wp\/v2\/types\/page"}],"author":[{"embeddable":true,"href":"https:\/\/eritreischer-medienbund.ch\/wordpress\/wp-json\/wp\/v2\/users\/11"}],"replies":[{"embeddable":true,"href":"https:\/\/eritreischer-medienbund.ch\/wordpress\/wp-json\/wp\/v2\/comments?post=2471"}],"version-history":[{"count":10,"href":"https:\/\/eritreischer-medienbund.ch\/wordpress\/wp-json\/wp\/v2\/pages\/2471\/revisions"}],"predecessor-version":[{"id":3263,"href":"https:\/\/eritreischer-medienbund.ch\/wordpress\/wp-json\/wp\/v2\/pages\/2471\/revisions\/3263"}],"wp:featuredmedia":[{"embeddable":true,"href":"https:\/\/eritreischer-medienbund.ch\/wordpress\/wp-json\/wp\/v2\/media\/2472"}],"wp:attachment":[{"href":"https:\/\/eritreischer-medienbund.ch\/wordpress\/wp-json\/wp\/v2\/media?parent=2471"}],"curies":[{"name":"wp","href":"https:\/\/api.w.org\/{rel}","templated":true}]}}