{"id":2264,"date":"2017-10-24T16:15:23","date_gmt":"2017-10-24T16:15:23","guid":{"rendered":"http:\/\/eritreischer-medienbund.ch\/?page_id=2264"},"modified":"2024-12-20T07:57:15","modified_gmt":"2024-12-20T07:57:15","slug":"unsere-mediensprecherinnen","status":"publish","type":"page","link":"https:\/\/eritreischer-medienbund.ch\/wordpress\/unsere-mediensprecherinnen\/","title":{"rendered":"Mediensprecher"},"content":{"rendered":"\n<figure class=\"wp-block-image\"><img decoding=\"async\" src=\"blob:https:\/\/eritreischer-medienbund.ch\/7fde689c-be80-47ca-9743-233386352dc4\" alt=\"\"\/><\/figure>\n\n\n<h2>Samson Yemane<\/h2>\n<div id=\"attachment_3342\" class=\"wp-caption alignnone\" style=\"width: 232px\"><img loading=\"lazy\" decoding=\"async\" class=\"size-medium wp-image-3342\" src=\"https:\/\/eritreischer-medienbund.ch\/wordpress\/wp-content\/uploads\/2023\/09\/Samson-Yemane-232x300.jpg\" alt=\"\" width=\"232\" height=\"300\" srcset=\"https:\/\/eritreischer-medienbund.ch\/wordpress\/wp-content\/uploads\/2023\/09\/Samson-Yemane-232x300.jpg 232w, https:\/\/eritreischer-medienbund.ch\/wordpress\/wp-content\/uploads\/2023\/09\/Samson-Yemane-768x994.jpg 768w, https:\/\/eritreischer-medienbund.ch\/wordpress\/wp-content\/uploads\/2023\/09\/Samson-Yemane-791x1024.jpg 791w\" sizes=\"auto, (max-width: 232px) 100vw, 232px\" \/><p class=\"wp-caption-text\">Samson Yemane<\/p><\/div>\n<p style=\"font-weight: 400;\">N\u00e9 en \u00c9rythr\u00e9e, Samson Yemane a quitt\u00e9 son pays en 2002 pour des raisons politiques. Arriv\u00e9 en Suisse \u00e0 l\u2019\u00e2ge de 12 ans, il est aujourd\u2019hui politologue de l\u2019universit\u00e9 de Lausanne et travaille pour l\u2019<a href=\"https:\/\/www.osar.ch\/\">Organisation suisse d\u2019aide aux r\u00e9fugi\u00e9s<\/a>. En parall\u00e8le, il est engag\u00e9 au sein du <a href=\"https:\/\/www.sp-ps.ch\/fr\">parti socialiste<\/a> (PS) et <a href=\"https:\/\/www.lausanne.ch\/officiel\/conseil-communal.html\">Conseiller communal \u00e0 Lausanne<\/a>. Il est \u00e9galement actif dans plusieurs associations et fondations en Suisse romande pour am\u00e9liorer la politique d\u2019asile et de l\u2019int\u00e9gration. \u00c0 ce titre, il partage ces id\u00e9es critiques dans le journal <a href=\"https:\/\/blogs.letemps.ch\/samson-yemane\/author\/samson-yemane\/\">Le Temps<\/a>. De plus, Samson Yemane a co-fond\u00e9 l\u2019association <a href=\"http:\/\/gezana.ch\/\">GEZANA<\/a> dans le but de faire le lien entre les institutions suisses (notamment vaudoises) et la communaut\u00e9 \u00e9rythr\u00e9enne.<\/p>\n<h5>Comp\u00e9tences:<\/h5>\n<ul>\n<li>Analyse politique<\/li>\n<li>Expertise en politique d\u2019asile<\/li>\n<li>Responsable de projet<\/li>\n<li>Gestion d\u2019\u00e9quipe<\/li>\n<\/ul>\n<h5>Langues:<\/h5>\n<ul>\n<li>Tigrinya<\/li>\n<li>Fran\u00e7ais<\/li>\n<li>Anglais<\/li>\n<\/ul>\n<div class=\"row\">\u00a0<\/div>","protected":false},"excerpt":{"rendered":"<p>Samson Yemane N\u00e9 en \u00c9rythr\u00e9e, Samson Yemane a quitt\u00e9 son pays en 2002 pour des raisons politiques. Arriv\u00e9 en Suisse \u00e0 l\u2019\u00e2ge de 12 ans, il est aujourd\u2019hui politologue de l\u2019universit\u00e9 de Lausanne et travaille pour l\u2019Organisation suisse d\u2019aide aux r\u00e9fugi\u00e9s. En parall\u00e8le, il est engag\u00e9 au sein du parti socialiste (PS) et Conseiller communal [&hellip;]<\/p>\n","protected":false},"author":11,"featured_media":0,"parent":0,"menu_order":0,"comment_status":"closed","ping_status":"closed","template":"","meta":{"footnotes":""},"class_list":["post-2264","page","type-page","status-publish","hentry"],"jetpack_sharing_enabled":true,"_links":{"self":[{"href":"https:\/\/eritreischer-medienbund.ch\/wordpress\/wp-json\/wp\/v2\/pages\/2264","targetHints":{"allow":["GET"]}}],"collection":[{"href":"https:\/\/eritreischer-medienbund.ch\/wordpress\/wp-json\/wp\/v2\/pages"}],"about":[{"href":"https:\/\/eritreischer-medienbund.ch\/wordpress\/wp-json\/wp\/v2\/types\/page"}],"author":[{"embeddable":true,"href":"https:\/\/eritreischer-medienbund.ch\/wordpress\/wp-json\/wp\/v2\/users\/11"}],"replies":[{"embeddable":true,"href":"https:\/\/eritreischer-medienbund.ch\/wordpress\/wp-json\/wp\/v2\/comments?post=2264"}],"version-history":[{"count":42,"href":"https:\/\/eritreischer-medienbund.ch\/wordpress\/wp-json\/wp\/v2\/pages\/2264\/revisions"}],"predecessor-version":[{"id":3639,"href":"https:\/\/eritreischer-medienbund.ch\/wordpress\/wp-json\/wp\/v2\/pages\/2264\/revisions\/3639"}],"wp:attachment":[{"href":"https:\/\/eritreischer-medienbund.ch\/wordpress\/wp-json\/wp\/v2\/media?parent=2264"}],"curies":[{"name":"wp","href":"https:\/\/api.w.org\/{rel}","templated":true}]}}