{"id":1910,"date":"2017-06-26T21:20:30","date_gmt":"2017-06-26T21:20:30","guid":{"rendered":"http:\/\/eritreischer-medienbund.ch\/?page_id=1910"},"modified":"2017-11-17T11:54:50","modified_gmt":"2017-11-17T11:54:50","slug":"__trashed","status":"publish","type":"page","link":"https:\/\/eritreischer-medienbund.ch\/wordpress\/__trashed\/","title":{"rendered":"imp!act for refugees"},"content":{"rendered":"<p><strong>Imp!act for refugees<\/strong> ist ein emanzipatorisches Integrationskonzept, bei dem sich w\u00e4hrend f\u00fcnf Tagen junge Gefl\u00fcchtete untereinander austauschen und einander inspirieren. Sie erarbeiten sich die notwendigen F\u00e4higkeiten, ihr eigenes soziales oder \u00f6kologisches Projekt zu starten oder sich in einem bestehenden zu engagieren. Dabei erhalten sie auch Inputs \u00fcber Integration von gleichaltrigen Vorbildern und Feedbacks von ExpertInnen und Kaderleuten aus der Wirtschaft.<\/p>\n<p>&nbsp;<\/p>\n<p>Das Projekt soll junge EritreerInnen dazu ermutigen, sich mit den eigenen Werten, W\u00fcnschen und Tr\u00e4umen auseinanderzusetzen und ihre eigene Zukunft anzupacken. Es soll daran erinnern, dass unabh\u00e4ngig von Herkunft und Sprache jede Person das Potential hat, die Welt von Morgen mitzugestalten.<\/p>\n<p>&nbsp;<\/p>\n<p>Unser Team besteht aus 9 EritreerInnen und 3 SchweizerInnen, welche die <a href=\"http:\/\/www.euforia.org\/revolutionlab\/\" target=\"_blank\" rel=\"noopener noreferrer\">(r)evolutionLab-Ausbildung<\/a> von euforia absolviert haben.<\/p>\n<p>&nbsp;<\/p>\n<p>Der erste imp!act for refugees fand vom <strong>2. bis 9. April 2017<\/strong> in Winterthur und Z\u00fcrich statt. Daraus hervorgegangen ist beispielsweise der Eritreische Jugendverein Aarau.<\/p>\n<p>&nbsp;<\/p>\n<p>[huge_it_gallery id=&#187;9&#8243;]<\/p>\n<p>&nbsp;<\/p>\n<p>Folge uns auf <a href=\"http:\/\/facebook.com\/eritrean.diaspora.academy\">Facebook<\/a><\/p>\n","protected":false},"excerpt":{"rendered":"<p>Imp!act for refugees ist ein emanzipatorisches Integrationskonzept, bei dem sich w\u00e4hrend f\u00fcnf Tagen junge Gefl\u00fcchtete untereinander austauschen und einander inspirieren. Sie erarbeiten sich die notwendigen F\u00e4higkeiten, ihr eigenes soziales oder \u00f6kologisches Projekt zu starten oder sich in einem bestehenden zu engagieren. Dabei erhalten sie auch Inputs \u00fcber Integration von gleichaltrigen Vorbildern und Feedbacks von ExpertInnen [&hellip;]<\/p>\n","protected":false},"author":11,"featured_media":0,"parent":0,"menu_order":0,"comment_status":"closed","ping_status":"closed","template":"","meta":{"footnotes":""},"class_list":["post-1910","page","type-page","status-publish","hentry"],"jetpack_sharing_enabled":true,"_links":{"self":[{"href":"https:\/\/eritreischer-medienbund.ch\/wordpress\/wp-json\/wp\/v2\/pages\/1910","targetHints":{"allow":["GET"]}}],"collection":[{"href":"https:\/\/eritreischer-medienbund.ch\/wordpress\/wp-json\/wp\/v2\/pages"}],"about":[{"href":"https:\/\/eritreischer-medienbund.ch\/wordpress\/wp-json\/wp\/v2\/types\/page"}],"author":[{"embeddable":true,"href":"https:\/\/eritreischer-medienbund.ch\/wordpress\/wp-json\/wp\/v2\/users\/11"}],"replies":[{"embeddable":true,"href":"https:\/\/eritreischer-medienbund.ch\/wordpress\/wp-json\/wp\/v2\/comments?post=1910"}],"version-history":[{"count":16,"href":"https:\/\/eritreischer-medienbund.ch\/wordpress\/wp-json\/wp\/v2\/pages\/1910\/revisions"}],"predecessor-version":[{"id":2380,"href":"https:\/\/eritreischer-medienbund.ch\/wordpress\/wp-json\/wp\/v2\/pages\/1910\/revisions\/2380"}],"wp:attachment":[{"href":"https:\/\/eritreischer-medienbund.ch\/wordpress\/wp-json\/wp\/v2\/media?parent=1910"}],"curies":[{"name":"wp","href":"https:\/\/api.w.org\/{rel}","templated":true}]}}