{"id":1850,"date":"2017-06-26T18:03:44","date_gmt":"2017-06-26T18:03:44","guid":{"rendered":"http:\/\/eritreischer-medienbund.ch\/?page_id=1850"},"modified":"2021-02-01T09:53:23","modified_gmt":"2021-02-01T09:53:23","slug":"unterstuetzen","status":"publish","type":"page","link":"https:\/\/eritreischer-medienbund.ch\/wordpress\/ueber-uns\/unterstuetzen\/","title":{"rendered":"Unterst\u00fctzen"},"content":{"rendered":"<p><strong>Wir freuen uns \u00fcber jede Spende!<\/strong><\/p>\n<p>Mit einem Dauerauftrag ab 5.- pro Monat erm\u00f6glichst du, dass wir unsere Arbeit tatkr\u00e4ftig weiter machen k\u00f6nnen. Vielen Dank!<span class=\"Apple-converted-space\">\u00a0<\/span><\/p>\n<h4>Einzelspenden<\/h4>\n<ul>\n<li>50.- CHF \u2013 Sichere einer Projektmitarbeiter*in die Spesen f\u00fcr einen Monat.<\/li>\n<li>150.- CHF \u2013 Erm\u00f6gliche 5 Inspirationsvideos auf Tigrinya und Deutsch<\/li>\n<li>280.- CHF \u2013 Erm\u00f6gliche einer jungen Eritreer*in eine eint\u00e4gige Mediensprecher*innenausbildung:<\/li>\n<li>750.- CHF \u2013 Erm\u00f6gliche ein dringliches Thema f\u00fcr eine Talkshow aufzubereiten<\/li>\n<li>1000.- CHF \u2013 Sei eine von vier Personen, die das langfristige Fortbestehen unserer Organisation sichert. Erhalte den neusten Jahresbericht und ein eritreisches Nachtessen nach Hause geliefert.<\/li>\n<\/ul>\n<p><i>Unser Spendenkonto<\/i>:<\/p>\n<p>Betreff: EMBS Eritreischer Medienbund Schweiz<br \/>\n8044 Z\u00fcrich<br \/>\nRaiffeisenbank Flawil<br \/>\nIBAN: CH66 8080 8006 5569 3090 5<\/p>\n<h4>Sachspenden<\/h4>\n<p>Gerne nehmen wir Sachspenden f\u00fcr unser Pop-Up-TV-Studio entgegen.<\/p>\n<ul>\n<li>1-2 DSLR- oder Videokamera<\/li>\n<li>1-3 Funk- und Richtmikrofone \/ mit 1 Zoom Aufnahmeger\u00e4t<\/li>\n<li>2-5 Festplatten 1-2 TB<\/li>\n<li>1 Mac-Computer<\/li>\n<\/ul>\n<h4>Zeitspenden<\/h4>\n<p>Gerne kannst du uns auch mit deiner Zeit unterst\u00fctzen.<\/p>\n<ul>\n<li>Vernetzung<\/li>\n<li>Marketingberatung<\/li>\n<li>Fundraising<\/li>\n<li>Juristisches<\/li>\n<li>Kampagnenberatung<\/li>\n<li>&#8230;<\/li>\n<\/ul>\n<div class=\"entry-content\"><\/div>\n","protected":false},"excerpt":{"rendered":"<p>Wir freuen uns \u00fcber jede Spende! Mit einem Dauerauftrag ab 5.- pro Monat erm\u00f6glichst du, dass wir unsere Arbeit tatkr\u00e4ftig weiter machen k\u00f6nnen. Vielen Dank!\u00a0 Einzelspenden 50.- CHF \u2013 Sichere einer Projektmitarbeiter*in die Spesen f\u00fcr einen Monat. 150.- CHF \u2013 Erm\u00f6gliche 5 Inspirationsvideos auf Tigrinya und Deutsch 280.- CHF \u2013 Erm\u00f6gliche einer jungen Eritreer*in eine [&hellip;]<\/p>\n","protected":false},"author":11,"featured_media":0,"parent":164,"menu_order":0,"comment_status":"closed","ping_status":"closed","template":"","meta":{"footnotes":""},"class_list":["post-1850","page","type-page","status-publish","hentry"],"jetpack_sharing_enabled":true,"_links":{"self":[{"href":"https:\/\/eritreischer-medienbund.ch\/wordpress\/wp-json\/wp\/v2\/pages\/1850","targetHints":{"allow":["GET"]}}],"collection":[{"href":"https:\/\/eritreischer-medienbund.ch\/wordpress\/wp-json\/wp\/v2\/pages"}],"about":[{"href":"https:\/\/eritreischer-medienbund.ch\/wordpress\/wp-json\/wp\/v2\/types\/page"}],"author":[{"embeddable":true,"href":"https:\/\/eritreischer-medienbund.ch\/wordpress\/wp-json\/wp\/v2\/users\/11"}],"replies":[{"embeddable":true,"href":"https:\/\/eritreischer-medienbund.ch\/wordpress\/wp-json\/wp\/v2\/comments?post=1850"}],"version-history":[{"count":11,"href":"https:\/\/eritreischer-medienbund.ch\/wordpress\/wp-json\/wp\/v2\/pages\/1850\/revisions"}],"predecessor-version":[{"id":3100,"href":"https:\/\/eritreischer-medienbund.ch\/wordpress\/wp-json\/wp\/v2\/pages\/1850\/revisions\/3100"}],"up":[{"embeddable":true,"href":"https:\/\/eritreischer-medienbund.ch\/wordpress\/wp-json\/wp\/v2\/pages\/164"}],"wp:attachment":[{"href":"https:\/\/eritreischer-medienbund.ch\/wordpress\/wp-json\/wp\/v2\/media?parent=1850"}],"curies":[{"name":"wp","href":"https:\/\/api.w.org\/{rel}","templated":true}]}}