{"id":1798,"date":"2017-06-12T19:04:45","date_gmt":"2017-06-12T19:04:45","guid":{"rendered":"http:\/\/eritreischer-medienbund.ch\/?page_id=1798"},"modified":"2020-02-06T03:13:58","modified_gmt":"2020-02-06T03:13:58","slug":"unsere-vision","status":"publish","type":"page","link":"https:\/\/eritreischer-medienbund.ch\/wordpress\/ueber-uns\/unsere-vision\/","title":{"rendered":"Unsere Vision"},"content":{"rendered":"<p>Medien sind ein wichtiger Bestandteil unserer Gesellschaft. Sie informieren, sensibilisieren und sollten einen Meinungsaustausch erm\u00f6glichen. Im Falle von Eritrea sind allerdings momentan vier von f\u00fcnf Berichten negativ, wobei die Betroffenen selbst nur selten zu Wort kommen. Dies kreiert ein einseitiges Bild \u00fcber die Blackbox Eritrea, f\u00fchrt zu einer rassistisch gepr\u00e4gten Stereotypisierung und behindert die Integration.<\/p>\n<p>Deshalb setzen wir uns f\u00fcr Gleichberechtigung der EritreerInnen in den Medien und f\u00fcr einen fundierten Diskurs \u00fcber Eritrea ein.<\/p>\n<p>Wir wollen einen Austausch zwischen allen beteiligten Gruppen erm\u00f6glichen, sodass endlich an L\u00f6sungen gearbeitet werden kann. Auf diese Weise bauen wir an einer gemeinsamen Gesellschaft, in der sich Menschen auf Augenh\u00f6he begegnen.<\/p>\n<p>Wir ermutigen Eritreer*innen und Schweizer*innen, sich aktiv in die Diskussion einzubringen, sich gegenseitig zu vernetzen und Wege der Integration aufzeigen.<\/p>\n<p>Integration verstehen wir nie einseitig. Deshalb haben wir, Eritreer*innen und Schweizer*innen, uns zum Eritreischen Medienbund Schweiz zusammengeschlossen.<\/p>\n","protected":false},"excerpt":{"rendered":"<p>Medien sind ein wichtiger Bestandteil unserer Gesellschaft. Sie informieren, sensibilisieren und sollten einen Meinungsaustausch erm\u00f6glichen. Im Falle von Eritrea sind allerdings momentan vier von f\u00fcnf Berichten negativ, wobei die Betroffenen selbst nur selten zu Wort kommen. Dies kreiert ein einseitiges Bild \u00fcber die Blackbox Eritrea, f\u00fchrt zu einer rassistisch gepr\u00e4gten Stereotypisierung und behindert die Integration. [&hellip;]<\/p>\n","protected":false},"author":11,"featured_media":0,"parent":164,"menu_order":0,"comment_status":"closed","ping_status":"closed","template":"","meta":{"footnotes":""},"class_list":["post-1798","page","type-page","status-publish","hentry"],"jetpack_sharing_enabled":true,"_links":{"self":[{"href":"https:\/\/eritreischer-medienbund.ch\/wordpress\/wp-json\/wp\/v2\/pages\/1798","targetHints":{"allow":["GET"]}}],"collection":[{"href":"https:\/\/eritreischer-medienbund.ch\/wordpress\/wp-json\/wp\/v2\/pages"}],"about":[{"href":"https:\/\/eritreischer-medienbund.ch\/wordpress\/wp-json\/wp\/v2\/types\/page"}],"author":[{"embeddable":true,"href":"https:\/\/eritreischer-medienbund.ch\/wordpress\/wp-json\/wp\/v2\/users\/11"}],"replies":[{"embeddable":true,"href":"https:\/\/eritreischer-medienbund.ch\/wordpress\/wp-json\/wp\/v2\/comments?post=1798"}],"version-history":[{"count":11,"href":"https:\/\/eritreischer-medienbund.ch\/wordpress\/wp-json\/wp\/v2\/pages\/1798\/revisions"}],"predecessor-version":[{"id":2746,"href":"https:\/\/eritreischer-medienbund.ch\/wordpress\/wp-json\/wp\/v2\/pages\/1798\/revisions\/2746"}],"up":[{"embeddable":true,"href":"https:\/\/eritreischer-medienbund.ch\/wordpress\/wp-json\/wp\/v2\/pages\/164"}],"wp:attachment":[{"href":"https:\/\/eritreischer-medienbund.ch\/wordpress\/wp-json\/wp\/v2\/media?parent=1798"}],"curies":[{"name":"wp","href":"https:\/\/api.w.org\/{rel}","templated":true}]}}