{"id":175,"date":"2016-09-07T18:43:16","date_gmt":"2016-09-07T18:43:16","guid":{"rendered":"http:\/\/eritreischer-medienbund.ch\/?page_id=175"},"modified":"2020-05-27T15:57:10","modified_gmt":"2020-05-27T15:57:10","slug":"medienecho","status":"publish","type":"page","link":"https:\/\/eritreischer-medienbund.ch\/wordpress\/news\/medienecho\/","title":{"rendered":"Medienecho"},"content":{"rendered":"\n<p>Der Eritreische Medienbund arbeitet eng mit verschiedenen Medien zusammen. Wir bringen relevante Themen rundum Eritrea in die Medien, helfen bei Recherchen und haben ein Team von Mediensprecher*innen. <\/p>\n\n\n\n<p>Unten findet ihr Beitr\u00e4ge, an denen der Eritreische Medienbund direkt beteiligt war. <\/p>\n\n\n\n<p><\/p>\n\n\n\n<p><\/p>\n\n\n\n<h4 class=\"wp-block-heading\">Beitr\u00e4ge aus dem Jahr 2020<\/h4>\n\n\n\n<h6 class=\"wp-block-heading\">Beitr\u00e4ge in Zusammenarbeit mit dem Eritreischen Medienbund<\/h6>\n\n\n\n<ul class=\"wp-block-list\"><li><em><a href=\"https:\/\/www.republik.ch\/2020\/04\/08\/zurueck-in-die-diktatur\">Republik: <\/a><\/em><a href=\"https:\/\/www.republik.ch\/2020\/04\/08\/zurueck-in-die-diktatur\">Zur\u00fcck in die Diktatur (08.04.2020)<\/a><\/li><li><a href=\"https:\/\/www.blick.ch\/news\/politik\/entwicklungshilfe-im-zwielicht-foerdert-bern-die-sklaverei-id15720160.html?fbclid=IwAR31T4V8AkUVz8RvS5E-rR__nYal9S2t9PlnxjV1_wCu3ysFMcLm-IHmuaw\"><em>Blick<\/em>: F\u00f6rdert Bern die Sklavenarbeit? (26.1.2020)<\/a><\/li><\/ul>\n\n\n\n<h6 class=\"wp-block-heading\">Beitr\u00e4ge mit unseren Mediensprecher*innen<\/h6>\n\n\n\n<ul class=\"wp-block-list\"><li><a href=\"https:\/\/stadtfilter.ch\/entwicklungshilfe-fuer-zwangsarbeit\/?fbclid=IwAR1iWMHKD7aZ2nCnri2JRaKwrbutCoFcYXQ3z4VgsvAHQ-oErrhEcySPrRE\"><em>Radio Stadtfilter<\/em>: Entwicklungshilfe f\u00fcr Zwangsarbeit? (27.01.2020)<\/a><\/li><li><a href=\"https:\/\/www.youtube.com\/watch?v=DbQEumjAlaw&amp;feature=youtu.be&amp;fbclid=IwAR30FlAkxi2Ntb1_JJbfpXopT5M4zrzM_v0IfkHkeAYQSajnOam7aANBTEU\"><em>JASS<\/em>: Mother, where are we going? | Refugees tell their stories &#8211; Avielle x JASS (08.01.2020) <\/a><\/li><\/ul>\n\n\n\n<h4 class=\"wp-block-heading\">Beitr\u00e4ge aus dem Jahr 2019<\/h4>\n\n\n\n<h6 class=\"wp-block-heading\">Beitr\u00e4ge \u00fcber den Eritreischen Medienbund<\/h6>\n\n\n\n<ul class=\"wp-block-list\"><li><em><a href=\"https:\/\/www.bbc.com\/tigrinya\/news-50462182?ocid=socialflow_facebook&amp;fbclid=IwAR05lwclEKTOfgexK79Xc86cIPAxbY1t-on8pX-DyUA9hW9Q1iMWCJ7m8xc\">BBC Tigrinya: <\/a><\/em><a href=\"https:\/\/www.bbc.com\/tigrinya\/news-50462182?ocid=socialflow_facebook&amp;fbclid=IwAR05lwclEKTOfgexK79Xc86cIPAxbY1t-on8pX-DyUA9hW9Q1iMWCJ7m8xc\"> \u1235\u12ca\u12d8\u122d\u120b\u1295\u12f5\u1361 \u12a4\u122d\u1275\u122b\u12cd\u12eb\u1295 \u1235\u12f0\u1270\u129b\u1273\u1275 \u12a3\u1265 \u120d\u12d5\u120a \u12e8\u121b\u1293\u12ca \u1230\u120d\u134a \u12a4\u1235-\u126a-\u1352 \u12ad\u1232 \u1218\u1235\u122a\u1276\u121d (18.11.19)<\/a><\/li><li><a href=\"https:\/\/www.tagesanzeiger.ch\/schweiz\/standard\/staatsanwaltschaft-ermittelt-wegen-wahlvideo-gegen-zuercher-svp\/story\/25568680\">&nbsp;<\/a><em><a href=\"https:\/\/www.tagesanzeiger.ch\/schweiz\/standard\/staatsanwaltschaft-ermittelt-wegen-wahlvideo-gegen-zuercher-svp\/story\/25568680\">Tagesanzeiger:<\/a><\/em><a href=\"https:\/\/www.tagesanzeiger.ch\/schweiz\/standard\/staatsanwaltschaft-ermittelt-wegen-wahlvideo-gegen-zuercher-svp\/story\/25568680\">  Staatsanwaltschaft ermittelt wegen Wahlvideo gegen Z\u00fcrcher SVP (18.11.19)<\/a><\/li><li><a href=\"https:\/\/m.srf.ch\/sendungen\/regionaljournal-zuerich-schaffhausen\/gutachten-zum-nachtfluglaerm-stoesst-auf-kritik\"><em>SRF News:<\/em> Der Eritreische Medienbund Schweiz reicht Strafanzeige gegen die Z\u00fcrcher SVP ein wegen eines umstrittenen Wahlvideos (15.10.2019)<\/a><\/li><li><em><a href=\"https:\/\/www.watson.ch\/schweiz\/svp\/870227633-eritreischer-medienbund-reicht-strafanzeige-gegen-wahlvideo-von-svp-ein\">Watson:<\/a><\/em><a href=\"https:\/\/www.watson.ch\/schweiz\/svp\/870227633-eritreischer-medienbund-reicht-strafanzeige-gegen-wahlvideo-von-svp-ein\"> Eritreischer Medienbund reicht Strafanzeige gegen Wahlvideo von SVP ein. (15.10.2019)<\/a><\/li><li><em><a href=\"https:\/\/www.tagesanzeiger.ch\/zuerich\/stadt\/svp-hat-strafanzeige-wegen-video-am-hals\/story\/13941026\">Tagesanzeiger<\/a><\/em><a href=\"https:\/\/www.tagesanzeiger.ch\/zuerich\/stadt\/svp-hat-strafanzeige-wegen-video-am-hals\/story\/13941026\">: SVP hat Strafanzeige wegen Video am Hals (15.10.2019)<\/a><\/li><li><em><a href=\"https:\/\/www.pszeitung.ch\/asylentscheid-negativ-wie-weiter\/?fbclid=IwAR0uf0gvYU2cdymNxkFuPCRELsNWgN44uHi_v2jPSHm7n1b_NwR2woXsNZI\">PS Zeitung<\/a><\/em><a href=\"https:\/\/www.pszeitung.ch\/asylentscheid-negativ-wie-weiter\/?fbclid=IwAR0uf0gvYU2cdymNxkFuPCRELsNWgN44uHi_v2jPSHm7n1b_NwR2woXsNZI\">: Asylentscheid Negativ &#8211; wie weiter? (1.11.2019)<\/a><\/li><\/ul>\n\n\n\n<h6 class=\"wp-block-heading\">Beitr\u00e4ge mit unseren Mediensprecher*innen<\/h6>\n\n\n\n<ul class=\"wp-block-list\"><li><em><a href=\"https:\/\/www.blick.ch\/news\/schweiz\/eritreische-gemeinschaft-in-der-schweiz-ist-wuetend-der-zieht-eine-ganze-nation-in-den-dreck-id15443748.html\">Blick<\/a><\/em><a href=\"https:\/\/www.blick.ch\/news\/schweiz\/eritreische-gemeinschaft-in-der-schweiz-ist-wuetend-der-zieht-eine-ganze-nation-in-den-dreck-id15443748.html\">: \u00abDer Zieht eine ganze Nation in den Dreck\u00bb (31.07.2019) <\/a><\/li><li><em><a href=\"https:\/\/www.toponline.ch\/news\/zuerich\/detail\/news\/eritreer-fuerchten-um-ihren-ruf-00116692\/\">Tele Top: Eritreer f\u00fcrchten um ihren Ruf (30.07.2019) <\/a><\/em><\/li><li><a href=\"https:\/\/www.swissinfo.ch\/eng\/station-death_suspected-frankfurt-attacker-was-wanted-by-swiss-police\/45130520\"><em>Swissinfo<\/em>: Suspected Frankfurt attacker was wanted by Swiss police (30.07.2019)<\/a><\/li><li><em><a href=\"https:\/\/www.watson.ch\/schweiz\/leben\/807828704-wie-eritreer-in-der-schweiz-weihnachten-feiern?fbclid=IwAR2VaJHsQSQ70yJN2JO_Fc8FyYoKJ7y8ROmyyLUkHehYhnFcCF2ybr-BAdM \">Watson<\/a><\/em><a href=\"https:\/\/www.watson.ch\/schweiz\/leben\/807828704-wie-eritreer-in-der-schweiz-weihnachten-feiern?fbclid=IwAR2VaJHsQSQ70yJN2JO_Fc8FyYoKJ7y8ROmyyLUkHehYhnFcCF2ybr-BAdM \">: Warum Yonas zweimal Weihnachten feiert (24.12.2019) <\/a><\/li><\/ul>\n\n\n\n<h6 class=\"wp-block-heading\">Beitr\u00e4ge in Zusammenarbeit mit dem Eritreischen Medienbund<\/h6>\n\n\n\n<ul class=\"wp-block-list\"><li><em><a href=\"https:\/\/www.srf.ch\/news\/schweiz\/eklat-um-ministerbesuch-eritrea-brueskiert-die-schweiz?fbclid=IwAR3Tu4uWtJzDY39QvNR6hy1rabU_82xQGCZGCLCtiILoZJdW-wcAu16T_Cw\">SRF Rundschau<\/a><\/em><a href=\"https:\/\/www.srf.ch\/news\/schweiz\/eklat-um-ministerbesuch-eritrea-brueskiert-die-schweiz?fbclid=IwAR3Tu4uWtJzDY39QvNR6hy1rabU_82xQGCZGCLCtiILoZJdW-wcAu16T_Cw\">: Eritrea br\u00fcskiert die Schweiz(21.08.2019) <\/a><\/li><li><em><a href=\"https:\/\/www.srf.ch\/play\/radio\/echo-der-zeit\/audio\/druck-auf-katholische-institutionen-in-eritrea?id=0043b892-4a1d-43b9-b3e4-9c5e53ee062a\">SRF Echo der Zeit<\/a><\/em><a href=\"https:\/\/www.srf.ch\/play\/radio\/echo-der-zeit\/audio\/druck-auf-katholische-institutionen-in-eritrea?id=0043b892-4a1d-43b9-b3e4-9c5e53ee062a\">: Druck auf katholische Institutionen in Eritrea<\/a><\/li><li><em><a href=\"https:\/\/www.kath.ch\/newsd\/eritreer-appellieren-an-schweizer-bischoefe\/?fbclid=IwAR3Rmc5wzrKRdatOGYhgdsxQW_r6FnQ7kqE0jGaJCS_76AxUZCxJprCpQ9k\">Kath.ch<\/a><\/em><a href=\"https:\/\/www.kath.ch\/newsd\/eritreer-appellieren-an-schweizer-bischoefe\/?fbclid=IwAR3Rmc5wzrKRdatOGYhgdsxQW_r6FnQ7kqE0jGaJCS_76AxUZCxJprCpQ9k\">: Eritreer appellieren an Schweizer Bisch\u00f6fe(14.09.2019)<\/a><\/li><\/ul>\n\n\n\n<h4 class=\"wp-block-heading\">Beitr\u00e4ge aus dem Jahr 2018<\/h4>\n\n\n\n<h6 class=\"wp-block-heading\">Beitr\u00e4ge \u00fcber den Eritreischen Medienbund<\/h6>\n\n\n\n<h6 class=\"wp-block-heading\">Beitr\u00e4ge mit unseren Mediensprecher*innen<\/h6>\n\n\n\n<ul class=\"wp-block-list\"><li><a href=\"https:\/\/www.20min.ch\/story\/so-etwas-tut-mir-im-herzen-weh-929965302971\"><em>20 Minuten:<\/em> &#171;So etwas tut mir im Herzen weh&#187; (22.2.2018)<\/a><\/li><li><em><a href=\"https:\/\/www.swissinfo.ch\/ger\/wirtschaft\/beziehungen-schweiz-eritrea-_diplomatische-praesenz-staerken--um-asylstrom-zu-lindern-\/43969342\">Swissinfo:<\/a><\/em><a href=\"https:\/\/www.swissinfo.ch\/ger\/wirtschaft\/beziehungen-schweiz-eritrea-_diplomatische-praesenz-staerken--um-asylstrom-zu-lindern-\/43969342\"> Was eine Schweizer Vertretung in Eritrea bringt (15.3.2018)<\/a><\/li><li><em><a href=\"https:\/\/www.srf.ch\/news\/schweiz\/verschaerfte-asylpolitik-so-reagieren-eritreer-in-der-schweiz\">SRF News: <\/a><\/em><a href=\"https:\/\/www.srf.ch\/news\/schweiz\/verschaerfte-asylpolitik-so-reagieren-eritreer-in-der-schweiz\">So reagieren Eritreer in der Schweiz (4.9.2018)<\/a><\/li><li><a href=\"https:\/\/www.blick.ch\/news\/schweiz\/eritreer-enttaeuscht-von-asylministerin-sommaruga-das-haette-ich-von-der-schweiz-nicht-erwartet-id8216180.html\"><em>Blick:<\/em> \u00abDas h\u00e4tte ich von der Schweiz nicht erwartet\u00bb (12.9.2018)<\/a><\/li><li><em><a href=\"https:\/\/www.woz.ch\/-8a18\">Wochenzeitung WOZ<\/a><\/em><a href=\"https:\/\/www.woz.ch\/-8a18\">: Jahrzehnt der Schikanen (12.4.2018)<\/a><\/li><\/ul>\n\n\n\n<h6 class=\"wp-block-heading\">Beitr\u00e4ge in Zusammenarbeit mit dem Eritreischen Medienbund<\/h6>\n\n\n\n<ul class=\"wp-block-list\"><li><em><a href=\"https:\/\/riggi-asyl.ch\/wp-content\/uploads\/2019\/01\/2018-02-07-Berner-Landbote-Die-Geschichte-von-Kokob-Mihretab-2.pdf\">Berner Landbote:<\/a><\/em><a href=\"https:\/\/riggi-asyl.ch\/wp-content\/uploads\/2019\/01\/2018-02-07-Berner-Landbote-Die-Geschichte-von-Kokob-Mihretab-2.pdf\"> Gestrandet in der Sicherheit (07.02.2018) <\/a><\/li><\/ul>\n\n\n\n<h4 class=\"wp-block-heading\">Beitr\u00e4ge aus dem Jahr 2016<\/h4>\n\n\n<p><\/p>\n<ul>\n<li style=\"list-style-type: none;\">\n<ul>\n<li><a href=\"http:\/\/www.fabrikzeitung.ch\/blackbox-eritrea-annaeherungen-an-ein-kontroverses-land\/\" target=\"_blank\" rel=\"noopener noreferrer\">Die FabrikZeitung der Roten Fabrik, Oktober-Ausgabe<\/a><\/li>\n<li><a href=\"http:\/\/www.saiten.ch\/blackbox-eritrea-alles-was-sie-schon-immer-wissen-wollten\/\" target=\"_blank\" rel=\"noopener noreferrer\">Das St. Galler Kulturmagazin \u00abSaiten\u00bb, Oktober-Ausgabe<\/a><\/li>\n<li><a href=\"https:\/\/www.kulturzueri.ch\/kulturdatenbank-zurich\/veranstaltungen\/41451-27134-blackbox_eritrea\/\" target=\"_blank\" rel=\"noopener noreferrer\">Veranstaltungshinweise in Medien, statt vieler \u00abKulturZ\u00fcri\u00bb<\/a><\/li>\n<li><a href=\"http:\/\/www.woz.ch\/1641\/fluechtlinge-aus-eritrea\/in-die-illegalitaet-getrieben\" target=\"_blank\" rel=\"noopener noreferrer\">Die WochenZeitung (WoZ) am Donnerstag, 14.10.2016<\/a><\/li>\n<li><a id=\"891c0ffd-8519-4bec-8520-1cf3afffb678&quot;\" href=\"http:\/\/www.srf.ch\/play\/radio\/echo-der-zeit\/audio\/wie-schlimm-ist-eritrea-wirklich?id=891c0ffd-8519-4bec-8520-1cf3afffb678\" target=\"_blank\" rel=\"noopener noreferrer\">Das Schweizer Radio SRF im \u201eEcho der Zeit\u201c am Samstagabend, 15.10.2016<\/a><\/li>\n<li><a href=\"http:\/\/www.tagesanzeiger.ch\/zeitungen\/meine-zukunft-ist-dunkel\/story\/26267585\" target=\"_blank\" rel=\"noopener noreferrer\">Der Tages Anzeiger am Montag danach (17.10.2016) auf Seite 3<\/a><\/li>\n<li><a href=\"http:\/\/www.pszeitung.ch\/ein-einziger-widerspruch\/#top\" target=\"_blank\" rel=\"noopener noreferrer\">PS-Zeitung<\/a><\/li>\n<li><a href=\"https:\/\/shekortet.com\/content\/radio-erena-19102016\" target=\"_blank\" rel=\"noopener noreferrer\">Radio Erena<\/a><\/li>\n<li><a href=\"https:\/\/www.youtube.com\/watch?v=AdaDxqnsqX4&amp;t=1236s\" target=\"_blank\" rel=\"noopener noreferrer\">Al Hiwar<\/a><\/li>\n<li><a href=\"http:\/\/www.saiten.ch\/wir-fordern-die-ruecknahme-der-praxisverschaerfung\/\" target=\"_blank\" rel=\"noopener noreferrer\">Saiten: Wir fordern die R\u00fccknahme der Praxisversch\u00e4rfung<\/a><\/li>\n<li><a href=\"http:\/\/adoulis.net\/entry.php?id=5174\" target=\"_blank\" rel=\"noopener noreferrer\">Adoulis<\/a><\/li>\n<\/ul>\n<\/li>\n<\/ul>\n<p><strong>Der Medienbund bei <a href=\"https:\/\/www.youtube.com\/playlist?list=PLQl5MRnfqu1JrCKS9W-zpD3o0lLPc8Lwg\" target=\"_blank\" rel=\"noopener noreferrer\">Youtube<\/a><\/strong>:<br>5 Videos zum ESMNS-Symposium Juli 2015 in Heiden.<\/p>\n<p><strong>Beitr\u00e4ge von und Berichte \u00fcber Yonas Gebrehiwet (Auswahl):<\/strong><\/p>\n<ul>\n<li style=\"list-style-type: none;\">\n<ul>\n<li style=\"list-style-type: none;\">\n<ul>\n<li><a href=\"http:\/\/www.srf.ch\/sendungen\/club\/arbeit-statt-sozialhilfe-fuer-fluechtlinge\" target=\"_blank\" rel=\"noopener noreferrer\">\u00abClub\u00bb (SRF 1 23.2.2016, Dauer 1h 15\u2032)<\/a>: \u00abNur wenn Fl\u00fcchtlinge arbeiten und mit den Schweizerinnen und Schweizern zusammenleben k\u00f6nnen, gelingt ihre Integration. Solange sie als unwillkommen angesehen werden, kann von Integration nicht die Rede sein.\u00bb<br>U.a. ab 1h10\u201920\u201c Votum zur Idee der Beteiligung von Fl\u00fcchtlingen an einem runden Tisch zum Thema \u00abArbeitsintegration\u00bb.<\/li>\n<li><a href=\"http:\/\/nihhina.ch\/wordpress\/wp-content\/uploads\/2015\/11\/2015_11-doppelpunkt-Interview_Yonas.pdf\" target=\"_blank\" rel=\"noopener noreferrer\">Christine Schnapp: Yonas Gebrehiwet<\/a>: \u00abIch will einfach, dass sich etwas \u00e4ndert\u00bb (Doppelpunkt und Sonntag 47\/2015)<\/li>\n<li><a href=\"http:\/\/www.telezueri.ch\/86-show-talktaeglich\/7270-episode-ein-eritreer-packt-aus\" target=\"_blank\" rel=\"noopener noreferrer\">Ein Eritreer packt aus<\/a> (TeleZ\u00fcri 10.11.2015, Dauer: 22\u201940\u201c)<\/li>\n<li><a href=\"http:\/\/www.saiten.ch\/eine-drohung-gegen-alle-ohne-pass\/\" target=\"_blank\" rel=\"noopener noreferrer\">Kolumnen \u00abStimmrecht\u00bb<\/a> (Saiten, ab Juni 2015)<\/li>\n<li><a href=\"http:\/\/www.migrosmagazin.ch\/menschen\/portraet\/artikel\/eritreer-mit-einer-mission\">Ein Eritreer mit einer Mission<\/a> (Migrosmagazin 5.10.2015)<\/li>\n<li><a href=\"http:\/\/www.zeit.de\/2015\/40\/jugendliche-ohne-eltern-flucht-schweiz\">Wie geht es den unbegleiteten Jugendlichen?<\/a> (Die Zeit 1.10.2015, Schweizer Ausgabe)<\/li>\n<li><a href=\"http:\/\/www.tagblatt.ch\/ostschweiz\/stgallen\/rheintal\/rt-au\/Ich-werde-oft-nach-Drogen-gefragt;art168,4290119\">\u00abIch werde oft nach Drogen gefragt\u00bb<\/a> (Tagblatt 14.7.2015)<\/li>\n<li><a href=\"https:\/\/rheintaler.ch\/artikel\/als-schwarzer-in-rheineck\/17081\">Als Schwarzer in Rheineck<\/a> (Rheintaler 13.7.2015)<\/li>\n<\/ul>\n<\/li>\n<\/ul>\n<\/li>\n<\/ul>\n<p><strong>Berichte zum ESMNS-Symposium Juli 2015 in Heiden:<\/strong><\/p>\n<ul>\n<li style=\"list-style-type: none;\">\n<ul>\n<li style=\"list-style-type: none;\">\n<ul>\n<li>Tagesschau SRF \/ Claudia Badertscher: <a href=\"http:\/\/www.srf.ch\/news\/schweiz\/fluechtlinge-streben-politische-veraenderung-in-eritrea-an\" target=\"_blank\" rel=\"noopener noreferrer\">Fl\u00fcchtlinge streben politische Ver\u00e4nderung an<\/a> (Schweizer Fernsehen, 26.7.2015, Dauer: 1\u201951\u201c)<\/li>\n<li>Christian Fischer: <a href=\"http:\/\/www.saiten.ch\/die-diktatur-bekommt-risse\/\" target=\"_blank\" rel=\"noopener noreferrer\">Die Diktatur bekommt Risse<\/a> (Saiten, 30.7.2015)<\/li>\n<li>Christian Fischer: <a href=\"http:\/\/www.saiten.ch\/die-diktatur-bekommt-risse\/\">\u00abSie haben enorme Stressmomente erlebt\u00bb<\/a> (Saiten, 1.8.2015)<\/li>\n<li>Echo der Zeit: <a href=\"http:\/\/www.srf.ch\/play\/radio\/popupaudioplayer?id=1ba188c0-9ebe-48c2-bded-b0ab086b52e1\">Gespanntes Verh\u00e4ltnis zwischen Eritreern in der Schweiz<\/a> (Schweizer Radio 30.7.2015, Dauer: 7\u201944\u201c)<\/li>\n<li><a href=\"http:\/\/www.srf.ch\/sendungen\/info-3\/milliarden-gewinn-fuer-die-lufthansa\">Max Akermann portraitiert zwei Fl\u00fcchtlinge aus zwei Generationen<\/a> (Schweizer Radio News Info 3: 30.7.2015: ab 8\u201955\u201c, Dauer: 3\u2032 15\u2033)<\/li>\n<\/ul>\n<\/li>\n<\/ul>\n<\/li>\n<\/ul>\n<p><strong>Pr\u00e4mierungen:<\/strong><\/p>\n<ul>\n<li style=\"list-style-type: none;\">\n<ul>\n<li>4. Preis der St. Galler und Appenzell-Ausserrhoder Projekte des <a href=\"http:\/\/www.jugendprojekte.ch\/was-war\/projekte-2015\/index.html\">Jugendprojektwettbewerbs<\/a> 2015.<\/li>\n<li>Anerkennungspreis am interregionalen Finale des <a href=\"http:\/\/www.jugendprojekte.ch\/was-war\/projekte-2015\/interregional.html\">Jugendprojektwettbewerbs.<\/a><\/li>\n<\/ul>\n<\/li>\n<\/ul>","protected":false},"excerpt":{"rendered":"<p>Der Eritreische Medienbund arbeitet eng mit verschiedenen Medien zusammen. Wir bringen relevante Themen rundum Eritrea in die Medien, helfen bei Recherchen und haben ein Team von Mediensprecher*innen. Unten findet ihr Beitr\u00e4ge, an denen der Eritreische Medienbund direkt beteiligt war. Beitr\u00e4ge aus dem Jahr 2020 Beitr\u00e4ge in Zusammenarbeit mit dem Eritreischen Medienbund Republik: Zur\u00fcck in die [&hellip;]<\/p>\n","protected":false},"author":11,"featured_media":0,"parent":496,"menu_order":0,"comment_status":"closed","ping_status":"closed","template":"","meta":{"footnotes":""},"class_list":["post-175","page","type-page","status-publish","hentry"],"jetpack_sharing_enabled":true,"_links":{"self":[{"href":"https:\/\/eritreischer-medienbund.ch\/wordpress\/wp-json\/wp\/v2\/pages\/175","targetHints":{"allow":["GET"]}}],"collection":[{"href":"https:\/\/eritreischer-medienbund.ch\/wordpress\/wp-json\/wp\/v2\/pages"}],"about":[{"href":"https:\/\/eritreischer-medienbund.ch\/wordpress\/wp-json\/wp\/v2\/types\/page"}],"author":[{"embeddable":true,"href":"https:\/\/eritreischer-medienbund.ch\/wordpress\/wp-json\/wp\/v2\/users\/11"}],"replies":[{"embeddable":true,"href":"https:\/\/eritreischer-medienbund.ch\/wordpress\/wp-json\/wp\/v2\/comments?post=175"}],"version-history":[{"count":26,"href":"https:\/\/eritreischer-medienbund.ch\/wordpress\/wp-json\/wp\/v2\/pages\/175\/revisions"}],"predecessor-version":[{"id":2976,"href":"https:\/\/eritreischer-medienbund.ch\/wordpress\/wp-json\/wp\/v2\/pages\/175\/revisions\/2976"}],"up":[{"embeddable":true,"href":"https:\/\/eritreischer-medienbund.ch\/wordpress\/wp-json\/wp\/v2\/pages\/496"}],"wp:attachment":[{"href":"https:\/\/eritreischer-medienbund.ch\/wordpress\/wp-json\/wp\/v2\/media?parent=175"}],"curies":[{"name":"wp","href":"https:\/\/api.w.org\/{rel}","templated":true}]}}