{"id":164,"date":"2016-09-01T06:42:58","date_gmt":"2016-09-01T06:42:58","guid":{"rendered":"http:\/\/eritreischer-medienbund.ch\/?page_id=164"},"modified":"2026-01-28T07:44:53","modified_gmt":"2026-01-28T06:44:53","slug":"ueber-uns","status":"publish","type":"page","link":"https:\/\/eritreischer-medienbund.ch\/wordpress\/","title":{"rendered":"\u00dcber uns"},"content":{"rendered":"<p style=\"text-align: left;\"><strong>Wer wir sind<\/strong><\/p>\n<p style=\"text-align: left;\">Eritrea spaltet die Meinungen, erregt die Gem\u00fcter und sorgt f\u00fcr hitzige Diskussionen. Obwohl die eritreische Diaspora in der Schweiz mit \u00fcber 40 000 Personen zur gr\u00f6ssten aussereurop\u00e4ischen Gruppe z\u00e4hlt und die gr\u00f6sste Gruppe Schwarzer Menschen in der Schweiz ist, kommen ihre Mitglieder in der hiesigen \u00d6ffentlichkeit kaum zu Wort. Der Eritreische Medienbund Schweiz (EMBS) entstand 2015 aus dem Bed\u00fcrfnis heraus, sich aktiv an der \u00f6ffentlichen Debatte zu beteiligen. F\u00fcr den EMBS engagieren sich Personen aus der eritreischen Diaspora sowie Schweizer*innen.<br \/>\nUnser <a href=\"http:\/\/eritreischer-medienbund.ch\/ueber-uns\/unsere-vision\">Ziel<\/a> ist es, die \u00d6ffentlichkeit zu sensibilisieren, uns und andere Eritreer*innen in Diskussionen zu involvieren und den Diskurs auf eine fundierte Ebene zur\u00fcckzubringen.<br \/>\nZudem setzen wir uns daf\u00fcr ein, dass die brennensten Themen zur Integration und das Leben in der Schweiz f\u00fcr Eritreer*innen niederschwellig zug\u00e4nglich werden und wichtige Informationen zeitnah und direkt eritreische Zielgruppen erreichen.<\/p>\n<p style=\"text-align: left;\"><strong>Was wir tun<\/strong><\/p>\n<p style=\"text-align: left;\">Wir sind Ansprechpartner f\u00fcr Medienschaffende, NGO&#8217;s, Universit\u00e4ten und vermitteln Gespr\u00e4chspartner*innen, seien dies direkt betroffene Privatpersonen oder aber Expert*innen aus unterschiedlichen Themengebieten.<\/p>\n<p style=\"text-align: left;\">\u00dcber <a href=\"_wp_link_placeholder\" data-wplink-edit=\"true\">unsere Mediensprecher*innen<\/a> bringen wir uns aktiv in gesellschaftliche Diskussionen ein. Mit Medienauftritten, Veranstaltungen, Podiumsdiskussionen, Unterst\u00fctzung von Reportagen und einem <a href=\"https:\/\/www.instagram.com\/eritreischermedienbundschweiz\/\">Social-Media-Auftritt<\/a> sensibilisieren wir proaktiv die \u00d6ffentlichkeit und f\u00f6rdern Austausch.<\/p>\n<p style=\"text-align: left;\">In unserem <a href=\"https:\/\/eritreischer-medienbund.ch\/wordpress\/infokanal\/\">Infokanal<\/a> produzieren und verbreiten wir wichtige Inhalte in Bezug auf Integration und Leben in der Schweiz. Daf\u00fcr etablieren wir schweizweit ein immer dichteres Netzwerk an Multiplikator*innen und arbeiten eng mit eritreischen Expert*innen, Fachstellen, Beh\u00f6rden und NGO&#8217;s zusammen. Zudem f\u00fchren wir einen <a href=\"https:\/\/eritreischer-medienbund.ch\/wordpress\/uebersetzungsdienst\/\">professionellen \u00dcbersetzungsdienst<\/a>.<\/p>\n<p style=\"text-align: left;\"><strong>Wie wir uns finanzieren<\/strong><\/p>\n<p style=\"text-align: left;\">Wir engagieren uns zu einem Teil freiwillig. F\u00fcr den nachhaltigen Aufbau einzelner Projekte erhalten wir seit 2019 finanzielle Unterst\u00fctzung.<span class=\"Apple-converted-space\"><br \/>\n<\/span><\/p>\n<p style=\"text-align: left;\">Helfen Sie mit, dass wir Eritreer*innen selbstbestimmt und sozial gerecht das \u00f6ffentliche Leben in der Schweiz mitgestalten k\u00f6nnen. Unterst\u00fctzen Sie uns mit einer Spende oder einem Dauerauftrag:<\/p>\n<p style=\"text-align: left;\">Eritreischer Medienbund Schweiz<br \/>\nRaiffeisenbank Flawil<br \/>\nIBAN: CH66 8080 8006 5569 3090 5<\/p>\n<p style=\"text-align: left;\">Gerne k\u00f6nnen Sie uns auch mit Ihrer Zeit unterst\u00fctzen:<\/p>\n<ul>\n<li style=\"text-align: left;\">Vernetzung<\/li>\n<li style=\"text-align: left;\">Juristisches<\/li>\n<li style=\"text-align: left;\">Fundraising \/ Marketing<\/li>\n<li style=\"text-align: left;\">Coaching \/ Beratung<\/li>\n<\/ul>\n<div class=\"entry-content\"><\/div>\n<p style=\"text-align: center;\">Email: kontakt(at)eritreischer-medienbund.ch<\/p>\n<p style=\"text-align: center;\">Instagram: <a href=\"http:\/\/instagram.com\/eritreischer.medienbund\">Eritreischer Medienbund Schweiz<\/a><\/p>\n<p style=\"text-align: center;\">Facebook: <a href=\"http:\/\/www.facebook.com\/medienbund\">Eritreischer Medienbund Schweiz<\/a><\/p>\n","protected":false},"excerpt":{"rendered":"<p>Wer wir sind Eritrea spaltet die Meinungen, erregt die Gem\u00fcter und sorgt f\u00fcr hitzige Diskussionen. Obwohl die eritreische Diaspora in der Schweiz mit \u00fcber 40 000 Personen zur gr\u00f6ssten aussereurop\u00e4ischen Gruppe z\u00e4hlt und die gr\u00f6sste Gruppe Schwarzer Menschen in der Schweiz ist, kommen ihre Mitglieder in der hiesigen \u00d6ffentlichkeit kaum zu Wort. Der Eritreische Medienbund [&hellip;]<\/p>\n","protected":false},"author":11,"featured_media":0,"parent":0,"menu_order":0,"comment_status":"closed","ping_status":"closed","template":"","meta":{"footnotes":""},"class_list":["post-164","page","type-page","status-publish","hentry"],"jetpack_sharing_enabled":true,"_links":{"self":[{"href":"https:\/\/eritreischer-medienbund.ch\/wordpress\/wp-json\/wp\/v2\/pages\/164","targetHints":{"allow":["GET"]}}],"collection":[{"href":"https:\/\/eritreischer-medienbund.ch\/wordpress\/wp-json\/wp\/v2\/pages"}],"about":[{"href":"https:\/\/eritreischer-medienbund.ch\/wordpress\/wp-json\/wp\/v2\/types\/page"}],"author":[{"embeddable":true,"href":"https:\/\/eritreischer-medienbund.ch\/wordpress\/wp-json\/wp\/v2\/users\/11"}],"replies":[{"embeddable":true,"href":"https:\/\/eritreischer-medienbund.ch\/wordpress\/wp-json\/wp\/v2\/comments?post=164"}],"version-history":[{"count":52,"href":"https:\/\/eritreischer-medienbund.ch\/wordpress\/wp-json\/wp\/v2\/pages\/164\/revisions"}],"predecessor-version":[{"id":3764,"href":"https:\/\/eritreischer-medienbund.ch\/wordpress\/wp-json\/wp\/v2\/pages\/164\/revisions\/3764"}],"wp:attachment":[{"href":"https:\/\/eritreischer-medienbund.ch\/wordpress\/wp-json\/wp\/v2\/media?parent=164"}],"curies":[{"name":"wp","href":"https:\/\/api.w.org\/{rel}","templated":true}]}}