{"id":1060,"date":"2016-12-09T00:38:54","date_gmt":"2016-12-09T00:38:54","guid":{"rendered":"http:\/\/eritreischer-medienbund.ch\/?page_id=1060"},"modified":"2020-05-05T22:11:55","modified_gmt":"2020-05-05T22:11:55","slug":"literatur","status":"publish","type":"page","link":"https:\/\/eritreischer-medienbund.ch\/wordpress\/literatur\/","title":{"rendered":"Hintergrundberichte"},"content":{"rendered":"<p>Alle Grundlagentexte im \u00dcberblick:<\/p>\n<h2><a href=\"https:\/\/eritreischer-medienbund.ch\/wordpress\/schweizer-ausbildungsprojekt-in-eritrea-hat-es-die-erwuenschte-wirkung-interview-mit-david-signer\/\">Schweizer Ausbildungsprojekt in Eritrea: Hat es die erw\u00fcnschte Wirkung? Interview mit David Signer<\/a><\/h2>\n<hr \/>\n<h2><\/h2>\n<h2><a href=\"http:\/\/eritreischer-medienbund.ch\/literatur\/politisches-system-und-menschenrechtslage\">Politisches System und Menschenrechtslage<\/a><\/h2>\n<hr \/>\n<h2><a href=\"http:\/\/eritreischer-medienbund.ch\/literatur\/es-kommen-nur-maenner-zur-situation-der-eritreischen-frauen\" target=\"_blank\" rel=\"noopener noreferrer\">Es kommen nur M\u00e4nner \u2013 Zur Situation der eritreischen Frauen<\/a><\/h2>\n<hr \/>\n<h2><a href=\"http:\/\/eritreischer-medienbund.ch\/eritrea\/interview-mit-dem-anwalt-und-menschenrechtsaktivisten-dr-daniel-mekonnen\" target=\"_blank\" rel=\"noopener noreferrer\">Interview mit dem Anwalt und Menschenrechtsaktivisten Dr. Daniel Mekonnen<\/a><\/h2>\n<hr \/>\n<h2><a href=\"http:\/\/eritreischer-medienbund.ch\/eritrea\/die-aktuellen-verschaerfungen-im-verhaeltnis-zu-den-feststellungen-in-den-asylentscheiden\" target=\"_blank\" rel=\"noopener noreferrer\">Die aktuellen Versch\u00e4rfungen im Verh\u00e4ltnis zu den Feststellungen in den Asylentscheiden<\/a><\/h2>\n<hr \/>\n<h2><a href=\"http:\/\/eritreischer-medienbund.ch\/eritrea\/der-eritreische-nationaldienst-staatliche-sklaverei\" target=\"_blank\" rel=\"noopener noreferrer\">Der eritreische Nationaldienst \u2013 staatliche Sklaverei<\/a><\/h2>\n<hr \/>\n<h2><a href=\"http:\/\/eritreischer-medienbund.ch\/eritrea\/das-argument-der-wirtschaftsfluechtlinge-im-verhaeltnis-zum-nationaldienst\" target=\"_blank\" rel=\"noopener noreferrer\">Das Argument der \u00abWirtschaftsfl\u00fcchtlinge\u00bb im Verh\u00e4ltnis zum Nationaldienst<\/a><\/h2>\n","protected":false},"excerpt":{"rendered":"<p>Alle Grundlagentexte im \u00dcberblick: Schweizer Ausbildungsprojekt in Eritrea: Hat es die erw\u00fcnschte Wirkung? Interview mit David Signer Politisches System und Menschenrechtslage Es kommen nur M\u00e4nner \u2013 Zur Situation der eritreischen Frauen Interview mit dem Anwalt und Menschenrechtsaktivisten Dr. Daniel Mekonnen Die aktuellen Versch\u00e4rfungen im Verh\u00e4ltnis zu den Feststellungen in den Asylentscheiden Der eritreische Nationaldienst \u2013 [&hellip;]<\/p>\n","protected":false},"author":11,"featured_media":0,"parent":0,"menu_order":0,"comment_status":"closed","ping_status":"closed","template":"","meta":{"footnotes":""},"class_list":["post-1060","page","type-page","status-publish","hentry"],"jetpack_sharing_enabled":true,"_links":{"self":[{"href":"https:\/\/eritreischer-medienbund.ch\/wordpress\/wp-json\/wp\/v2\/pages\/1060","targetHints":{"allow":["GET"]}}],"collection":[{"href":"https:\/\/eritreischer-medienbund.ch\/wordpress\/wp-json\/wp\/v2\/pages"}],"about":[{"href":"https:\/\/eritreischer-medienbund.ch\/wordpress\/wp-json\/wp\/v2\/types\/page"}],"author":[{"embeddable":true,"href":"https:\/\/eritreischer-medienbund.ch\/wordpress\/wp-json\/wp\/v2\/users\/11"}],"replies":[{"embeddable":true,"href":"https:\/\/eritreischer-medienbund.ch\/wordpress\/wp-json\/wp\/v2\/comments?post=1060"}],"version-history":[{"count":7,"href":"https:\/\/eritreischer-medienbund.ch\/wordpress\/wp-json\/wp\/v2\/pages\/1060\/revisions"}],"predecessor-version":[{"id":2941,"href":"https:\/\/eritreischer-medienbund.ch\/wordpress\/wp-json\/wp\/v2\/pages\/1060\/revisions\/2941"}],"wp:attachment":[{"href":"https:\/\/eritreischer-medienbund.ch\/wordpress\/wp-json\/wp\/v2\/media?parent=1060"}],"curies":[{"name":"wp","href":"https:\/\/api.w.org\/{rel}","templated":true}]}}