{"id":103,"date":"2016-08-28T10:36:18","date_gmt":"2016-08-28T10:36:18","guid":{"rendered":"http:\/\/eritreischer-medienbund.ch\/?page_id=103"},"modified":"2016-11-29T23:15:53","modified_gmt":"2016-11-29T23:15:53","slug":"organisation","status":"publish","type":"page","link":"https:\/\/eritreischer-medienbund.ch\/wordpress\/blackbox-eritrea\/organisation\/","title":{"rendered":"Organisation"},"content":{"rendered":"<p>Sei es auf ideeller, praktischer oder theoretischer Ebene: Unsere Veranstaltung \u00abBlackbox Eritrea?\u00bb wird von verschiedenen Organisationen \/ Vereinen mitgetragen:<br \/>\n<\/p>\n<h3><strong>Connact<\/strong><\/h3>\n<p>Der Verein Connact hat sich zum Ziel gesetzt, durch <a href=\"http:\/\/www.connact.ch\/index.php\/de\/projects\/doors\" target=\"_blank\">Projekte<\/a> in den Bereichen Kunst, Kultur, Bildung und Kommunikation den Frieden, interkulturelle Kommunikation und Verst\u00e4ndigung sowie eine nachhaltige Entwicklung zu f\u00f6rdern. Kunst und Kultur dienen dabei als Tr\u00e4ger, um K\u00fcnstler*innen und Menschen aus konfliktgepr\u00e4gten Regionen eine Stimme zu geben. Impulse setzen, inspirieren, verkn\u00fcpfen und gemeinsam einen Beitrag leisten zur Friedensbildung, zur Unterst\u00fctzung von Menschenrechten und zur F\u00f6rderung des gegenseitigen Respekts \u2013 die Mission von Connact. Gegr\u00fcndet wurde der Verein im Jahr 2008 von einer Gruppe engagierter Leute, die sich in der Kunst und\/oder im Friedensbildungsprozess einsetzen.<\/p>\n<p><a href=\"http:\/\/www.connact.ch\/index.php\/de\/\">www.connact.ch<\/a><br \/>\nFacebook: <a href=\"https:\/\/www.facebook.com\/connactconnects\/?fref=ts\">Connact<\/a><br \/>\n<\/p>\n<h3><strong>Nihhina<\/strong><\/h3>\n<p>Nihhina beteiligt sich an der Schaffung einer Plattform, um transkulturelle und generations\u00fcbergreifende Verbindungen zwischen Menschen zu erm\u00f6glichen. Um solche Verbindungen entstehen und weiterentwickeln zu lassen, braucht es die M\u00f6glichkeit zur Entwicklung von Freundschaften \u2212 gleichberechtigte und vertrauensvolle Beziehungen. Mit <a href=\"http:\/\/nihhina.ch\/soziale-projekte\/\" target=\"_blank\">Sozial- und Kulturprojekten<\/a> erm\u00f6glicht Nihhina einen Weg f\u00fcr K\u00fcnstler*innen sich auszudr\u00fccken, f\u00fcr die Entwicklung von neuen Ideen und f\u00fcr einen gemeinsamen Austausch und Aufbau von Beziehungen. Das Ziel des Vereins ist es, Freundschaften entstehen zu lassen, denn diese verm\u00f6gen gesellschaftliche Teilhabe, die Kultur, die Gesundheit, die Natur und die Welt zu beeinflussen.<\/p>\n<p><a href=\"http:\/\/nihhina.ch\">www.nihhina.ch<\/a><br \/>\n<\/p>\n<h3><strong>Rote Fabrik<\/strong><\/h3>\n<p>Die Rote Fabrik ist seit 1987 ein Kultur- und Begegnungszentrum, welches Schweizer und internationalen K\u00fcnstler*innen die T\u00fcren \u00f6ffnet und wo j\u00e4hrlich zahlreiche Konzerte, Partys und Festivals stattfinden. Mit dem <a href=\"http:\/\/www.rotefabrik.ch\/de\/konzept\/\" target=\"_blank\">Konzeptb\u00fcro<\/a> bietet die Rote Fabrik eine Plattform, Themen zu diskutieren, analysieren und reflektieren und die M\u00f6glichkeit politischen, kulturellen und gesellschaftlichen Ph\u00e4nomenen auf den Grund zu gehen. Podiumsdiskussion, Vortr\u00e4ge, Kunstinterventionen, Theatervorstellungen, Filmvorf\u00fchrungen oder Konzerte sind verschiedene M\u00f6glichkeiten, um Themen mit dem Publikum zu teilen. Das Kulturzentrum der Roten Fabrik (<a href=\"http:\/\/www.rotefabrik.ch\/de\/igrotefabrik\/\" target=\"_blank\">IG Rote Fabrik<\/a>) ist eine Plattform f\u00fcr neue Str\u00f6mungen und kulturelles Schaffen, wo Benefiz- und Solidarit\u00e4tsveranstaltungen stattfinden und Kulturinteressierte ein abwechslungsreiches Programm geniessen k\u00f6nnen. Die Rote Fabrik sieht auf eine erfolgreiche Geschichte des Kulturschaffens und Begegnens zur\u00fcck und schreibt diese Geschichte mit ihrem abwechslungsreichen Programm fort.<\/p>\n<p><a href=\"http:\/\/www.rotefabrik.ch\/de\/home\/\">www.rotefabrik.ch<\/a><br \/>\n<\/p>\n<h3><strong>Give a hand<\/strong><\/h3>\n<p>Give a hand ist ein Verein, welcher sich am Slogan \u201eour diversity is our strength\u201c (in unserer Verschiedenheit liegt unsere St\u00e4rke) orientiert. Durch ihre Dienstleistungen bringen sie Menschen unterschiedlicher Herkunft zusammen und animieren sie zur gegenseitigen Selbsthilfe. Deshalb bietet der Verein Migrant*innen und Gefl\u00fcchteten Unterst\u00fctzung f\u00fcr die Alltagsbew\u00e4ltigung an, tr\u00e4gt zur Integrationsarbeit bei, baut Br\u00fccken zwischen Einheimischen und Migrant*innen, um sprachliche und soziokulturelle Missverst\u00e4ndnisse abzubauen und kl\u00e4rt Missverst\u00e4ndnisse auf. Ihre Mittel sind die Beratung, Begleitung, interkulturelle \u00dcbersetzung, Information und Abkl\u00e4rung von Sachverhalten mit Beh\u00f6rden. Give a hand bedeutet: jemandem einen (kleinen) Dienst erweisen und sich gegenseitig behilflich sein.<\/p>\n<p><a href=\"http:\/\/www.giveahand.ch\" target=\"_blank\">www.giveahand.ch<\/a><br \/>\n<br \/>\n<a href=\"http:\/\/eritreischer-medienbund.ch\/ueber-uns\/\">\u00dcber uns<\/a><\/p>\n","protected":false},"excerpt":{"rendered":"<p>Sei es auf ideeller, praktischer oder theoretischer Ebene: Unsere Veranstaltung \u00abBlackbox Eritrea?\u00bb wird von verschiedenen Organisationen \/ Vereinen mitgetragen: Connact Der Verein Connact hat sich zum Ziel gesetzt, durch Projekte in den Bereichen Kunst, Kultur, Bildung und Kommunikation den Frieden, interkulturelle Kommunikation und Verst\u00e4ndigung sowie eine nachhaltige Entwicklung zu f\u00f6rdern. Kunst und Kultur dienen dabei [&hellip;]<\/p>\n","protected":false},"author":11,"featured_media":0,"parent":28,"menu_order":0,"comment_status":"closed","ping_status":"closed","template":"","meta":{"footnotes":""},"class_list":["post-103","page","type-page","status-publish","hentry"],"jetpack_sharing_enabled":true,"_links":{"self":[{"href":"https:\/\/eritreischer-medienbund.ch\/wordpress\/wp-json\/wp\/v2\/pages\/103","targetHints":{"allow":["GET"]}}],"collection":[{"href":"https:\/\/eritreischer-medienbund.ch\/wordpress\/wp-json\/wp\/v2\/pages"}],"about":[{"href":"https:\/\/eritreischer-medienbund.ch\/wordpress\/wp-json\/wp\/v2\/types\/page"}],"author":[{"embeddable":true,"href":"https:\/\/eritreischer-medienbund.ch\/wordpress\/wp-json\/wp\/v2\/users\/11"}],"replies":[{"embeddable":true,"href":"https:\/\/eritreischer-medienbund.ch\/wordpress\/wp-json\/wp\/v2\/comments?post=103"}],"version-history":[{"count":13,"href":"https:\/\/eritreischer-medienbund.ch\/wordpress\/wp-json\/wp\/v2\/pages\/103\/revisions"}],"predecessor-version":[{"id":972,"href":"https:\/\/eritreischer-medienbund.ch\/wordpress\/wp-json\/wp\/v2\/pages\/103\/revisions\/972"}],"up":[{"embeddable":true,"href":"https:\/\/eritreischer-medienbund.ch\/wordpress\/wp-json\/wp\/v2\/pages\/28"}],"wp:attachment":[{"href":"https:\/\/eritreischer-medienbund.ch\/wordpress\/wp-json\/wp\/v2\/media?parent=103"}],"curies":[{"name":"wp","href":"https:\/\/api.w.org\/{rel}","templated":true}]}}